{"id":21129,"date":"2023-09-12T12:13:10","date_gmt":"2023-09-12T10:13:10","guid":{"rendered":"https:\/\/e-adams.pl\/produkt\/rubi-koronka-easy-gres-43mm\/"},"modified":"2024-02-15T11:49:36","modified_gmt":"2024-02-15T10:49:36","slug":"koronka-rubi-easy-gres-43mm","status":"publish","type":"product","link":"https:\/\/e-adams.pl\/de\/produkt\/koronka-rubi-easy-gres-43mm\/","title":{"rendered":"Koronka RUBI EASY GRES &#8211; 43mm"},"content":{"rendered":"<h2><strong>Opis<\/strong><\/h2>\n<p>Wiert\u0142o diamentowe <a href=\"https:\/\/e-adams.pl\/oferta\/rubi\/\">EASY GRES<\/a> jest powlekane elektrolitycznie i przeznaczone do pracy z wiertark\u0105 elektryczn\u0105 bez udaru.<\/p>\n<p><span class=\"read-more-text-visible\">Zalecane do pracy z r\u00f3\u017cnorodnymi rodzajem p\u0142ytek ceramicznych jak i innych materia\u0142\u00f3w, takich jak marmur lub granit.<\/span><\/p>\n<p>Wysoka jako\u015b\u0107 dzi\u0119ki zastosowaniu diamentu pozwala na wiercenie otwor\u00f3w w gresie, gresie porcelanowym, granicie, marmurze i szkle.<br \/>\n<span class=\"read-more-text-hidden\"><br \/>\nKoronki o \u015brednicy 20-120 mm pozwalaj\u0105 na profesjonalne przygotowanie otwor\u00f3w pod instalacje wodne, odp\u0142ywy, puszki elektryczne itd.<\/span><\/p>\n<p>Przeci\u0119tna trwa\u0142o\u015b\u0107 wierte\u0142 r\u00f3\u017cni si\u0119 zale\u017cnie od \u015brednicy. Dla koronek 20-120 mm 25 otwor\u00f3w. \u015arednia trwa\u0142o\u015b\u0107 wierte\u0142 ZAWSZE zale\u017cy od typu materia\u0142u i jego grubo\u015bci, oraz odpowiedniego ch\u0142odzenia i u\u017cytkowania.<\/p>\n<p>Boczny otw\u00f3r pozwala na lepsze ch\u0142odzenie i usuwanie pozosta\u0142o\u015bci po wywierceniu ka\u017cdego otworu. Nale\u017cy pami\u0119ta\u0107 o ka\u017cdorazowym oczyszczeniu i sprawdzeniu wiert\u0142a przez rozpocz\u0119ciem wiercenia.<\/p>\n<p>Zalecana szybko\u015b\u0107 robocza wiert\u0142a wynosi od 400 do 1000 obr\/min. w zale\u017cno\u015bci od rodzaju wierconego materia\u0142u.<\/p>\n<p>Dla zapewnienia dobrego wyko\u0144czenia otworu oraz trwa\u0142o\u015bci wiert\u0142a nie nale\u017cy przekracza\u0107 podanych wielko\u015bci obrotowych, ani nie wywiera\u0107 nadmiernego nacisku na wiert\u0142o podczas pracy.<\/p>\n","protected":false},"excerpt":{"rendered":"<p><span class=\"read-more-text-visible\">Wiert\u0142a diamentowe s\u0105 powlekane elektrolitycznie i przeznaczone do pracy z wiertark\u0105 elektryczn\u0105 bez udaru. Jako\u015b\u0107 diamentu pozwala na wiercenie otwor\u00f3w w gresie, gresie porcelanowym, granicie, marmurze i szkle.<\/span><\/p>\n","protected":false},"featured_media":21483,"comment_status":"open","ping_status":"closed","template":"","meta":{"_acf_changed":false,"inline_featured_image":false},"product_cat":[1910],"product_tag":[1848,1847],"class_list":{"0":"post-21129","1":"product","2":"type-product","3":"status-publish","4":"has-post-thumbnail","6":"product_cat-wiertla","7":"product_tag-easy-gres","8":"product_tag-jakosc-diamentu","10":"first","11":"instock","12":"shipping-taxable","13":"purchasable","14":"product-type-simple"},"acf":[],"_links":{"self":[{"href":"https:\/\/e-adams.pl\/de\/wp-json\/wp\/v2\/product\/21129","targetHints":{"allow":["GET"]}}],"collection":[{"href":"https:\/\/e-adams.pl\/de\/wp-json\/wp\/v2\/product"}],"about":[{"href":"https:\/\/e-adams.pl\/de\/wp-json\/wp\/v2\/types\/product"}],"replies":[{"embeddable":true,"href":"https:\/\/e-adams.pl\/de\/wp-json\/wp\/v2\/comments?post=21129"}],"wp:featuredmedia":[{"embeddable":true,"href":"https:\/\/e-adams.pl\/de\/wp-json\/wp\/v2\/media\/21483"}],"wp:attachment":[{"href":"https:\/\/e-adams.pl\/de\/wp-json\/wp\/v2\/media?parent=21129"}],"wp:term":[{"taxonomy":"product_cat","embeddable":true,"href":"https:\/\/e-adams.pl\/de\/wp-json\/wp\/v2\/product_cat?post=21129"},{"taxonomy":"product_tag","embeddable":true,"href":"https:\/\/e-adams.pl\/de\/wp-json\/wp\/v2\/product_tag?post=21129"}],"curies":[{"name":"wp","href":"https:\/\/api.w.org\/{rel}","templated":true}]}}