{"id":21134,"date":"2023-09-12T12:13:13","date_gmt":"2023-09-12T10:13:13","guid":{"rendered":"https:\/\/e-adams.pl\/produkt\/rubi-kosz-plastikowy-niebieski-nr-3-40l\/"},"modified":"2024-05-10T11:02:40","modified_gmt":"2024-05-10T09:02:40","slug":"kosz-plastikowy-rubi-flextub-nr-3-40l-niebieski","status":"publish","type":"product","link":"https:\/\/e-adams.pl\/de\/produkt\/kosz-plastikowy-rubi-flextub-nr-3-40l-niebieski\/","title":{"rendered":"Kosz plastikowy RUBI FLEXTUB nr 3 40L niebieski"},"content":{"rendered":"<h3>OPIS:<\/h3>\n<p><span class=\"read-more-text-visible\">Plastikowe kosze RUBI FLEXTUB nr 3 wykonane s\u0105 ze specjalnego tworzywa, bardzo elastycznego i wytrzyma\u0142ego, co sprawa, \u017ce ca\u0142a gama koszy<a href=\"https:\/\/e-adams.pl\/oferta\/rubi\/\"> FLEXTUB<\/a> jest niesamowicie wszechstronna i sprawdzi si\u0119 zar\u00f3wno w bran\u017cy budowlanej jak i w innych sektorach.<\/span><\/p>\n<p>Poza elastyczno\u015bci\u0105 i wyj\u0105tkow\u0105 odporno\u015bci\u0105, kosze charakteryzuj\u0105 si\u0119 bardzo nisk\u0105 wag\u0105 &#8211; tylko 1,3 kg.<br \/>\n<span class=\"read-more-text-hidden\"><br \/>\nIch kszta\u0142t, bardzo grube \u015bciany oraz wzmocnione uchwyty, sprawiaj\u0105, \u017ce u\u017cytkownik mo\u017ce przenosi\u0107 kosze jedn\u0105 r\u0119k\u0105, bez ryzyka uszkodzenia lub zu\u017cycia materia\u0142u.<\/span><\/p>\n<p>Pojemno\u015b\u0107 40 litr\u00f3w sprawia, \u017ce kosze Rubi nr 3 s\u0105 doskona\u0142e do zbierania i przenoszenia gruzu, ale te\u017c do mieszania zapraw i klej\u00f3w przy u\u017cyciu mieszarek elektrycznych.<\/p>\n<p>Kosze Rubi dost\u0119pne s\u0105 w 12 r\u00f3\u017cnych kolorach: czarny, kremowy, czerwony, \u017c\u00f3\u0142ty, niebieski, zielony, fioletowy, r\u00f3\u017cowy, pistacjowy, pomara\u0144czowy, b\u0142\u0119kitny i malwa.<\/p>\n<p>Daje to mn\u00f3stwo mo\u017cliwo\u015bci doboru i personalizacji sprz\u0119tu ka\u017cdemu u\u017cytkownikowi.<\/p>\n<p>RUBI gwarantuje, \u017ce plastikowe kosze s\u0105 wolne od substancji stanowi\u0105cych du\u017ce zagro\u017cenie (SVHC).<\/p>\n<p>&nbsp;<\/p>\n<p>Kosze mo\u017cna umieszcza\u0107 jeden w drugim, co u\u0142atwia ich przechowywanie i transport.<\/p>\n","protected":false},"excerpt":{"rendered":"<p><span class=\"read-more-text-hidden\">Kosze Rubi FLEXTUB nr 3 s\u0105 doskona\u0142e do zbierania i przenoszenia gruzu, ale te\u017c do mieszania zapraw i klej\u00f3w przy u\u017cyciu mieszarek elektrycznych.<\/span><\/p>\n","protected":false},"featured_media":21673,"comment_status":"open","ping_status":"closed","template":"","meta":{"_acf_changed":false,"inline_featured_image":false},"product_cat":[196],"product_tag":[1918,1917,1919],"class_list":{"0":"post-21134","1":"product","2":"type-product","3":"status-publish","4":"has-post-thumbnail","6":"product_cat-narzedzia-reczne","7":"product_tag-kosze","8":"product_tag-rubi-flextub","9":"product_tag-transport-i-magazynowanie","11":"first","12":"outofstock","13":"shipping-taxable","14":"purchasable","15":"product-type-simple"},"acf":[],"_links":{"self":[{"href":"https:\/\/e-adams.pl\/de\/wp-json\/wp\/v2\/product\/21134","targetHints":{"allow":["GET"]}}],"collection":[{"href":"https:\/\/e-adams.pl\/de\/wp-json\/wp\/v2\/product"}],"about":[{"href":"https:\/\/e-adams.pl\/de\/wp-json\/wp\/v2\/types\/product"}],"replies":[{"embeddable":true,"href":"https:\/\/e-adams.pl\/de\/wp-json\/wp\/v2\/comments?post=21134"}],"wp:featuredmedia":[{"embeddable":true,"href":"https:\/\/e-adams.pl\/de\/wp-json\/wp\/v2\/media\/21673"}],"wp:attachment":[{"href":"https:\/\/e-adams.pl\/de\/wp-json\/wp\/v2\/media?parent=21134"}],"wp:term":[{"taxonomy":"product_cat","embeddable":true,"href":"https:\/\/e-adams.pl\/de\/wp-json\/wp\/v2\/product_cat?post=21134"},{"taxonomy":"product_tag","embeddable":true,"href":"https:\/\/e-adams.pl\/de\/wp-json\/wp\/v2\/product_tag?post=21134"}],"curies":[{"name":"wp","href":"https:\/\/api.w.org\/{rel}","templated":true}]}}