{"id":21141,"date":"2023-09-12T12:13:18","date_gmt":"2023-09-12T10:13:18","guid":{"rendered":"https:\/\/e-adams.pl\/produkt\/rubi-krzyzyki-do-spoin-30mm-l-200szt\/"},"modified":"2024-07-15T11:31:32","modified_gmt":"2024-07-15T09:31:32","slug":"krzyzyki-dystansowe-rubi-3mm-l-200szt","status":"publish","type":"product","link":"https:\/\/e-adams.pl\/de\/produkt\/krzyzyki-dystansowe-rubi-3mm-l-200szt\/","title":{"rendered":"Krzy\u017cyki dystansowe RUBI 3mm L 200szt"},"content":{"rendered":"<h3>OPIS:<\/h3>\n<p><span class=\"read-more-text-visible\">Krzy\u017cyki dystansowe <a href=\"https:\/\/e-adams.pl\/oferta\/rubi\">RUBI<\/a> s\u0105 bez w\u0105tpienia absolutnie niezb\u0119dne do osi\u0105gni\u0119cia wysokiej jako\u015bci wyko\u0144czenia we wszelkich pracach przy uk\u0142adaniu p\u0142ytek ceramicznych.<\/span><\/p>\n<p>RUBI produkuje krzy\u017cyki dystansowe z wysokiej jako\u015bci materia\u0142u, dlatego te\u017c nie posiadaj\u0105 \u017cadnych niedoskona\u0142o\u015bci czy zadzior\u00f3w.<br \/>\n<span class=\"center-block center-align\"><br \/>\n<\/span><span class=\"read-more-text-hidden\"><br \/>\nKrzy\u017cyki dystansowe 1, 1.5, 2 i 3 mm s\u0105 przeznaczone do uk\u0142adania p\u0142ytek \u015bciennych i pod\u0142ogowych wymagaj\u0105cych minimalnej fugi. Solidna budowa krzy\u017cyk\u00f3w 1, 1.5, 2 i 3 mm zapewnia ich du\u017c\u0105 odporno\u015b\u0107 na zginanie i zgniatanie. Dzi\u0119ki tym w\u0142a\u015bciwo\u015bciom krzy\u017cyki 1, 1.5, 2 i 3 mm doskonale nadaj\u0105 si\u0119 do p\u0142ytek \u015bciennych du\u017cych format\u00f3w.<\/span><\/p>\n<p>Wersja L (d\u0142uga) krzy\u017cyk\u00f3w 2 i 3 mm doskonale nadaje si\u0119 zar\u00f3wno do p\u0142ytek \u015bciennych, jak i pod\u0142ogowych o du\u017cych formatach b\u0105d\u017a rektyfikowanych, uk\u0142adanych z w\u0105sk\u0105 fug\u0105.<\/p>\n<p>Kszta\u0142t profilu krzy\u017cyk\u00f3w 3 mm d\u0142ugich i 4 mm zosta\u0142 zaprojektowany z my\u015bl\u0105 o zwi\u0119kszeniu ich odporno\u015bci na zginanie i zgniatanie. Dzi\u0119ki tym w\u0142a\u015bciwo\u015bciom krzy\u017cyki 3 mm d\u0142ugie nadaj\u0105 si\u0119 szczeg\u00f3lnie do ok\u0142adzin \u015bciennych z p\u0142ytek ceramicznych du\u017cych format\u00f3w.<\/p>\n<p>Profil krzy\u017cyk\u00f3w od 5 do 12 mm jest pusty w \u015brodku i posiada poprzeczne wzmocnienia, zwi\u0119kszaj\u0105ce ich wytrzyma\u0142o\u015b\u0107 na napr\u0119\u017cenia i odporno\u015b\u0107 na zgniecenia. Ta otwarta struktura umo\u017cliwia wej\u015bcie zaprawy spoinuj\u0105cej, i je\u015bli pozwala na to spos\u00f3b uk\u0142adania p\u0142ytek, pozostawienie\u00a0 krzy\u017cyka wewn\u0105trz fugi, bez szkody dla jej integralno\u015bci w przysz\u0142o\u015bci.<\/p>\n<p>Krzy\u017cyki RUBI 5 mm wzmocnione to krzy\u017cyki o najwi\u0119kszej sztywno\u015bci, przeznaczone przede wszystkim do ok\u0142adzin pod\u0142ogowych z p\u0142ytek du\u017cych format\u00f3w. Sp\u00f3d krzy\u017cyk\u00f3w 5 mm wzmocnionych jest zaprojektowany w spos\u00f3b u\u0142atwiaj\u0105cy osadzenie go w zaprawie, i je\u015bli rodzaj instalacji na to pozwala, pozostawienie go w fudze na sta\u0142e bez szkody dla jej integralno\u015bci w przysz\u0142o\u015bci.<\/p>\n<p>Profesjonalni p\u0142ytkarze \u015bwiadomi s\u0105 znaczenia, jakie ma dla ich pracy stosowanie krzy\u017cyk\u00f3w dystansowych wysokiej jako\u015bci, poniewa\u017c istnieje powa\u017cne ryzyko pogorszenia ko\u0144cowego efekt wykonanej powierzchni z powodu drobnych niedoci\u0105gni\u0119\u0107 i nier\u00f3wno\u015bci.<\/p>\n<p>Krzy\u017cyki marki RUBI wyr\u00f3\u017cniaj\u0105 si\u0119 pod wzgl\u0119dem powtarzalno\u015bci partii, dok\u0142adno\u015bci wymiarowej oraz brakiem zadzior\u00f3w i jakichkolwiek skaz produkcyjnych.\u00a0 Dzi\u0119ki tym szczeg\u00f3lnym w\u0142a\u015bciwo\u015bciom marka RUBI cieszy si\u0119 zaufaniem p\u0142ytkarzy, kt\u00f3rzy za pomoc\u0105 jej krzy\u017cyk\u00f3w, tetek i klin\u00f3w s\u0105 w stanie osi\u0105gn\u0105\u0107 perfekcyjne wyko\u0144czenie z najwy\u017csz\u0105 dok\u0142adno\u015bci\u0105.<\/p>\n<h3>DANE TECHNICZNE:<\/h3>\n<ul>\n<li><b>Ref. &#8211;<\/b>\u00a0<span class=\"mpn\">2953<\/span><\/li>\n<li><b>EAN-13 &#8211;<\/b>\u00a0<span class=\"ean\">8413797029536<\/span><\/li>\n<li><b>Ilo\u015b\u0107 sztuk w pude\u0142ku &#8211;<\/b>\u00a010<\/li>\n<\/ul>\n","protected":false},"excerpt":{"rendered":"<p><span class=\"read-more-text-visible\">Krzy\u017cyki dystansowe RUBI s\u0105 bez w\u0105tpienia absolutnie niezb\u0119dne do osi\u0105gni\u0119cia wysokiej jako\u015bci wyko\u0144czenia we wszelkich pracach przy uk\u0142adaniu p\u0142ytek ceramicznych. RUBI produkuje krzy\u017cyki dystansowe z wysokiej jako\u015bci materia\u0142u, dlatego te\u017c nie posiadaj\u0105 \u017cadnych niedoskona\u0142o\u015bci czy zadzior\u00f3w.<\/span><\/p>\n","protected":false},"featured_media":22301,"comment_status":"open","ping_status":"closed","template":"","meta":{"_acf_changed":false,"inline_featured_image":false},"product_cat":[2288],"product_tag":[2176,1878],"class_list":{"0":"post-21141","1":"product","2":"type-product","3":"status-publish","4":"has-post-thumbnail","6":"product_cat-krzyzyki","7":"product_tag-krzyzyki-dystansowe","8":"product_tag-rubi","10":"first","11":"outofstock","12":"shipping-taxable","13":"purchasable","14":"product-type-simple"},"acf":[],"_links":{"self":[{"href":"https:\/\/e-adams.pl\/de\/wp-json\/wp\/v2\/product\/21141","targetHints":{"allow":["GET"]}}],"collection":[{"href":"https:\/\/e-adams.pl\/de\/wp-json\/wp\/v2\/product"}],"about":[{"href":"https:\/\/e-adams.pl\/de\/wp-json\/wp\/v2\/types\/product"}],"replies":[{"embeddable":true,"href":"https:\/\/e-adams.pl\/de\/wp-json\/wp\/v2\/comments?post=21141"}],"wp:featuredmedia":[{"embeddable":true,"href":"https:\/\/e-adams.pl\/de\/wp-json\/wp\/v2\/media\/22301"}],"wp:attachment":[{"href":"https:\/\/e-adams.pl\/de\/wp-json\/wp\/v2\/media?parent=21141"}],"wp:term":[{"taxonomy":"product_cat","embeddable":true,"href":"https:\/\/e-adams.pl\/de\/wp-json\/wp\/v2\/product_cat?post=21141"},{"taxonomy":"product_tag","embeddable":true,"href":"https:\/\/e-adams.pl\/de\/wp-json\/wp\/v2\/product_tag?post=21141"}],"curies":[{"name":"wp","href":"https:\/\/api.w.org\/{rel}","templated":true}]}}