{"id":21152,"date":"2023-09-12T12:13:27","date_gmt":"2023-09-12T10:13:27","guid":{"rendered":"https:\/\/e-adams.pl\/produkt\/rubi-mlotek-gumowy-czarny-750g-miekki\/"},"modified":"2024-02-15T11:49:44","modified_gmt":"2024-02-15T10:49:44","slug":"mlotek-gumowy-czarny-rubi-750g-miekki","status":"publish","type":"product","link":"https:\/\/e-adams.pl\/de\/produkt\/mlotek-gumowy-czarny-rubi-750g-miekki\/","title":{"rendered":"M\u0142otek gumowy czarny RUBI &#8211; 750G mi\u0119kki"},"content":{"rendered":"<h3>OPIS:<\/h3>\n<p>M\u0142otek gumowy <a href=\"https:\/\/e-adams.pl\/oferta\/rubi\/\">RUBI<\/a> jest u\u017cywany przede wszystkim dla uzyskania w\u0142a\u015bciwego osadzenia i po\u0142o\u017cenia p\u0142ytek w trakcie ich uk\u0142adania jednak jego zastosowa\u0144 jest o wiele wi\u0119cej i przyda zar\u00f3wno podczas fachowych jak i amatorskich prac.<\/p>\n<p>W rodzinie narz\u0119dzi i akcesori\u00f3w dla glazurnik\u00f3w, fachowcy znajd\u0105 gumowe m\u0142otki z obuchem p\u0142askim.<\/p>\n<p>Gumowy m\u0142otek z p\u0142askimi obuchami zosta\u0142 zaprojektowany tak, aby maksymalnie redukowa\u0107 wibracje powstaj\u0105ce podczas uderzania i nie przenosi\u0107 ich na u\u017cytkownika.<\/p>\n","protected":false},"excerpt":{"rendered":"<p>Gumowy m\u0142otek z p\u0142askim obuchem zosta\u0142 zaprojektowany tak, aby maksymalnie redukowa\u0107 wibracje powstaj\u0105ce podczas uderzania i nie przenosi\u0107 ich na u\u017cytkownika. Jest u\u017cywany przede wszystkim dla uzyskania w\u0142a\u015bciwego osadzenia i po\u0142o\u017cenia p\u0142ytek w trakcie ich uk\u0142adania.<\/p>\n","protected":false},"featured_media":21550,"comment_status":"open","ping_status":"closed","template":"","meta":{"_acf_changed":false,"inline_featured_image":false},"product_cat":[196],"product_tag":[1879,1881,1878],"class_list":{"0":"post-21152","1":"product","2":"type-product","3":"status-publish","4":"has-post-thumbnail","6":"product_cat-narzedzia-reczne","7":"product_tag-akcesoriow-dla-glazurnikow","8":"product_tag-mlotek-gumowy-rubi","9":"product_tag-rubi","11":"first","12":"instock","13":"shipping-taxable","14":"purchasable","15":"product-type-simple"},"acf":[],"_links":{"self":[{"href":"https:\/\/e-adams.pl\/de\/wp-json\/wp\/v2\/product\/21152","targetHints":{"allow":["GET"]}}],"collection":[{"href":"https:\/\/e-adams.pl\/de\/wp-json\/wp\/v2\/product"}],"about":[{"href":"https:\/\/e-adams.pl\/de\/wp-json\/wp\/v2\/types\/product"}],"replies":[{"embeddable":true,"href":"https:\/\/e-adams.pl\/de\/wp-json\/wp\/v2\/comments?post=21152"}],"wp:featuredmedia":[{"embeddable":true,"href":"https:\/\/e-adams.pl\/de\/wp-json\/wp\/v2\/media\/21550"}],"wp:attachment":[{"href":"https:\/\/e-adams.pl\/de\/wp-json\/wp\/v2\/media?parent=21152"}],"wp:term":[{"taxonomy":"product_cat","embeddable":true,"href":"https:\/\/e-adams.pl\/de\/wp-json\/wp\/v2\/product_cat?post=21152"},{"taxonomy":"product_tag","embeddable":true,"href":"https:\/\/e-adams.pl\/de\/wp-json\/wp\/v2\/product_tag?post=21152"}],"curies":[{"name":"wp","href":"https:\/\/api.w.org\/{rel}","templated":true}]}}