{"id":21155,"date":"2023-09-12T12:13:30","date_gmt":"2023-09-12T10:13:30","guid":{"rendered":"https:\/\/e-adams.pl\/produkt\/rubi-nakladka-diamentowa-200-do-polerowania-na-sucho-o100-mm\/"},"modified":"2024-07-15T11:31:32","modified_gmt":"2024-07-15T09:31:32","slug":"nakladka-polerska-rubi-na-sucho-p200-100mm","status":"publish","type":"product","link":"https:\/\/e-adams.pl\/de\/produkt\/nakladka-polerska-rubi-na-sucho-p200-100mm\/","title":{"rendered":"Nak\u0142adka polerska RUBI na sucho p200 100mm"},"content":{"rendered":"<h3>OPIS:<\/h3>\n<p><span class=\"read-more-text-visible\">Nak\u0142adka polerska <a href=\"https:\/\/e-adams.pl\/oferta\/rubi\/\">RUBI<\/a> jest przeznaczona do stosowania na sucho z powierzchniami z naturalnego kamienia, w szczeg\u00f3lno\u015bci granitem, marmurem i betonem piel\u0119gnowanym. Zapewniaj\u0105 doskona\u0142e wyko\u0144czenie powierzchni p\u0142askiej jak i kraw\u0119dzi fazowania.<\/span><\/p>\n<p>Seria nak\u0142adek polerskich na sucho sk\u0142ada si\u0119 z nak\u0142adek o r\u00f3\u017cnej granulacji: 50, 100, 200, 400, 800, 1500 i 3000. Wszystkie one oznaczone s\u0105 kolorami dla szybkiej i \u0142atwej identyfikacji.<br \/>\n<span class=\"center-block center-align\"><br \/>\n<\/span><span class=\"read-more-text-hidden\"><br \/>\nDyski o granulacji 50 i 100 s\u0142u\u017c\u0105 do zapocz\u0105tkowania pracy, kiedy potrzebne s\u0105 wi\u0119ksze ziarna, przy maksymalnej pr\u0119dko\u015bci 3000 obr.\/min.<\/span><\/p>\n<p>Dyski o granulacji 200, 400 i 800 u\u017cywane s\u0105 w kolejnych etapach polerowania, przy maksymalnej pr\u0119dko\u015bci 3000 obr.\/min.<\/p>\n<p>Dyski 1500 i 3000 s\u0142u\u017c\u0105 do wyko\u0144czenia powierzchni i nadania ostatecznego efektu. Maksymalna pr\u0119dko\u015b\u0107 nie powinna przekracza\u0107 3000 obr.\/min.<\/p>\n<p>Do zako\u0144czenia pracy nale\u017cy u\u017cy\u0107 ostatniego dysku z efektem po\u0142ysku. Maksymalna pr\u0119dko\u015b\u0107 to r\u00f3wnie\u017c 3000 obr.\/min.<\/p>\n<h3>DANE TECHNICZNE:<\/h3>\n<ul>\n<li><b>Ref. &#8211;<\/b>\u00a0<span class=\"mpn\">62972<\/span><\/li>\n<li><b>EAN-13 &#8211;<\/b>\u00a0<span class=\"ean\">8413797629729<\/span><\/li>\n<li><b>\u015arednica zewn\u0119trzna &#8211;<\/b>\u00a0100 mm<\/li>\n<li><b>Ilo\u015b\u0107 sztuk w pude\u0142ku &#8211;<\/b>\u00a01<\/li>\n<\/ul>\n","protected":false},"excerpt":{"rendered":"<p><span class=\"read-more-text-visible\">Nak\u0142adka polerska <a href=\"https:\/\/e-adams.pl\/oferta\/rubi\/\">RUBI<\/a> jest przeznaczona do stosowania na sucho z powierzchniami z naturalnego kamienia, w szczeg\u00f3lno\u015bci granitem, marmurem i betonem piel\u0119gnowanym. Zapewniaj\u0105 doskona\u0142e wyko\u0144czenie powierzchni p\u0142askiej jak i kraw\u0119dzi fazowania. Seria nak\u0142adek polerskich na sucho sk\u0142ada si\u0119 z nak\u0142adek o r\u00f3\u017cnej granulacji: 50, 100, 200, 400, 800, 1500 i 3000. Wszystkie one oznaczone s\u0105 kolorami dla szybkiej i \u0142atwej identyfikacji.<\/span><\/p>\n","protected":false},"featured_media":22271,"comment_status":"open","ping_status":"closed","template":"","meta":{"_acf_changed":false,"inline_featured_image":false},"product_cat":[2297],"product_tag":[2171,2170,1878],"class_list":{"0":"post-21155","1":"product","2":"type-product","3":"status-publish","4":"has-post-thumbnail","6":"product_cat-tarcze","7":"product_tag-nakladka-polerska","8":"product_tag-polerowanie-kamienia","9":"product_tag-rubi","11":"first","12":"outofstock","13":"shipping-taxable","14":"purchasable","15":"product-type-simple"},"acf":[],"_links":{"self":[{"href":"https:\/\/e-adams.pl\/de\/wp-json\/wp\/v2\/product\/21155","targetHints":{"allow":["GET"]}}],"collection":[{"href":"https:\/\/e-adams.pl\/de\/wp-json\/wp\/v2\/product"}],"about":[{"href":"https:\/\/e-adams.pl\/de\/wp-json\/wp\/v2\/types\/product"}],"replies":[{"embeddable":true,"href":"https:\/\/e-adams.pl\/de\/wp-json\/wp\/v2\/comments?post=21155"}],"wp:featuredmedia":[{"embeddable":true,"href":"https:\/\/e-adams.pl\/de\/wp-json\/wp\/v2\/media\/22271"}],"wp:attachment":[{"href":"https:\/\/e-adams.pl\/de\/wp-json\/wp\/v2\/media?parent=21155"}],"wp:term":[{"taxonomy":"product_cat","embeddable":true,"href":"https:\/\/e-adams.pl\/de\/wp-json\/wp\/v2\/product_cat?post=21155"},{"taxonomy":"product_tag","embeddable":true,"href":"https:\/\/e-adams.pl\/de\/wp-json\/wp\/v2\/product_tag?post=21155"}],"curies":[{"name":"wp","href":"https:\/\/api.w.org\/{rel}","templated":true}]}}