{"id":21162,"date":"2023-09-12T12:13:35","date_gmt":"2023-09-12T10:13:35","guid":{"rendered":"https:\/\/e-adams.pl\/produkt\/rubi-nakolanniki-profesjonalne-n-66957\/"},"modified":"2024-02-15T11:49:45","modified_gmt":"2024-02-15T10:49:45","slug":"rubi-nakolanniki-profesjonalne-n-66957","status":"publish","type":"product","link":"https:\/\/e-adams.pl\/de\/produkt\/rubi-nakolanniki-profesjonalne-n-66957\/","title":{"rendered":"Nakolanniki profesjonalne RUBI N"},"content":{"rendered":"<h3>OPIS:<\/h3>\n<p>Nakolanniki profesjonalne <a href=\"https:\/\/e-adams.pl\/oferta\/rubi\/\">RUBI N<\/a>\u00a0 do ochrony kolan, u\u017cytkownik znajdzie wyr\u00f3\u017cniaj\u0105ce si\u0119 du\u017cym komfortem lekkie, praktyczne, \u0142atwe w u\u017cyciu i ergonomiczne\u00a0, s\u0105 niezb\u0119dnym elementem wyposa\u017cenia profesjonalnych glazurnik\u00f3w.<\/p>\n<p>RUBI produkuje swoje profesjonalne nakolanniki N z ch\u0142onnego materia\u0142u, kt\u00f3ry chroni kolana przed uderzeniami i nier\u00f3wno\u015bciami pod\u0142o\u017ca. Wn\u0119trze nakolannik\u00f3w idealnie dopasowuje si\u0119 do anatomii kolana u\u017cytkownika.<\/p>\n<p>Nakolanniki maj\u0105 du\u017c\u0105 powierzchni\u0119 podparcia, kt\u00f3ra zapewnia optymaln\u0105 stabilno\u015b\u0107 podczas uk\u0142adania p\u0142ytek\u00a0ceramicznych. Nakolanniki wyposa\u017cone s\u0105 w regulowane zapi\u0119cia w g\u00f3rnej i dolnej cz\u0119\u015bci z bardzo szerokiej gumy, dopasowuj\u0105ce si\u0119 do konturu nogi u\u017cytkownika<\/p>\n<h3>DANE TECHNICZNE:<\/h3>\n<ul>\n<li>Ch\u0142onny materia\u0142<\/li>\n<li>Projekt zgodny z norm\u0105 EN 14404<\/li>\n<li>Du\u017ca powierzchnia podparcia<\/li>\n<li>Regulowane zapi\u0119cia<\/li>\n<li>EAN &#8211; 8413797669572<\/li>\n<\/ul>\n","protected":false},"excerpt":{"rendered":"<p>Nakolanniki profesjonalne RUBI N\u00a0 do ochrony kolan, u\u017cytkownik znajdzie wyr\u00f3\u017cniaj\u0105ce si\u0119 du\u017cym komfortem lekkie, praktyczne, \u0142atwe w u\u017cyciu i ergonomiczne\u00a0, s\u0105 niezb\u0119dnym elementem wyposa\u017cenia profesjonalnych glazurnik\u00f3w.<\/p>\n","protected":false},"featured_media":22146,"comment_status":"open","ping_status":"closed","template":"","meta":{"_acf_changed":false,"inline_featured_image":false},"product_cat":[2551],"product_tag":[2096,1878],"class_list":{"0":"post-21162","1":"product","2":"type-product","3":"status-publish","4":"has-post-thumbnail","6":"product_cat-akcesoria","7":"product_tag-nakolanniki-profesjonalne","8":"product_tag-rubi","10":"first","11":"instock","12":"shipping-taxable","13":"purchasable","14":"product-type-simple"},"acf":[],"_links":{"self":[{"href":"https:\/\/e-adams.pl\/de\/wp-json\/wp\/v2\/product\/21162","targetHints":{"allow":["GET"]}}],"collection":[{"href":"https:\/\/e-adams.pl\/de\/wp-json\/wp\/v2\/product"}],"about":[{"href":"https:\/\/e-adams.pl\/de\/wp-json\/wp\/v2\/types\/product"}],"replies":[{"embeddable":true,"href":"https:\/\/e-adams.pl\/de\/wp-json\/wp\/v2\/comments?post=21162"}],"wp:featuredmedia":[{"embeddable":true,"href":"https:\/\/e-adams.pl\/de\/wp-json\/wp\/v2\/media\/22146"}],"wp:attachment":[{"href":"https:\/\/e-adams.pl\/de\/wp-json\/wp\/v2\/media?parent=21162"}],"wp:term":[{"taxonomy":"product_cat","embeddable":true,"href":"https:\/\/e-adams.pl\/de\/wp-json\/wp\/v2\/product_cat?post=21162"},{"taxonomy":"product_tag","embeddable":true,"href":"https:\/\/e-adams.pl\/de\/wp-json\/wp\/v2\/product_tag?post=21162"}],"curies":[{"name":"wp","href":"https:\/\/api.w.org\/{rel}","templated":true}]}}