{"id":21163,"date":"2023-09-12T12:13:36","date_gmt":"2023-09-12T10:13:36","guid":{"rendered":"https:\/\/e-adams.pl\/produkt\/rubi-nakolanniki-zelowe-comfort-81998\/"},"modified":"2024-07-15T11:31:32","modified_gmt":"2024-07-15T09:31:32","slug":"nakolanniki-zelowe-rubi-comfort","status":"publish","type":"product","link":"https:\/\/e-adams.pl\/de\/produkt\/nakolanniki-zelowe-rubi-comfort\/","title":{"rendered":"Nakolanniki \u017celowe RUBI COMFORT"},"content":{"rendered":"<h3>OPIS:<\/h3>\n<p><span class=\"read-more-text-visible\"><span class=\"read-more-text-hidden\">Nakolanniki \u017celowe <a href=\"https:\/\/e-adams.pl\/oferta\/rubi\/\">RUBI GEL COMFORT<\/a> wyr\u00f3\u017cniaj\u0105 si\u0119 ergonomiczn\u0105 budow\u0105 oraz najwy\u017cszym komfortem u\u017cytkowania. <\/span>W RUBI nie tylko troszczymy si\u0119 o zaprojektowanie, wyprodukowanie i dostarczenie najlepszych narz\u0119dzi niezb\u0119dnych podczas uk\u0142adania p\u0142ytek ceramicznych. My\u015blimy r\u00f3wnie\u017c o dodatkach i akcesoriach, jakie mog\u0119 by\u0107 u\u017cyteczne dla profesjonalnych glazurnik\u00f3w.<\/span><\/p>\n<p>P\u0142ytkarze musz\u0105 sp\u0119dza\u0107 d\u0142ugi czas na pod\u0142odze w pozycji kl\u0119cz\u0105cej przenosz\u0105c obci\u0105\u017cenia i wykonuj\u0105c powtarzalne ruchy. Skutki pracy w takim trybie daj\u0105 o sobie zna\u0107 w d\u0142ugim okresie.<\/p>\n<p>Budowa nakolannik\u00f3w GEL COMFORT to po\u0142\u0105czenie twardych materia\u0142\u00f3w os\u0142aniaj\u0105cych przed uderzeniami i nier\u00f3wno\u015bciami powierzchni, oraz mi\u0119kkich materia\u0142\u00f3w wewn\u0119trznych, kt\u00f3re adaptuj\u0105 si\u0119 do cia\u0142a ka\u017cdego u\u017cytkownika.<\/p>\n<p>Zewn\u0119trzna warstwa nakolannik\u00f3w \u017celowych dopasowuje si\u0119 do nier\u00f3wno\u015bci powierzchni roboczej przejmuj\u0105c tym samym wywierane obci\u0105\u017cenia. Jednocze\u015bnie wewn\u0119trzna warstwa w najbardziej naturalny spos\u00f3b dopasowuje si\u0119 do ruch\u00f3w u\u017cytkownika.<\/p>\n<p>Poza ochron\u0105 kolan u\u017cytkownika nakolanniki dzi\u0119ki wewn\u0119trznej ergonomicznej wk\u0142adce \u017celowej, stabilizuj\u0105 i przejmuj\u0105 nadmierne obci\u0105\u017cenie ze \u015bci\u0119gien i wi\u0105zade\u0142.<\/p>\n<p>Nakolanniki RUBI GEL COMFORT wyposa\u017cone s\u0105 w dwa szerokie \u015bci\u0105gacze wykonane z Neoprenu, kt\u00f3re zapewniaj\u0105 pewne i wygodne mocowanie oraz szybkie nak\u0142adanie nakolannika na nog\u0119.<\/p>\n<h3>DANE TECHNICZNE:<\/h3>\n<ul>\n<li><b>Ref. &#8211;<\/b>\u00a0<span class=\"mpn\">81998<\/span><\/li>\n<li><b>EAN-13 &#8211;<\/b>\u00a0<span class=\"ean\">8413797819984<\/span><\/li>\n<li><b>Ilo\u015b\u0107 sztuk w pude\u0142ku &#8211;<\/b>\u00a06<\/li>\n<\/ul>\n","protected":false},"excerpt":{"rendered":"<p><span class=\"read-more-text-visible\"><span class=\"read-more-text-hidden\">Nakolanniki \u017celowe RUBI GEL COMFORT wyr\u00f3\u017cniaj\u0105 si\u0119 ergonomiczn\u0105 budow\u0105 oraz najwy\u017cszym komfortem u\u017cytkowania. <\/span>W RUBI nie tylko troszczymy si\u0119 o zaprojektowanie, wyprodukowanie i dostarczenie najlepszych narz\u0119dzi niezb\u0119dnych podczas uk\u0142adania p\u0142ytek ceramicznych. My\u015blimy r\u00f3wnie\u017c o dodatkach i akcesoriach, jakie mog\u0119 by\u0107 u\u017cyteczne dla profesjonalnych glazurnik\u00f3w.<\/span><\/p>\n","protected":false},"featured_media":22144,"comment_status":"open","ping_status":"closed","template":"","meta":{"_acf_changed":false,"inline_featured_image":false},"product_cat":[2551],"product_tag":[2046,2095,2094],"class_list":{"0":"post-21163","1":"product","2":"type-product","3":"status-publish","4":"has-post-thumbnail","6":"product_cat-akcesoria","7":"product_tag-nakolanniki-zelowe","8":"product_tag-ochrona-kolan","9":"product_tag-rubi-gel-comfort","11":"first","12":"outofstock","13":"shipping-taxable","14":"purchasable","15":"product-type-simple"},"acf":[],"_links":{"self":[{"href":"https:\/\/e-adams.pl\/de\/wp-json\/wp\/v2\/product\/21163","targetHints":{"allow":["GET"]}}],"collection":[{"href":"https:\/\/e-adams.pl\/de\/wp-json\/wp\/v2\/product"}],"about":[{"href":"https:\/\/e-adams.pl\/de\/wp-json\/wp\/v2\/types\/product"}],"replies":[{"embeddable":true,"href":"https:\/\/e-adams.pl\/de\/wp-json\/wp\/v2\/comments?post=21163"}],"wp:featuredmedia":[{"embeddable":true,"href":"https:\/\/e-adams.pl\/de\/wp-json\/wp\/v2\/media\/22144"}],"wp:attachment":[{"href":"https:\/\/e-adams.pl\/de\/wp-json\/wp\/v2\/media?parent=21163"}],"wp:term":[{"taxonomy":"product_cat","embeddable":true,"href":"https:\/\/e-adams.pl\/de\/wp-json\/wp\/v2\/product_cat?post=21163"},{"taxonomy":"product_tag","embeddable":true,"href":"https:\/\/e-adams.pl\/de\/wp-json\/wp\/v2\/product_tag?post=21163"}],"curies":[{"name":"wp","href":"https:\/\/api.w.org\/{rel}","templated":true}]}}