{"id":21164,"date":"2023-09-12T12:13:36","date_gmt":"2023-09-12T10:13:36","guid":{"rendered":"https:\/\/e-adams.pl\/produkt\/rubi-nakolanniki-zelowe-duplex\/"},"modified":"2024-02-15T11:49:45","modified_gmt":"2024-02-15T10:49:45","slug":"nakolanniki-zelowe-rubi-duplex","status":"publish","type":"product","link":"https:\/\/e-adams.pl\/de\/produkt\/nakolanniki-zelowe-rubi-duplex\/","title":{"rendered":"Nakolanniki \u017belowe RUBI DUPLEX"},"content":{"rendered":"<h3>OPIS:<\/h3>\n<p><span class=\"read-more-text-hidden\">Nakolanniki \u017belowe <a href=\"https:\/\/e-adams.pl\/oferta\/rubi\/\">RUBI DUPLEX<\/a> poza ochron\u0105 kolan u\u017cytkownika, \u017celowe wk\u0142adki pe\u0142ni\u0105 jeszcze funkcje stabilizatora, co odci\u0105\u017ca wi\u0105zad\u0142a i \u015bci\u0119gna.<\/span><\/p>\n<p><span class=\"read-more-text-visible\">Praca zawodowego p\u0142ytkarza wymaga sp\u0119dzania d\u0142ugiego czasu na pod\u0142odze w pozycji kl\u0119cz\u0105cej, przenoszenia obci\u0105\u017ce\u0144 i wykonywania powtarzalnych ruch\u00f3w. Skutki pracy w takim trybie daj\u0105 o sobie zna\u0107 w d\u0142ugim okresie.<\/span><\/p>\n<p>W ergonomicznych i bardzo wygodnych nakolannikach RUBI GEL DUPLEX po\u0142\u0105czono u\u017cycie twardych materia\u0142\u00f3w na zewn\u0105trz do ochrony przed uderzeniem i nier\u00f3wno\u015bciami pod\u0142o\u017ca oraz mi\u0119kkich materia\u0142\u00f3w od wewn\u0105trz, kt\u00f3re przystosowuj\u0105 si\u0119 do kszta\u0142tu cia\u0142a u\u017cytkownika.<br \/>\n<span class=\"center-block center-align\"><br \/>\n<\/span><span class=\"read-more-text-hidden\">Dzi\u0119ki koncepcji &#8222;dwa w jednym&#8220; profesjonalne nakolanniki \u017celowe GEL DUPLEX mog\u0105 by\u0107 u\u017cywane w r\u00f3\u017cnych wersjach przez szerok\u0105 rzesz\u0119 profesjonalnych u\u017cytkownik\u00f3w. Nakolanniki posiadaj\u0105 bowiem bardzo stabiln\u0105 i wytrzyma\u0142\u0105 gumow\u0105 os\u0142on\u0119, kt\u00f3ra mo\u017ce by\u0107 od\u0142\u0105czona wed\u0142ug potrzeb i preferencji u\u017cytkownika. Je\u015bli charakter pracy tego wymaga, u\u017cytkownik pozostaje w\u00f3wczas w bardziej wygodnym g\u0142\u00f3wnym elemencie nakolannika, kt\u00f3ry pozwala si\u0119 \u015blizga\u0107 po g\u0142adkich powierzchniach.<\/span><\/p>\n<p>Nakolanniki GEL DUPLEX maj\u0105 podw\u00f3jne zapi\u0119cie z systemem szybkiego g\u00f3rnego zamocowania oraz mechanicznym regulowanym zamkni\u0119ciem w dolnej cz\u0119\u015bci. Pozwala to na pe\u0142ne i komfortowe dopasowanie nakolannik\u00f3w do kszta\u0142tu kolana ka\u017cdego u\u017cytkownika.<\/p>\n<h3>DANE TECHNICZNE:<\/h3>\n<ul>\n<li><b>Ref. &#8211;<\/b>\u00a0<span class=\"mpn\">81989<\/span><\/li>\n<li><b>EAN-13 &#8211;<\/b>\u00a0<span class=\"ean\">8413797819892<\/span><\/li>\n<li><b>Ilo\u015b\u0107 sztuk w pude\u0142ku &#8211;<\/b>\u00a06<\/li>\n<\/ul>\n","protected":false},"excerpt":{"rendered":"<p><span class=\"read-more-text-hidden\">Nakolanniki \u017belowe RUBI DUPLEX poza ochron\u0105 kolan u\u017cytkownika, \u017celowe wk\u0142adki pe\u0142ni\u0105 jeszcze funkcje stabilizatora, co odci\u0105\u017ca wi\u0105zad\u0142a i \u015bci\u0119gna. <\/span><span class=\"read-more-text-visible\">Praca zawodowego p\u0142ytkarza wymaga sp\u0119dzania d\u0142ugiego czasu na pod\u0142odze w pozycji kl\u0119cz\u0105cej, przenoszenia obci\u0105\u017ce\u0144 i wykonywania powtarzalnych ruch\u00f3w. Skutki pracy w takim trybie daj\u0105 o sobie zna\u0107 w d\u0142ugim okresie.<\/span><\/p>\n","protected":false},"featured_media":22074,"comment_status":"open","ping_status":"closed","template":"","meta":{"_acf_changed":false,"inline_featured_image":false},"product_cat":[2551],"product_tag":[2046,2047],"class_list":{"0":"post-21164","1":"product","2":"type-product","3":"status-publish","4":"has-post-thumbnail","6":"product_cat-akcesoria","7":"product_tag-nakolanniki-zelowe","8":"product_tag-rubi-duplex","10":"first","11":"instock","12":"shipping-taxable","13":"purchasable","14":"product-type-simple"},"acf":[],"_links":{"self":[{"href":"https:\/\/e-adams.pl\/de\/wp-json\/wp\/v2\/product\/21164","targetHints":{"allow":["GET"]}}],"collection":[{"href":"https:\/\/e-adams.pl\/de\/wp-json\/wp\/v2\/product"}],"about":[{"href":"https:\/\/e-adams.pl\/de\/wp-json\/wp\/v2\/types\/product"}],"replies":[{"embeddable":true,"href":"https:\/\/e-adams.pl\/de\/wp-json\/wp\/v2\/comments?post=21164"}],"wp:featuredmedia":[{"embeddable":true,"href":"https:\/\/e-adams.pl\/de\/wp-json\/wp\/v2\/media\/22074"}],"wp:attachment":[{"href":"https:\/\/e-adams.pl\/de\/wp-json\/wp\/v2\/media?parent=21164"}],"wp:term":[{"taxonomy":"product_cat","embeddable":true,"href":"https:\/\/e-adams.pl\/de\/wp-json\/wp\/v2\/product_cat?post=21164"},{"taxonomy":"product_tag","embeddable":true,"href":"https:\/\/e-adams.pl\/de\/wp-json\/wp\/v2\/product_tag?post=21164"}],"curies":[{"name":"wp","href":"https:\/\/api.w.org\/{rel}","templated":true}]}}