{"id":21165,"date":"2023-09-12T12:13:37","date_gmt":"2023-09-12T10:13:37","guid":{"rendered":"https:\/\/e-adams.pl\/produkt\/rubi-noz-22mm-extreme\/"},"modified":"2024-02-15T11:49:33","modified_gmt":"2024-02-15T10:49:33","slug":"noz-rubi-extreme-22mm","status":"publish","type":"product","link":"https:\/\/e-adams.pl\/de\/produkt\/noz-rubi-extreme-22mm\/","title":{"rendered":"N\u00f3\u017c RUBI EXTREME 22mm"},"content":{"rendered":"<h3>OPIS:<\/h3>\n<p>K\u00f3\u0142ka umieszczone w <a href=\"https:\/\/e-adams.pl\/oferta\/rubi\/\">N\u00f3\u017c RUBI EXTREME<\/a> 22mm do TS-MAX, TR-MAGNET, SPEED-MAGNET i HIT s\u0105 wykonane z w\u0119glika spiekanego o najwy\u017cszej jako\u015bci, specjalnie powlekanego warstw\u0105 w\u0119glika tytanu. Dzi\u0119ki temu k\u00f3\u0142ka tn\u0105ce RUBI EXTREME s\u0105 bardziej odporne na \u015bcieranie powierzchniowe podczas u\u017cytkowania. Dodatkowo k\u00f3\u0142ka tn\u0105ce EXTREME s\u0105 zamontowane na \u0142o\u017cysku, kt\u00f3re ca\u0142kowicie eliminuje tarcie pomi\u0119dzy k\u00f3\u0142kiem, a osi\u0105, na kt\u00f3rej jest osadzone.<\/p>\n<p>To po\u0142\u0105czenie przek\u0142ada si\u0119 na odczuwalnie najp\u0142ynniejsz\u0105 prac\u0119 k\u00f3\u0142ka tn\u0105cego EXTREME, zdecydowanie lepsz\u0105 od pozosta\u0142ych, a \u017cywotno\u015b\u0107 no\u017ca wynosi 300% w por\u00f3wnaniu do no\u017cy tn\u0105cych serii SILVER (w tych samych warunkach u\u017cytkowania).<\/p>\n<p>Gama no\u017cy tn\u0105cych EXTREME zosta\u0142a specjalnie zaprojektowana i jest zalecana do wykonywania ci\u0119\u0107 w materia\u0142ach ceramicznych o bardzo nier\u00f3wnej i strukturalnej powierzchni.<\/p>\n<p>No\u017ce tn\u0105ce EXTREME z trzpieniem o \u015brednicy 10 mm pracuj\u0105 na przecinarkach RUBI serii TS-MAX, TR-MAGNET, HIT-N oraz SPEED-MAGNET, te z trzpieniem 12 mm na modelach TZ oraz TX-MAX. Ponadto pojedyncze k\u00f3\u0142ka tn\u0105ce RUBI EXTREME (bez trzpienia) s\u0105 przeznaczone do przecinarek TQ, TP-T i TP-S oraz SLIM CUTTER z gamy SLAB SYSTEM przeznaczonych do ci\u0119cia p\u0142yt wielkoformatowych.<\/p>\n<h3>DANE TECHNICZNE:<\/h3>\n<ul>\n<li><b>Ref. &#8211;<\/b>\u00a0<span class=\"mpn\">1907<\/span><\/li>\n<li><b>EAN-13 &#8211;<\/b>\u00a0<span class=\"ean\">8413797019070<\/span><\/li>\n<li><b>Ilo\u015b\u0107 sztuk w pude\u0142ku &#8211;<\/b>\u00a05<\/li>\n<\/ul>\n","protected":false},"excerpt":{"rendered":"<p>K\u00f3\u0142ka umieszczone w N\u00f3\u017c RUBI EXTREME 22mm do TS-MAX, TR-MAGNET, SPEED-MAGNET i HIT s\u0105 wykonane z w\u0119glika spiekanego o najwy\u017cszej jako\u015bci, specjalnie powlekanego warstw\u0105 w\u0119glika tytanu. Dzi\u0119ki temu k\u00f3\u0142ka tn\u0105ce RUBI EXTREME s\u0105 bardziej odporne na \u015bcieranie powierzchniowe podczas u\u017cytkowania. Dodatkowo k\u00f3\u0142ka tn\u0105ce EXTREME s\u0105 zamontowane na \u0142o\u017cysku, kt\u00f3re ca\u0142kowicie eliminuje tarcie pomi\u0119dzy k\u00f3\u0142kiem, a osi\u0105, na kt\u00f3rej jest osadzone.<\/p>\n","protected":false},"featured_media":22072,"comment_status":"open","ping_status":"closed","template":"","meta":{"_acf_changed":false,"inline_featured_image":false},"product_cat":[2287],"product_tag":[2056,2055],"class_list":{"0":"post-21165","1":"product","2":"type-product","3":"status-publish","4":"has-post-thumbnail","6":"product_cat-noze-i-kolka-tnace","7":"product_tag-ciecie-ceramiki","8":"product_tag-noz-rubi-extreme","10":"first","11":"instock","12":"shipping-taxable","13":"purchasable","14":"product-type-simple"},"acf":[],"_links":{"self":[{"href":"https:\/\/e-adams.pl\/de\/wp-json\/wp\/v2\/product\/21165","targetHints":{"allow":["GET"]}}],"collection":[{"href":"https:\/\/e-adams.pl\/de\/wp-json\/wp\/v2\/product"}],"about":[{"href":"https:\/\/e-adams.pl\/de\/wp-json\/wp\/v2\/types\/product"}],"replies":[{"embeddable":true,"href":"https:\/\/e-adams.pl\/de\/wp-json\/wp\/v2\/comments?post=21165"}],"wp:featuredmedia":[{"embeddable":true,"href":"https:\/\/e-adams.pl\/de\/wp-json\/wp\/v2\/media\/22072"}],"wp:attachment":[{"href":"https:\/\/e-adams.pl\/de\/wp-json\/wp\/v2\/media?parent=21165"}],"wp:term":[{"taxonomy":"product_cat","embeddable":true,"href":"https:\/\/e-adams.pl\/de\/wp-json\/wp\/v2\/product_cat?post=21165"},{"taxonomy":"product_tag","embeddable":true,"href":"https:\/\/e-adams.pl\/de\/wp-json\/wp\/v2\/product_tag?post=21165"}],"curies":[{"name":"wp","href":"https:\/\/api.w.org\/{rel}","templated":true}]}}