{"id":21167,"date":"2023-09-12T12:13:38","date_gmt":"2023-09-12T10:13:38","guid":{"rendered":"https:\/\/e-adams.pl\/produkt\/rubi-noz-rodel-8mm-endure\/"},"modified":"2024-02-15T11:49:33","modified_gmt":"2024-02-15T10:49:33","slug":"noz-tnacy-rubi-endure-8mm","status":"publish","type":"product","link":"https:\/\/e-adams.pl\/de\/produkt\/noz-tnacy-rubi-endure-8mm\/","title":{"rendered":"N\u00f3\u017c tn\u0105cy RUBI ENDURE 8mm"},"content":{"rendered":"<h3>OPIS:<\/h3>\n<p><span class=\"read-more-text-visible\">N\u00f3\u017c <a href=\"https:\/\/e-adams.pl\/oferta\/rubi\/\">RUBI ENDURE<\/a> zapewnia najlepsz\u0105 wydajno\u015b\u0107 podczas ci\u0119cia p\u0142ytek ceramicznych i gresowych o du\u017cym stopniu trudno\u015bci ci\u0119cia. Szczeg\u00f3lnie zalecane do ci\u0119cia p\u0142ytek o szorstkiej i nier\u00f3wnej powierzchni.<\/span><\/p>\n<p>Obecnie ju\u017c nie tylko twardo\u015b\u0107 p\u0142ytek stanowi problem podczas ich ci\u0119cia i \u0142amania. O wiele wi\u0119kszym wyzwaniem do pokonania mo\u017ce by\u0107 tzw. trudno\u015b\u0107. Trudno\u015b\u0107 ta wynika z po\u0142\u0105czenia czterech element\u00f3w: twardo\u015bci, grubo\u015bci, wyko\u0144czenia powierzchni oraz najprawdopodobniej wyst\u0119puj\u0105cych napr\u0119\u017ce\u0144 wewn\u0119trznych w ka\u017cdym materiale. Kombinacja tych cech decyduje o poziomie trudno\u015bci ci\u0119cia danego materia\u0142u ceramicznego.<br \/>\n<span class=\"center-block center-align\"><br \/>\n<\/span><span class=\"read-more-text-hidden\"><br \/>\nK\u00f3\u0142ka w no\u017cach tn\u0105cych serii ENDURE s\u0105 wykonane z w\u0119glika spiekanego o wysokiej jako\u015bci. Sk\u0142ad, sprasowanie, jednakowe ukszta\u0142towanie gwarantuj\u0105 uzyskanie identycznego i precyzyjnego k\u0105ta naci\u0119cia w ka\u017cdym wyprodukowanym k\u00f3\u0142ku tn\u0105cym. Dzi\u0119ki tej staranno\u015bci oraz wnikliwym badaniom no\u017ce tn\u0105ce RUBI serii ENDURE idealnie nadaj\u0105 si\u0119 do wykonywania doskona\u0142ych naci\u0119\u0107 w p\u0142ytkach ceramicznych, gresach porcelanowych o du\u017cym stopniu trudno\u015bci, czyli w szczeg\u00f3lno\u015bci do materia\u0142\u00f3w o nier\u00f3wnej i\/lub strukturalnej powierzchni\u00a0 (powierzchnia fakturowana i strukturalna).<\/span><\/p>\n<p>No\u017ce tn\u0105ce serii ENDURE wyr\u00f3\u017cniaj\u0105 si\u0119 2x wi\u0119ksz\u0105 \u017cywotno\u015bci\u0105 w por\u00f3wnaniu do serii SILVER (oczywi\u015bcie por\u00f3wnuj\u0105c je w tych samych warunkach u\u017cytkowania).<\/p>\n<p>Trzpie\u0144 no\u017ca serii no\u017cy ENDURE posiada potr\u00f3jne rowkowanie (opatentowane przez RUBI), co zapewnia prawid\u0142owy monta\u017c na przecinarce r\u0119cznej, jak r\u00f3wnie\u017c pewne doci\u015bni\u0119cie w w\u00f3zku oraz naci\u0119cie pozbawione efektu wibrowania. W\u0142a\u015bciwa kombinacja cech zapewnia uzyskanie najlepszych rezultat\u00f3w.<\/p>\n<p>No\u017ce tn\u0105ce serii ENDURE nadaj\u0105 si\u0119 do wszystkich 2-prowadnicowych przecinarek r\u0119cznych marki RUBI. N\u00f3\u017c z trzpieniem o \u015brednicy 10 mm nadaje si\u0119 do przecinarek TS-MAX, TR-MAGNET, HIT-N, SPEED-MAGNET, STAR, itd., a ten z trzpieniem o \u015brednicy 12 mm do przecinarek TZ oraz TX-MAX.<\/p>\n<h3>DANE TECHNICZNE:<\/h3>\n<ul>\n<li><b>Ref. &#8211;<\/b>\u00a0<span class=\"mpn\">1906<\/span><\/li>\n<li><b>EAN-13 &#8211;<\/b>\u00a0<span class=\"ean\">8413797019063<\/span><\/li>\n<li><b>Ilo\u015b\u0107 sztuk w pude\u0142ku &#8211;<\/b>\u00a05<\/li>\n<\/ul>\n","protected":false},"excerpt":{"rendered":"<p><span class=\"read-more-text-visible\">N\u00f3\u017c tn\u0105cy <a href=\"https:\/\/e-adams.pl\/oferta\/rubi\/\">RUBI ENDURE<\/a> zapewnia najlepsz\u0105 wydajno\u015b\u0107 podczas ci\u0119cia p\u0142ytek ceramicznych i gresowych o du\u017cym stopniu trudno\u015bci ci\u0119cia. Szczeg\u00f3lnie zalecane do ci\u0119cia p\u0142ytek o szorstkiej i nier\u00f3wnej powierzchni.<\/span><\/p>\n","protected":false},"featured_media":22200,"comment_status":"open","ping_status":"closed","template":"","meta":{"_acf_changed":false,"inline_featured_image":false},"product_cat":[2287],"product_tag":[2115,2044,1878],"class_list":{"0":"post-21167","1":"product","2":"type-product","3":"status-publish","4":"has-post-thumbnail","6":"product_cat-noze-i-kolka-tnace","7":"product_tag-endure","8":"product_tag-noz-tnacy","9":"product_tag-rubi","11":"first","12":"instock","13":"shipping-taxable","14":"purchasable","15":"product-type-simple"},"acf":[],"_links":{"self":[{"href":"https:\/\/e-adams.pl\/de\/wp-json\/wp\/v2\/product\/21167","targetHints":{"allow":["GET"]}}],"collection":[{"href":"https:\/\/e-adams.pl\/de\/wp-json\/wp\/v2\/product"}],"about":[{"href":"https:\/\/e-adams.pl\/de\/wp-json\/wp\/v2\/types\/product"}],"replies":[{"embeddable":true,"href":"https:\/\/e-adams.pl\/de\/wp-json\/wp\/v2\/comments?post=21167"}],"wp:featuredmedia":[{"embeddable":true,"href":"https:\/\/e-adams.pl\/de\/wp-json\/wp\/v2\/media\/22200"}],"wp:attachment":[{"href":"https:\/\/e-adams.pl\/de\/wp-json\/wp\/v2\/media?parent=21167"}],"wp:term":[{"taxonomy":"product_cat","embeddable":true,"href":"https:\/\/e-adams.pl\/de\/wp-json\/wp\/v2\/product_cat?post=21167"},{"taxonomy":"product_tag","embeddable":true,"href":"https:\/\/e-adams.pl\/de\/wp-json\/wp\/v2\/product_tag?post=21167"}],"curies":[{"name":"wp","href":"https:\/\/api.w.org\/{rel}","templated":true}]}}