{"id":21169,"date":"2023-09-12T12:13:39","date_gmt":"2023-09-12T10:13:39","guid":{"rendered":"https:\/\/e-adams.pl\/produkt\/rubi-noz-z-kolkiem-10mm-plus-ze-stopu-silver\/"},"modified":"2024-07-15T11:31:31","modified_gmt":"2024-07-15T09:31:31","slug":"noz-z-kolkiem-rubi-silver-plus-10mm","status":"publish","type":"product","link":"https:\/\/e-adams.pl\/de\/produkt\/noz-z-kolkiem-rubi-silver-plus-10mm\/","title":{"rendered":"N\u00f3\u017c z k\u00f3\u0142kiem RUBI SILVER PLUS 10mm"},"content":{"rendered":"<h3>OPIS:<\/h3>\n<p><span class=\"read-more-text-hidden\">N\u00f3\u017c z k\u00f3\u0142kiem <a href=\"https:\/\/e-adams.pl\/oferta\/rubi\/\">RUBI SILVER<\/a> PLUS nadaj\u0105 si\u0119 do nacinania a nast\u0119pnie \u0142amania p\u0142ytek ceramicznych \u015bciennych (BIII), glazurowanych p\u0142ytek kamiennych (BIb &#8211; BIIa), p\u0142ytek rustykalnych i ci\u0105gnionych (AIb &#8211; AII) oraz oczywi\u015bcie p\u0142ytek gresowych (BIa), odznaczaj\u0105cych si\u0119 niskim i \u015brednim poziomem trudno\u015bci ci\u0119cia. No\u017ce tn\u0105ce SILVER zosta\u0142y zaprojektowane i s\u0105 przeznaczone do pracy z p\u0142ytkami ceramicznym lub kamiennymi o g\u0142adkiej lub tylko lekko nier\u00f3wnej powierzchni.<\/span><\/p>\n<p><span class=\"read-more-text-visible\">K\u00f3\u0142ka no\u017cy tn\u0105cych serii SILVER s\u0105 wykonane z w\u0119glika spiekanego. Wszystkie k\u00f3\u0142ka o danej \u015brednicy s\u0105 formowane w\u00a0 jednakowy spos\u00f3b, dzi\u0119ki czemu k\u0105t wci\u0119cia odpowiada ich w\u0142a\u015bciwemu przeznaczeniu. R\u00f3\u017cne \u015brednice k\u00f3\u0142ek tn\u0105cych zapewniaj\u0105 uzyskanie r\u00f3\u017cnych rezultat\u00f3w ci\u0119cia w r\u00f3\u017cnych materia\u0142ach ceramicznych. No\u017ce tn\u0105ce serii SILVER zapewniaj\u0105 u\u017cytkownikom wysok\u0105 jako\u015b\u0107 ci\u0119cia i \u017cywotno\u015b\u0107 zgodn\u0105 ze standardowymi oczekiwaniami i prawid\u0142owym u\u017cytkowaniem. K\u00f3\u0142ka tn\u0105ce nale\u017cy utrzymywa\u0107 w czysto\u015bci, unika\u0107 wykruszania, wywierania nadmiernego nacisku podczas ci\u0119cia oraz ci\u0119cia wielokrotnego w jednej linii.<br \/>\n<\/span><span class=\"read-more-text-hidden\"><br \/>\nPoprzez w\u0142a\u015bciwy dob\u00f3r wielko\u015bci k\u00f3\u0142ka tn\u0105cego oraz sposobu ci\u0119cia odpowiadaj\u0105cego materia\u0142owi mo\u017cna uzyska\u0107 najlepsze rezultaty.<\/span><\/p>\n<p>Trzpienie no\u017cy tn\u0105cych RUBI serii SILVER posiadaj\u0105 potr\u00f3jnie rowkowany kszta\u0142t (opatentowane przez RUBI), co zapewnia prawid\u0142owy monta\u017c na przecinarce r\u0119cznej, jak r\u00f3wnie\u017c pewne doci\u015bni\u0119cie w w\u00f3zku oraz naci\u0119cie pozbawione efektu wibrowania. W\u0142a\u015bciwa kombinacja cech zapewnia uzyskanie najlepszych rezultat\u00f3w.<\/p>\n<p>No\u017ce tn\u0105ce SILVER wyst\u0119puj\u0105 w dw\u00f3ch wielko\u015bciach: kr\u00f3tsze o \u015brednicy trzpienia 10 mm nadaj\u0105 si\u0119 do u\u017cytkowania na przecinarkach serii\u00a0 TR-MAGNET, TS-MAX, HIT-N, SPEED-MAGNET, SPEED-N, FAST, STAR-MAX, STAR, POCKET i PRACTIC, a te d\u0142u\u017csze o \u015brednicy trzpienia 12 mm to tzw. \u201eno\u017ce tn\u0105ce PLUS\u201d i s\u0105 kompatybilne z przecinarkami TZ oraz TX-MAX.<\/p>\n<h3>DANE TECHNICZNE:<\/h3>\n<ul>\n<li><b>Ref. &#8211;<\/b>\u00a0<span class=\"mpn\">1991<\/span><\/li>\n<li><b>EAN-13 &#8211;<\/b>\u00a0<span class=\"ean\">8413797019919<\/span><\/li>\n<li><b>Ilo\u015b\u0107 sztuk w pude\u0142ku &#8211;<\/b>\u00a01<\/li>\n<\/ul>\n","protected":false},"excerpt":{"rendered":"<p><span class=\"read-more-text-hidden\">N\u00f3\u017c z k\u00f3\u0142kiem RUBI SILVER PLUS nadaj\u0105 si\u0119 do nacinania a nast\u0119pnie \u0142amania p\u0142ytek ceramicznych \u015bciennych (BIII), glazurowanych p\u0142ytek kamiennych (BIb &#8211; BIIa), p\u0142ytek rustykalnych i ci\u0105gnionych (AIb &#8211; AII) oraz oczywi\u015bcie p\u0142ytek gresowych (BIa), odznaczaj\u0105cych si\u0119 niskim i \u015brednim poziomem trudno\u015bci ci\u0119cia. No\u017ce tn\u0105ce SILVER zosta\u0142y zaprojektowane i s\u0105 przeznaczone do pracy z p\u0142ytkami ceramicznym lub kamiennymi o g\u0142adkiej lub tylko lekko nier\u00f3wnej powierzchni.<\/span><\/p>\n","protected":false},"featured_media":22240,"comment_status":"open","ping_status":"closed","template":"","meta":{"_acf_changed":false,"inline_featured_image":false},"product_cat":[2287],"product_tag":[1928,2156,2160],"class_list":{"0":"post-21169","1":"product","2":"type-product","3":"status-publish","4":"has-post-thumbnail","6":"product_cat-noze-i-kolka-tnace","7":"product_tag-ciecie-plytek","8":"product_tag-noz-z-kolkiem","9":"product_tag-rubi-silver-plus","11":"first","12":"instock","13":"shipping-taxable","14":"purchasable","15":"product-type-simple"},"acf":[],"_links":{"self":[{"href":"https:\/\/e-adams.pl\/de\/wp-json\/wp\/v2\/product\/21169","targetHints":{"allow":["GET"]}}],"collection":[{"href":"https:\/\/e-adams.pl\/de\/wp-json\/wp\/v2\/product"}],"about":[{"href":"https:\/\/e-adams.pl\/de\/wp-json\/wp\/v2\/types\/product"}],"replies":[{"embeddable":true,"href":"https:\/\/e-adams.pl\/de\/wp-json\/wp\/v2\/comments?post=21169"}],"wp:featuredmedia":[{"embeddable":true,"href":"https:\/\/e-adams.pl\/de\/wp-json\/wp\/v2\/media\/22240"}],"wp:attachment":[{"href":"https:\/\/e-adams.pl\/de\/wp-json\/wp\/v2\/media?parent=21169"}],"wp:term":[{"taxonomy":"product_cat","embeddable":true,"href":"https:\/\/e-adams.pl\/de\/wp-json\/wp\/v2\/product_cat?post=21169"},{"taxonomy":"product_tag","embeddable":true,"href":"https:\/\/e-adams.pl\/de\/wp-json\/wp\/v2\/product_tag?post=21169"}],"curies":[{"name":"wp","href":"https:\/\/api.w.org\/{rel}","templated":true}]}}