{"id":21174,"date":"2023-09-12T12:13:44","date_gmt":"2023-09-12T10:13:44","guid":{"rendered":"https:\/\/e-adams.pl\/produkt\/rubi-obcegi-szczypce-do-gresu-porcelanowego\/"},"modified":"2024-02-15T11:49:33","modified_gmt":"2024-02-15T10:49:33","slug":"obcegi-szczypce-do-gresu-porcelanowego-rubi","status":"publish","type":"product","link":"https:\/\/e-adams.pl\/de\/produkt\/obcegi-szczypce-do-gresu-porcelanowego-rubi\/","title":{"rendered":"Obc\u0119gi &#8211; szczypce do gresu porcelanowego RUBI"},"content":{"rendered":"<h3>OPIS:<\/h3>\n<p><span class=\"read-more-text-visible\">Obc\u0119gi &#8211; szczypce do gresu porcelanowego <a href=\"https:\/\/e-adams.pl\/oferta\/rubi\/\">RUBI<\/a> umo\u017cliwiaj\u0105 glazurnikowi wyr\u00f3wnywanie ci\u0119\u0107 w tym niezwykle twardym materiale dzi\u0119ki dw\u00f3m k\u00f3\u0142kom tn\u0105cym z w\u0119glika wolframu z pow\u0142ok\u0105 tytanow\u0105.<\/span><\/p>\n<p>Specjalne obc\u0119gi do ci\u0119cia w\u0105skich pask\u00f3w o szeroko\u015bci do 1 cm, kt\u00f3rych glazurnik nie b\u0119dzie w stanie wykona\u0107 przy u\u017cycie przecinarki r\u0119cznej.<br \/>\n<span class=\"center-block center-align\"><br \/>\n<\/span><span class=\"read-more-text-hidden\"><br \/>\nInaczej ni\u017c obc\u0119gi ze szcz\u0119kami z w\u0119glika wolframu lub stalowymi, obc\u0119gi do p\u0142ytek porcelanowych posiadaj\u0105 dwa k\u00f3\u0142ka tn\u0105ce z w\u0119glika wolframu z tytanow\u0105 pow\u0142ok\u0105, co znacznie wyd\u0142u\u017ca \u017cywotno\u015b\u0107 obc\u0119g\u00f3w. Kiedy ostrza k\u00f3\u0142ek tn\u0105cych ulegn\u0105 st\u0119pieniu wystarczy je wymieni\u0107 na nowe, co jeszcze bardziej przed\u0142u\u017cy u\u017cyteczno\u015b\u0107 naszych obc\u0119g\u00f3w.<\/span><\/p>\n<p>W RUBI zawsze mieli\u015bmy blisk\u0105 relacj\u0119 z p\u0142ytkarzami i nieustannie staramy si\u0119 utrzyma\u0107 p\u0142ynn\u0105 komunikacj\u0119 z nimi. Dzi\u0119ki temu mo\u017cemy oferowa\u0107 bran\u017cy budowlanej innowacyjne narz\u0119dzia doskonale spe\u0142niaj\u0105ce potrzeby pojawiaj\u0105ce si\u0119 podczas codziennej pracy.<\/p>\n<h3>DANE TECHNICZNE:<\/h3>\n<ul>\n<li><b>Ref. &#8211;<\/b>\u00a0<span class=\"mpn\">83942<\/span><\/li>\n<li><b>EAN-13 &#8211;<\/b>\u00a0<span class=\"ean\">8413797839425<\/span><\/li>\n<li><b>Ilo\u015b\u0107 sztuk w pude\u0142ku &#8211;<\/b>\u00a05<\/li>\n<\/ul>\n","protected":false},"excerpt":{"rendered":"<p><span class=\"read-more-text-visible\">Obc\u0119gi &#8211; szczypce do gresu porcelanowego RUBI umo\u017cliwiaj\u0105 glazurnikowi wyr\u00f3wnywanie ci\u0119\u0107 w tym niezwykle twardym materiale dzi\u0119ki dw\u00f3m k\u00f3\u0142kom tn\u0105cym z w\u0119glika wolframu z pow\u0142ok\u0105 tytanow\u0105. Specjalne obc\u0119gi do ci\u0119cia w\u0105skich pask\u00f3w o szeroko\u015bci do 1 cm, kt\u00f3rych glazurnik nie b\u0119dzie w stanie wykona\u0107 przy u\u017cycie przecinarki r\u0119cznej.<\/span><\/p>\n","protected":false},"featured_media":22076,"comment_status":"open","ping_status":"closed","template":"","meta":{"_acf_changed":false,"inline_featured_image":false},"product_cat":[196],"product_tag":[2050,2048,2049],"class_list":{"0":"post-21174","1":"product","2":"type-product","3":"status-publish","4":"has-post-thumbnail","6":"product_cat-narzedzia-reczne","7":"product_tag-gres-porcelanowy","8":"product_tag-obcegi","9":"product_tag-szczypce","11":"first","12":"instock","13":"shipping-taxable","14":"purchasable","15":"product-type-simple"},"acf":[],"_links":{"self":[{"href":"https:\/\/e-adams.pl\/de\/wp-json\/wp\/v2\/product\/21174","targetHints":{"allow":["GET"]}}],"collection":[{"href":"https:\/\/e-adams.pl\/de\/wp-json\/wp\/v2\/product"}],"about":[{"href":"https:\/\/e-adams.pl\/de\/wp-json\/wp\/v2\/types\/product"}],"replies":[{"embeddable":true,"href":"https:\/\/e-adams.pl\/de\/wp-json\/wp\/v2\/comments?post=21174"}],"wp:featuredmedia":[{"embeddable":true,"href":"https:\/\/e-adams.pl\/de\/wp-json\/wp\/v2\/media\/22076"}],"wp:attachment":[{"href":"https:\/\/e-adams.pl\/de\/wp-json\/wp\/v2\/media?parent=21174"}],"wp:term":[{"taxonomy":"product_cat","embeddable":true,"href":"https:\/\/e-adams.pl\/de\/wp-json\/wp\/v2\/product_cat?post=21174"},{"taxonomy":"product_tag","embeddable":true,"href":"https:\/\/e-adams.pl\/de\/wp-json\/wp\/v2\/product_tag?post=21174"}],"curies":[{"name":"wp","href":"https:\/\/api.w.org\/{rel}","templated":true}]}}