{"id":21175,"date":"2023-09-12T12:13:44","date_gmt":"2023-09-12T10:13:44","guid":{"rendered":"https:\/\/e-adams.pl\/produkt\/rubi-obcegi-szczypce-do-mozaiki\/"},"modified":"2024-02-15T11:49:33","modified_gmt":"2024-02-15T10:49:33","slug":"obcegi-do-mozaiki-rubi","status":"publish","type":"product","link":"https:\/\/e-adams.pl\/de\/produkt\/obcegi-do-mozaiki-rubi\/","title":{"rendered":"Obc\u0119gi do mozaiki RUBI"},"content":{"rendered":"<h3>OPIS:<\/h3>\n<p><span class=\"read-more-text-visible\">Obc\u0119gi do mozaiki RUBI maj\u0105 bardzo tward\u0105 ko\u0144c\u00f3wk\u0119 z w\u0119glika wolframu, doskona\u0142\u0105 do ci\u0119cia fragment\u00f3w p\u0142ytek ceramicznych oraz mozaiki.<br \/>\nInaczej ni\u017c w konkurencyjnych modelach, zakrzywione szcz\u0119ki w obc\u0119gach <a href=\"https:\/\/e-adams.pl\/oferta\/rubi\/\">RUBI<\/a> u\u0142atwiaj\u0105 dok\u0142adne i bezpieczne ci\u0119cie materia\u0142\u00f3w wra\u017cliwych i \u0142atwo p\u0119kaj\u0105cych. Dzi\u0119ki temu u\u017cytkownik nie musi u\u017cywa\u0107 nadmiernej si\u0142y do wykonania dobrego ci\u0119cia.<br \/>\n<\/span><span class=\"center-block center-align\"><br \/>\n<\/span><span class=\"read-more-text-hidden\">Ergonomiczny uchwyt obc\u0119g\u00f3w do mozaiki zapewnia komfort pracy i zmniejsza wysi\u0142ek u\u017cytkownika podczas wykonywania ci\u0119\u0107.<\/span><\/p>\n<p>RUBI zapewnia profesjonalistom szerok\u0105 gam\u0119 narz\u0119dzi i akcesori\u00f3w do ci\u0119cia i uk\u0142adania p\u0142ytek ceramicznych. RUBI by\u0142o wynalazc\u0105 i tw\u00f3rc\u0105 pierwszej r\u0119cznej przecinarki do p\u0142ytek, a dzi\u015b oferuje du\u017cy wyb\u00f3r narz\u0119dzi i wyposa\u017cenia najwy\u017cszej jako\u015bci aby sprosta\u0107 wymaganiom dzisiejszych profesjonalist\u00f3w.<\/p>\n<h3>DANE TECHNICZNE:<\/h3>\n<p>&nbsp;<\/p>\n","protected":false},"excerpt":{"rendered":"<p><span class=\"read-more-text-visible\">Obc\u0119gi do mozaiki RUBI maj\u0105 bardzo tward\u0105 ko\u0144c\u00f3wk\u0119 z w\u0119glika wolframu, doskona\u0142\u0105 do ci\u0119cia fragment\u00f3w p\u0142ytek ceramicznych oraz mozaiki. Inaczej ni\u017c w konkurencyjnych modelach, zakrzywione szcz\u0119ki w obc\u0119gach RUBI u\u0142atwiaj\u0105 dok\u0142adne i bezpieczne ci\u0119cie materia\u0142\u00f3w wra\u017cliwych i \u0142atwo p\u0119kaj\u0105cych. Dzi\u0119ki temu u\u017cytkownik nie musi u\u017cywa\u0107 nadmiernej si\u0142y do wykonania dobrego ci\u0119cia.<\/span><\/p>\n","protected":false},"featured_media":22113,"comment_status":"open","ping_status":"closed","template":"","meta":{"_acf_changed":false,"inline_featured_image":false},"product_cat":[196],"product_tag":[2080,1878],"class_list":{"0":"post-21175","1":"product","2":"type-product","3":"status-publish","4":"has-post-thumbnail","6":"product_cat-narzedzia-reczne","7":"product_tag-obcegi-do-mozaiki","8":"product_tag-rubi","10":"first","11":"instock","12":"shipping-taxable","13":"purchasable","14":"product-type-simple"},"acf":[],"_links":{"self":[{"href":"https:\/\/e-adams.pl\/de\/wp-json\/wp\/v2\/product\/21175","targetHints":{"allow":["GET"]}}],"collection":[{"href":"https:\/\/e-adams.pl\/de\/wp-json\/wp\/v2\/product"}],"about":[{"href":"https:\/\/e-adams.pl\/de\/wp-json\/wp\/v2\/types\/product"}],"replies":[{"embeddable":true,"href":"https:\/\/e-adams.pl\/de\/wp-json\/wp\/v2\/comments?post=21175"}],"wp:featuredmedia":[{"embeddable":true,"href":"https:\/\/e-adams.pl\/de\/wp-json\/wp\/v2\/media\/22113"}],"wp:attachment":[{"href":"https:\/\/e-adams.pl\/de\/wp-json\/wp\/v2\/media?parent=21175"}],"wp:term":[{"taxonomy":"product_cat","embeddable":true,"href":"https:\/\/e-adams.pl\/de\/wp-json\/wp\/v2\/product_cat?post=21175"},{"taxonomy":"product_tag","embeddable":true,"href":"https:\/\/e-adams.pl\/de\/wp-json\/wp\/v2\/product_tag?post=21175"}],"curies":[{"name":"wp","href":"https:\/\/api.w.org\/{rel}","templated":true}]}}