{"id":21176,"date":"2023-09-12T12:13:45","date_gmt":"2023-09-12T10:13:45","guid":{"rendered":"https:\/\/e-adams.pl\/produkt\/rubi-obcegi-szczypce-do-plytek-ceramicznych\/"},"modified":"2024-02-15T11:49:33","modified_gmt":"2024-02-15T10:49:33","slug":"obcegi-do-plytek-ceramicznych-rubi","status":"publish","type":"product","link":"https:\/\/e-adams.pl\/de\/produkt\/obcegi-do-plytek-ceramicznych-rubi\/","title":{"rendered":"Obc\u0119gi do p\u0142ytek ceramicznych RUBI"},"content":{"rendered":"<h3>OPIS:<\/h3>\n<p><span class=\"read-more-text-visible\">Obc\u0119gi do p\u0142ytek ceramicznych <a href=\"https:\/\/e-adams.pl\/oferta\/rubi\/\">RUBI<\/a> to uniwersalne narz\u0119dzie do wyr\u00f3wnywania ci\u0119\u0107 w p\u0142ytkach \u015bciennych i terakocie. Bardzo twarde szcz\u0119ki obc\u0119g\u00f3w do p\u0142ytek ceramicznych RUBI maj\u0105 wykonane z w\u0119glika wolframu ko\u0144c\u00f3wki.<br \/>\nSzcz\u0119ki s\u0105 tak zaprojektowane, \u017ce ich ko\u0144c\u00f3wki z w\u0119glika wolframu nigdy nie maj\u0105 ze sob\u0105 kontaktu. Dzi\u0119ki temu ich \u017cywotno\u015b\u0107 jest znacznie d\u0142u\u017csza.<br \/>\n<\/span><span class=\"center-block center-align\"><br \/>\n<\/span><span class=\"read-more-text-hidden\"><br \/>\nDzi\u0119ki obc\u0119gom do p\u0142ytek ceramicznych glazurnik mo\u017ce wyr\u00f3wna\u0107 te ci\u0119cia, kt\u00f3re nie zosta\u0142y wykonane przy u\u017cyciu przecinarki r\u0119cznej, lub wykona\u0107 ma\u0142e ci\u0119cia, kt\u00f3re nie wymagaj\u0105 u\u017cycia wi\u0119kszych narz\u0119dzi.<\/p>\n<p>Ergonomiczny uchwyt obc\u0119g\u00f3w do ceramiki zapewnia komfort pracy i zmniejsza wysi\u0142ek u\u017cytkownika podczas wykonywania ci\u0119\u0107.<\/p>\n<p>W RUBI nie tylko troszczymy si\u0119 o zaprojektowanie, wyprodukowanie i dostarczenie najlepszych narz\u0119dzi niezb\u0119dnych podczas uk\u0142adania p\u0142ytek ceramicznych. My\u015blimy r\u00f3wnie\u017c o dodatkach i akcesoriach, jakie mog\u0119 by\u0107 u\u017cyteczne dla profesjonalnych glazurnik\u00f3w.<\/span><\/p>\n<h3>DANE TECHNICZNE:<\/h3>\n<ul>\n<li><b>Ref. &#8211;<\/b>\u00a0<span class=\"mpn\">65926<\/span><\/li>\n<li><b>EAN-13 &#8211;<\/b>\u00a0<span class=\"ean\">8413797659269<\/span><\/li>\n<li><b>Ilo\u015b\u0107 sztuk w pude\u0142ku &#8211;<\/b>\u00a06<\/li>\n<\/ul>\n","protected":false},"excerpt":{"rendered":"<p><span class=\"read-more-text-visible\">Obc\u0119gi do p\u0142ytek ceramicznych RUBI to uniwersalne narz\u0119dzie do wyr\u00f3wnywania ci\u0119\u0107 w p\u0142ytkach \u015bciennych i terakocie. Bardzo twarde szcz\u0119ki obc\u0119g\u00f3w do p\u0142ytek ceramicznych RUBI maj\u0105 wykonane z w\u0119glika wolframu ko\u0144c\u00f3wki.<\/span><\/p>\n","protected":false},"featured_media":22158,"comment_status":"open","ping_status":"closed","template":"","meta":{"_acf_changed":false,"inline_featured_image":false},"product_cat":[196],"product_tag":[2104,1878],"class_list":{"0":"post-21176","1":"product","2":"type-product","3":"status-publish","4":"has-post-thumbnail","6":"product_cat-narzedzia-reczne","7":"product_tag-obcegi-do-plytek-ceramicznych","8":"product_tag-rubi","10":"first","11":"instock","12":"shipping-taxable","13":"purchasable","14":"product-type-simple"},"acf":[],"_links":{"self":[{"href":"https:\/\/e-adams.pl\/de\/wp-json\/wp\/v2\/product\/21176","targetHints":{"allow":["GET"]}}],"collection":[{"href":"https:\/\/e-adams.pl\/de\/wp-json\/wp\/v2\/product"}],"about":[{"href":"https:\/\/e-adams.pl\/de\/wp-json\/wp\/v2\/types\/product"}],"replies":[{"embeddable":true,"href":"https:\/\/e-adams.pl\/de\/wp-json\/wp\/v2\/comments?post=21176"}],"wp:featuredmedia":[{"embeddable":true,"href":"https:\/\/e-adams.pl\/de\/wp-json\/wp\/v2\/media\/22158"}],"wp:attachment":[{"href":"https:\/\/e-adams.pl\/de\/wp-json\/wp\/v2\/media?parent=21176"}],"wp:term":[{"taxonomy":"product_cat","embeddable":true,"href":"https:\/\/e-adams.pl\/de\/wp-json\/wp\/v2\/product_cat?post=21176"},{"taxonomy":"product_tag","embeddable":true,"href":"https:\/\/e-adams.pl\/de\/wp-json\/wp\/v2\/product_tag?post=21176"}],"curies":[{"name":"wp","href":"https:\/\/api.w.org\/{rel}","templated":true}]}}