{"id":21178,"date":"2023-09-12T12:13:47","date_gmt":"2023-09-12T10:13:47","guid":{"rendered":"https:\/\/e-adams.pl\/produkt\/rubi-oselka-do-ostrzenia-tarcz-n-05974\/"},"modified":"2024-05-10T11:02:38","modified_gmt":"2024-05-10T09:02:38","slug":"bloczek-do-oczyszczania-tarcz-n-rubi","status":"publish","type":"product","link":"https:\/\/e-adams.pl\/de\/produkt\/bloczek-do-oczyszczania-tarcz-n-rubi\/","title":{"rendered":"Bloczek do oczyszczania tarcz -N RUBI"},"content":{"rendered":"<h3>OPIS:<\/h3>\n<p>Bloczek do oczyszczania tarcz -N <a href=\"https:\/\/e-adams.pl\/oferta\/rubi\/\">RUBI<\/a> szczeg\u00f3lnie u\u017cyteczny przy tarczach do p\u0142ytek porcelanowych oraz tarczach o du\u017cych \u015brednicach. Zaleca si\u0119 okresowe u\u017cywanie bloczka (co kilka ci\u0119\u0107) dla utrzymania idealnych w\u0142a\u015bciwo\u015bci tn\u0105cych tarczy.<\/p>\n<h3>DANE TECHNICZNE:<\/h3>\n<ul>\n<li><b>Ref. &#8211;<\/b>\u00a0<span class=\"mpn\">5974<\/span><\/li>\n<li><b>EAN-13 &#8211;<\/b>\u00a0<span class=\"ean\">8413797059748<\/span><\/li>\n<li><b>Ilo\u015b\u0107 sztuk w pude\u0142ku &#8211;<\/b>\u00a05<\/li>\n<\/ul>\n","protected":false},"excerpt":{"rendered":"<p>Bloczek do oczyszczania tarcz -N RUBI szczeg\u00f3lnie u\u017cyteczny przy tarczach do p\u0142ytek porcelanowych oraz tarczach o du\u017cych \u015brednicach. Zaleca si\u0119 okresowe u\u017cywanie bloczka (co kilka ci\u0119\u0107) dla utrzymania idealnych w\u0142a\u015bciwo\u015bci tn\u0105cych tarczy.<\/p>\n","protected":false},"featured_media":22234,"comment_status":"open","ping_status":"closed","template":"","meta":{"_acf_changed":false,"inline_featured_image":false},"product_cat":[2285],"product_tag":[2150,2151,1878],"class_list":{"0":"post-21178","1":"product","2":"type-product","3":"status-publish","4":"has-post-thumbnail","6":"product_cat-akcesoria-glazurnicze","7":"product_tag-bloczek-do-oczyszczania","8":"product_tag-oszczenie-tarcz","9":"product_tag-rubi","11":"first","12":"instock","13":"shipping-taxable","14":"purchasable","15":"product-type-simple"},"acf":[],"_links":{"self":[{"href":"https:\/\/e-adams.pl\/de\/wp-json\/wp\/v2\/product\/21178","targetHints":{"allow":["GET"]}}],"collection":[{"href":"https:\/\/e-adams.pl\/de\/wp-json\/wp\/v2\/product"}],"about":[{"href":"https:\/\/e-adams.pl\/de\/wp-json\/wp\/v2\/types\/product"}],"replies":[{"embeddable":true,"href":"https:\/\/e-adams.pl\/de\/wp-json\/wp\/v2\/comments?post=21178"}],"wp:featuredmedia":[{"embeddable":true,"href":"https:\/\/e-adams.pl\/de\/wp-json\/wp\/v2\/media\/22234"}],"wp:attachment":[{"href":"https:\/\/e-adams.pl\/de\/wp-json\/wp\/v2\/media?parent=21178"}],"wp:term":[{"taxonomy":"product_cat","embeddable":true,"href":"https:\/\/e-adams.pl\/de\/wp-json\/wp\/v2\/product_cat?post=21178"},{"taxonomy":"product_tag","embeddable":true,"href":"https:\/\/e-adams.pl\/de\/wp-json\/wp\/v2\/product_tag?post=21178"}],"curies":[{"name":"wp","href":"https:\/\/api.w.org\/{rel}","templated":true}]}}