{"id":21179,"date":"2023-09-12T12:13:47","date_gmt":"2023-09-12T10:13:47","guid":{"rendered":"https:\/\/e-adams.pl\/produkt\/rubi-paski-3-12-mm-15-mm-delta-b-400-szt-02842\/"},"modified":"2024-02-15T11:49:47","modified_gmt":"2024-02-15T10:49:47","slug":"paski-rubi-3-12-mm-15-mm-delta-b-400szt","status":"publish","type":"product","link":"https:\/\/e-adams.pl\/de\/produkt\/paski-rubi-3-12-mm-15-mm-delta-b-400szt\/","title":{"rendered":"Paski RUBI 3-12 mm 1,5 mm DELTA B-400szt"},"content":{"rendered":"<h3>OPIS:<\/h3>\n<p><span class=\"read-more-text-visible\">Paski RUBI 3-12 mm 1,5 mm DELTA B-400szt to element <a href=\"https:\/\/e-adams.pl\/oferta\/rubi\/\">DELTA LEVEL SYSTEM<\/a> kt\u00f3ry zapobiega powstawaniu uskok\u00f3w mi\u0119dzy uk\u0142adanymi p\u0142ytkami ceramicznymi, zar\u00f3wno pod\u0142ogowymi jak i \u015bciennymi.<\/span><\/p>\n<p>DELTA LS zapobiega przesuwaniu si\u0119 p\u0142ytek podczas zastygania zaprawy.<\/p>\n<p>Podstawow\u0105 zasad\u0105 dzia\u0142ania systemu\u00a0 jest dociskanie wy\u017cej umiejscowionej p\u0142ytki a\u017c do momentu wyr\u00f3wnania jej powierzchni z p\u0142ytk\u0105 s\u0105siaduj\u0105c\u0105.<br \/>\n<span class=\"read-more-text-hidden\">DELTA to system oparty na paskach i klinach, zalecany do format\u00f3w 30&#215;30 cm i wi\u0119kszych oraz p\u0142ytek o r\u00f3\u017cnej grubo\u015bci, do 12, 15 i 20 mm, w zale\u017cno\u015bci od modelu paska.<\/span><\/p>\n<p>Spos\u00f3b u\u017cycia jest \u0142atwy i intuicyjny. Po zako\u0144czeniu uk\u0142adania p\u0142ytek elementy mocuj\u0105ce s\u0105 usuwane przez uderzenie (kopni\u0119ciem lub m\u0142otkiem), lecz zawsze w kierunku fugi.<br \/>\nKliny s\u0105 wielokrotnego u\u017cycia.<\/p>\n<p>Szczypce DELTA LEVEL SYSTEM mog\u0105 by\u0107 u\u017cywane podczas uk\u0142adania pionowych i poziomych powierzchni ceramicznych. Ich g\u0142\u00f3wnym zadaniem jest odpowiednie doci\u015bni\u0119cie klin\u00f3w, tak aby wypoziomowa\u0107 p\u0142ytki wzgl\u0119dem siebie i w ten spos\u00f3b uzyska\u0107 jednolicie p\u0142ask\u0105 powierzchni\u0119.<\/p>\n<h3>DANE TECHNICZNE:<\/h3>\n<ul>\n<li><b>Ref. &#8211;<\/b>\u00a0<span class=\"mpn\">2842<\/span><\/li>\n<li><b>EAN-13 &#8211;<\/b>\u00a0<span class=\"ean\">8413797028423<\/span><\/li>\n<li><b>Ilo\u015b\u0107 sztuk w pude\u0142ku &#8211;<\/b>\u00a013<\/li>\n<\/ul>\n","protected":false},"excerpt":{"rendered":"<p><span class=\"read-more-text-visible\">Paski RUBI 3-12 mm 1,5 mm DELTA B-400szt to element DELTA LEVEL SYSTEM ktory zapobiega powstawaniu uskok\u00f3w mi\u0119dzy uk\u0142adanymi p\u0142ytkami ceramicznymi, zar\u00f3wno pod\u0142ogowymi jak i \u015bciennymi.<\/span><\/p>\n","protected":false},"featured_media":22154,"comment_status":"open","ping_status":"closed","template":"","meta":{"_acf_changed":false,"inline_featured_image":false},"product_cat":[2293],"product_tag":[2101,2102,1878],"class_list":{"0":"post-21179","1":"product","2":"type-product","3":"status-publish","4":"has-post-thumbnail","6":"product_cat-systemy-poziomowania-plytek","7":"product_tag-delta-level-system","8":"product_tag-paski","9":"product_tag-rubi","11":"first","12":"instock","13":"shipping-taxable","14":"purchasable","15":"product-type-simple"},"acf":[],"_links":{"self":[{"href":"https:\/\/e-adams.pl\/de\/wp-json\/wp\/v2\/product\/21179","targetHints":{"allow":["GET"]}}],"collection":[{"href":"https:\/\/e-adams.pl\/de\/wp-json\/wp\/v2\/product"}],"about":[{"href":"https:\/\/e-adams.pl\/de\/wp-json\/wp\/v2\/types\/product"}],"replies":[{"embeddable":true,"href":"https:\/\/e-adams.pl\/de\/wp-json\/wp\/v2\/comments?post=21179"}],"wp:featuredmedia":[{"embeddable":true,"href":"https:\/\/e-adams.pl\/de\/wp-json\/wp\/v2\/media\/22154"}],"wp:attachment":[{"href":"https:\/\/e-adams.pl\/de\/wp-json\/wp\/v2\/media?parent=21179"}],"wp:term":[{"taxonomy":"product_cat","embeddable":true,"href":"https:\/\/e-adams.pl\/de\/wp-json\/wp\/v2\/product_cat?post=21179"},{"taxonomy":"product_tag","embeddable":true,"href":"https:\/\/e-adams.pl\/de\/wp-json\/wp\/v2\/product_tag?post=21179"}],"curies":[{"name":"wp","href":"https:\/\/api.w.org\/{rel}","templated":true}]}}