{"id":21180,"date":"2023-09-12T12:13:48","date_gmt":"2023-09-12T10:13:48","guid":{"rendered":"https:\/\/e-adams.pl\/produkt\/rubi-podkladka-pod-kolana\/"},"modified":"2024-05-10T11:02:40","modified_gmt":"2024-05-10T09:02:40","slug":"rubi-podkladka-pod-kolana","status":"publish","type":"product","link":"https:\/\/e-adams.pl\/de\/produkt\/rubi-podkladka-pod-kolana\/","title":{"rendered":"Podk\u0142adka pod kolana RUBI"},"content":{"rendered":"<h3>OPIS:<\/h3>\n<p>Podk\u0142adka pod kolana <a href=\"https:\/\/e-adams.pl\/oferta\/rubi\/\">RUBI<\/a> u\u0142atwia prac\u0119 na pod\u0142odze bez u\u017cywania nakolannik\u00f3w. Du\u017ca powierzchnia umo\u017cliwia wykorzystanie r\u00f3wnie\u017c do siedzenia. <span class=\"read-more-text-hidden\">Wykonana z poliuretanu podk\u0142adka pod kolana ma dwie warstwy o r\u00f3\u017cnej g\u0119sto\u015bci &#8211; bardziej zwart\u0105 i sztywn\u0105 zewn\u0119trzn\u0105 oraz l\u017cejsz\u0105 i bardziej elastyczn\u0105 wewn\u0119trzn\u0105.\u00a0<\/span><\/p>\n<p><span class=\"read-more-text-visible\">Produkty RUBI zawsze uwzgl\u0119dniaj\u0105 wymogi zdrowotne u\u017cytkownik\u00f3w. Przy projektowaniu narz\u0119dzi zawsze pami\u0119ta si\u0119 o kwestiach ergonomicznych, bowiem bezpiecze\u0144stwo i minimalizacja ryzyka urazu w trakcie pracy to podstawa korzystania z naszych produkt\u00f3w.<br \/>\nPodk\u0142adka pod kolana jest idealnym zamiennikiem profesjonalnych nakolannik\u00f3w dla os\u00f3b, kt\u00f3re nie lubi\u0105 nosi\u0107 element\u00f3w na sta\u0142e za\u0142o\u017conych na kolanach.<br \/>\n<\/span><span class=\"center-block center-align\"><br \/>\n<\/span><span class=\"read-more-text-hidden\">Taka budowa podk\u0142adki umo\u017cliwia prac\u0119 na pod\u0142odze bez potrzeby u\u017cywania nakolannik\u00f3w, jest bezpieczna, wygodna i praktyczna.\u00a0 Du\u017ca powierzchnia podk\u0142adki sprawia, \u017ce mo\u017cna j\u0105 u\u017cywa\u0107 r\u00f3wnie\u017c do siedzenia.<\/span><\/p>\n<p>Wiele prac w budownictwie wymaga sp\u0119dzania d\u0142ugiego czasu na pod\u0142odze w pozycji kl\u0119cz\u0105cej, przenoszenia obci\u0105\u017ce\u0144 i wykonywania powtarzalnych ruch\u00f3w. Skutki pracy w takim trybie daj\u0105 o sobie zna\u0107 w d\u0142ugim okresie. Podk\u0142adka kolanowa RUBI jest kompleksowym rozwi\u0105zaniem dla wi\u0119kszo\u015bci podobnych sytuacji.<\/p>\n<p>&nbsp;<\/p>\n","protected":false},"excerpt":{"rendered":"<p>Podk\u0142adka pod kolana RUBI u\u0142atwia prac\u0119 na pod\u0142odze bez u\u017cywania nakolannik\u00f3w. Du\u017ca powierzchnia umo\u017cliwia wykorzystanie r\u00f3wnie\u017c do siedzenia. <span class=\"read-more-text-hidden\">Wykonana z poliuretanu podk\u0142adka pod kolana RUBI ma dwie warstwy o r\u00f3\u017cnej g\u0119sto\u015bci &#8211; bardziej zwart\u0105 i sztywn\u0105 zewn\u0119trzn\u0105 oraz l\u017cejsz\u0105 i bardziej elastyczn\u0105 wewn\u0119trzn\u0105.\u00a0<\/span><\/p>\n","protected":false},"featured_media":22148,"comment_status":"open","ping_status":"closed","template":"","meta":{"_acf_changed":false,"inline_featured_image":false},"product_cat":[2285],"product_tag":[2097,1878],"class_list":{"0":"post-21180","1":"product","2":"type-product","3":"status-publish","4":"has-post-thumbnail","6":"product_cat-akcesoria-glazurnicze","7":"product_tag-podkladka-pod-kolana","8":"product_tag-rubi","10":"first","11":"outofstock","12":"shipping-taxable","13":"purchasable","14":"product-type-simple"},"acf":[],"_links":{"self":[{"href":"https:\/\/e-adams.pl\/de\/wp-json\/wp\/v2\/product\/21180","targetHints":{"allow":["GET"]}}],"collection":[{"href":"https:\/\/e-adams.pl\/de\/wp-json\/wp\/v2\/product"}],"about":[{"href":"https:\/\/e-adams.pl\/de\/wp-json\/wp\/v2\/types\/product"}],"replies":[{"embeddable":true,"href":"https:\/\/e-adams.pl\/de\/wp-json\/wp\/v2\/comments?post=21180"}],"wp:featuredmedia":[{"embeddable":true,"href":"https:\/\/e-adams.pl\/de\/wp-json\/wp\/v2\/media\/22148"}],"wp:attachment":[{"href":"https:\/\/e-adams.pl\/de\/wp-json\/wp\/v2\/media?parent=21180"}],"wp:term":[{"taxonomy":"product_cat","embeddable":true,"href":"https:\/\/e-adams.pl\/de\/wp-json\/wp\/v2\/product_cat?post=21180"},{"taxonomy":"product_tag","embeddable":true,"href":"https:\/\/e-adams.pl\/de\/wp-json\/wp\/v2\/product_tag?post=21180"}],"curies":[{"name":"wp","href":"https:\/\/api.w.org\/{rel}","templated":true}]}}