{"id":21182,"date":"2023-09-12T12:13:50","date_gmt":"2023-09-12T10:13:50","guid":{"rendered":"https:\/\/e-adams.pl\/produkt\/rubi-przecinarka-dcx-250-expert-1250-230v-50hz\/"},"modified":"2024-05-23T09:11:55","modified_gmt":"2024-05-23T07:11:55","slug":"przecinarka-rubi-dcx-250-expert-1250-230v-50hz","status":"publish","type":"product","link":"https:\/\/e-adams.pl\/de\/produkt\/przecinarka-rubi-dcx-250-expert-1250-230v-50hz\/","title":{"rendered":"Przecinarka RUBI DCX-250 EXPERT 1250 230V 50HZ"},"content":{"rendered":"<h3>OPIS:<\/h3>\n<p><span class=\"read-more-text-visible\">Profesjonalna przecinarka <a href=\"https:\/\/e-adams.pl\/oferta\/rubi\/\">RUBI DCX<\/a>-250 Xpert przeznaczona jest do intensywnego ci\u0119cia p\u0142ytek gresowych (BIa) oraz wszelkich innych rodzaj\u00f3w p\u0142ytek ceramicznych (BIIa \/ BIIb \/ BIII \/ AIb), umo\u017cliwiaj\u0105c te\u017c okazjonalne ci\u0119cie p\u0142ytek z kamienia naturalnego.<\/span><\/p>\n<p>Konstrukcja przecinarek DCX-250 Xpert sk\u0142ada si\u0119 ze wzmocnionego aluminiowego korpusu z innowacyjnym systemem potr\u00f3jnej belki i stalowymi frontami, co zapewnia stabilno\u015b\u0107 i sztywno\u015b\u0107 ca\u0142ej obudowy.<br \/>\n<span class=\"read-more-text-hidden\">Ruchoma g\u0142owica DCX-250 Xpert jest przesuwna po sztywnej aluminiowej prowadnicy. Przesuwna g\u0142owica ma tak\u017ce mo\u017cliwo\u015bc ruchu pionowego, co pozwala na zag\u0142\u0119bianie si\u0119 w przecinany materia\u0142 oraz dostosowanie g\u0142\u0119boko\u015bci ci\u0119cia do potrzeb u\u017cytkownika.<br \/>\nPrzecinarki elektryczne DCX-250 Xpert firmy RUBI s\u0105 wyposa\u017cone w system ch\u0142odzenia C3 Python, kt\u00f3ry umo\u017cliwia regulacj\u0119 punktu dop\u0142ywu wody w zale\u017cno\u015bci od grubo\u015bci materia\u0142u, dzi\u0119ki czemu woda trafia bezpo\u015brednio w punkt ci\u0119cia. System C3 Python pozwala zwi\u0119kszy\u0107 wydajno\u015b\u0107 ch\u0142odzenia oraz ogranicza rozbryzg i utrat\u0119 wody. Wydajniejsze ch\u0142odzenie pomaga zwi\u0119kszy\u0107 wydajno\u015b\u0107 tarczy diamentowej.<\/span><\/p>\n<p>System ch\u0142odzenia DCX-250 Xpert posiada podw\u00f3jny stalowy dekanter dla bardziej efektywnego odzysku zu\u017cytej wody, skierowany do zewn\u0119trznego zbiornika wody o pojemno\u015bci 30 litr\u00f3w. Dzi\u0119ki zastosowaniu zbiornika zewn\u0119trznego jego czyszczenie i opr\u00f3\u017cnianie jest \u0142atwe i szybkie.<\/p>\n<p>Modele z serii DCX-250 Xpert posiadaj\u0105 wzmocnione uchwyty i k\u00f3\u0142ka (typu terenowego), kt\u00f3re zapewniaj\u0105 \u0142atwy transport i obs\u0142ug\u0119 przecinarek. Sk\u0142adane i wzmocnione nogi posiadaj\u0105 system szybkiego blokowania oraz zabezpieczenie zapobiegaj\u0105ce przypadkowemu z\u0142o\u017ceniu podczas pracy i przesuni\u0119ciu maszyny w trakcie realizacji ci\u0119cia. Dodatkowo DCX posiadaj\u0105 precyzyjn\u0105 regulacj\u0119 poziomu ustawienia sto\u0142u.<\/p>\n<p>&nbsp;<\/p>\n<h3>Dane techniczne:<\/h3>\n<ul>\n<li style=\"list-style-type: none;\">\n<ul>\n<li><b>D\u0142ugo\u015b\u0107 ci\u0119cia &#8211;<\/b> 125 cm<\/li>\n<li><b>D\u0142ugo\u015b\u0107 ci\u0119cia z zag\u0142\u0119bianiem &#8211;<\/b> 133 cm<\/li>\n<li><b>Maksymalna grubo\u015b\u0107 ci\u0119cia w 1 lub 2 przej\u015bciach &#8211;<\/b> 60 \/ 90 mm<\/li>\n<li><b>Grubo\u015b\u0107 ukosowania &#8211;<\/b> 50 mm<\/li>\n<li><b>Zasilanie &#8211;<\/b> 230V-50Hz.<\/li>\n<li><b>Obroty na minut\u0119 &#8211;<\/b> 2750<\/li>\n<li><b>\u015arednica zewn\u0119trzna &#8211;<\/b> 250 mm<\/li>\n<li><b>\u015arednica wewn\u0119trzna &#8211;<\/b> 25,4 mm<\/li>\n<li><b>D\u0142ugo\u015b\u0107 szeroko\u015b\u0107 wysoko\u015b\u0107 &#8211;<\/b> 192x74x130 cm<\/li>\n<li><b>Waga netto &#8211;<\/b> 78 kg<\/li>\n<li><b>Ilo\u015b\u0107 sztuk w pude\u0142ku &#8211;<\/b> 1<\/li>\n<\/ul>\n<\/li>\n<\/ul>\n","protected":false},"excerpt":{"rendered":"<p>Profesjonalna przecinarka RUBI DCX-250 Xpert przeznaczona jest do intensywnego ci\u0119cia p\u0142ytek gresowych (BIa) oraz wszelkich innych rodzaj\u00f3w p\u0142ytek ceramicznych (BIIa \/ BIIb \/ BIII \/ AIb), umo\u017cliwiaj\u0105c te\u017c okazjonalne ci\u0119cie p\u0142ytek z kamienia naturalnego.<\/p>\n","protected":false},"featured_media":21781,"comment_status":"open","ping_status":"closed","template":"","meta":{"_acf_changed":false,"inline_featured_image":false},"product_cat":[101],"product_tag":[1928,1929,1927],"class_list":{"0":"post-21182","1":"product","2":"type-product","3":"status-publish","4":"has-post-thumbnail","6":"product_cat-bramy-okna-ogrodzenia","7":"product_tag-ciecie-plytek","8":"product_tag-gress","9":"product_tag-przecinarka-rubi","11":"first","12":"outofstock","13":"shipping-taxable","14":"purchasable","15":"product-type-simple"},"acf":[],"_links":{"self":[{"href":"https:\/\/e-adams.pl\/de\/wp-json\/wp\/v2\/product\/21182","targetHints":{"allow":["GET"]}}],"collection":[{"href":"https:\/\/e-adams.pl\/de\/wp-json\/wp\/v2\/product"}],"about":[{"href":"https:\/\/e-adams.pl\/de\/wp-json\/wp\/v2\/types\/product"}],"replies":[{"embeddable":true,"href":"https:\/\/e-adams.pl\/de\/wp-json\/wp\/v2\/comments?post=21182"}],"wp:featuredmedia":[{"embeddable":true,"href":"https:\/\/e-adams.pl\/de\/wp-json\/wp\/v2\/media\/21781"}],"wp:attachment":[{"href":"https:\/\/e-adams.pl\/de\/wp-json\/wp\/v2\/media?parent=21182"}],"wp:term":[{"taxonomy":"product_cat","embeddable":true,"href":"https:\/\/e-adams.pl\/de\/wp-json\/wp\/v2\/product_cat?post=21182"},{"taxonomy":"product_tag","embeddable":true,"href":"https:\/\/e-adams.pl\/de\/wp-json\/wp\/v2\/product_tag?post=21182"}],"curies":[{"name":"wp","href":"https:\/\/api.w.org\/{rel}","templated":true}]}}