{"id":21183,"date":"2023-09-12T12:13:50","date_gmt":"2023-09-12T10:13:50","guid":{"rendered":"https:\/\/e-adams.pl\/produkt\/rubi-przecinarka-hit-1200-plus\/"},"modified":"2024-07-15T11:31:31","modified_gmt":"2024-07-15T09:31:31","slug":"przecinarka-rubi-hit-1200-plus","status":"publish","type":"product","link":"https:\/\/e-adams.pl\/de\/produkt\/przecinarka-rubi-hit-1200-plus\/","title":{"rendered":"Przecinarka RUBI HIT 1200 PLUS"},"content":{"rendered":"<h3>OPIS:<\/h3>\n<p>Przecinarka r\u0119czna <a href=\"https:\/\/e-adams.pl\/oferta\/rubi\/\">RUBI HIT 1200 PLUS<\/a> to wytrzyma\u0142a i precyzyjna maszynka do wymagaj\u0105cych prac z p\u0142ytkami ceramicznymi du\u017cego formatu. Jej przeznaczenie to ci\u0119cia p\u0142ytek ceramicznych ka\u017cdego rodzaju, w tym gresu porcelanowego, gres\u00f3w szkliwionych oraz p\u0142ytek \u015bciennych.<br \/>\nWyposa\u017cona jest w system \u0142amacza o wysokiej wydajno\u015bci i maksymalnej sile nacisku do 900 kg<br \/>\nMechanizm \u0142amacza zaopatrzony jest w system Rubi Magnet, dzi\u0119ki kt\u00f3remu mo\u017cliwe jest blokowanie i odblokowywanie dr\u0105\u017cka, tak aby naci\u0105\u0107 i rozdzieli\u0107 p\u0142ytk\u0119 tylko jedn\u0105 r\u0119k\u0105<\/p>\n<p>Narz\u0119dzie posiada dodatkowe, aluminiowe ramiona, kt\u00f3re zwi\u0119kszaj\u0105 powierzchni\u0119 podparcia podczas pracy z p\u0142ytkami wielkoformatowymi<br \/>\nRUBI HIT 1200 PLUS posiada tak\u017ce przymiar boczny, kt\u00f3ry u\u0142atwia pomiar i realizacj\u0119 powtarzalnych ci\u0119\u0107 prostych oraz pozycjonowanie p\u0142ytki pod k\u0105tem 45\u00ba<br \/>\nPodw\u00f3jne podparcie pod p\u0142ytki z dodatkowym elementem do ci\u0119cia k\u0105t\u00f3w 45\u00b0<br \/>\nWyposa\u017cona w prowadnice pe\u0142ne, kalibrowane, kt\u00f3re wykonane s\u0105 ze stali hartowanej, zapewniaj\u0105ce wi\u0119ksz\u0105 sztywno\u015b\u0107 i odporno\u015b\u0107 na ugi\u0119cia<\/p>\n<h3>Dane techniczne:<\/h3>\n<ul class=\"list\">\n<li>D\u0142ugo\u015b\u0107 ci\u0119cia 1200mm<\/li>\n<li>Maksymalna wytrzyma\u0142o\u015b\u0107 \u0142amacza: 900kg<\/li>\n<li>Maksymalny wymiar p\u0142ytki \u0142amanej po przek\u0105tnej: 85x85cm<\/li>\n<li>Grubo\u015b\u0107 materia\u0142u: 3-18mm<\/li>\n<li>Maksymalna grubo\u015b\u0107 materia\u0142u przy zastosowanych os\u0142onach stopy \u0142amacza: 16mm<\/li>\n<li>Wymiary: 1400x235x148mm<\/li>\n<li>Masa: 20,4kg<\/li>\n<\/ul>\n","protected":false},"excerpt":{"rendered":"<p>Przecinarka r\u0119czna RUBI HIT 1200 PLUS to wytrzyma\u0142a i precyzyjna maszynka do wymagaj\u0105cych prac z p\u0142ytkami ceramicznymi du\u017cego formatu. Jej przeznaczenie to ci\u0119cie p\u0142ytek ceramicznych ka\u017cdego rodzaju, w tym gresu porcelanowego, gres\u00f3w szkliwionych oraz p\u0142ytek \u015bciennych.<\/p>\n","protected":false},"featured_media":21786,"comment_status":"open","ping_status":"closed","template":"","meta":{"_acf_changed":false,"inline_featured_image":false},"product_cat":[2291],"product_tag":[1928,1932,1933],"class_list":{"0":"post-21183","1":"product","2":"type-product","3":"status-publish","4":"has-post-thumbnail","6":"product_cat-przecinarki-reczne","7":"product_tag-ciecie-plytek","8":"product_tag-przecinarka-reczna","9":"product_tag-rubi-hit-1200-plus","11":"first","12":"instock","13":"shipping-taxable","14":"purchasable","15":"product-type-simple"},"acf":[],"_links":{"self":[{"href":"https:\/\/e-adams.pl\/de\/wp-json\/wp\/v2\/product\/21183","targetHints":{"allow":["GET"]}}],"collection":[{"href":"https:\/\/e-adams.pl\/de\/wp-json\/wp\/v2\/product"}],"about":[{"href":"https:\/\/e-adams.pl\/de\/wp-json\/wp\/v2\/types\/product"}],"replies":[{"embeddable":true,"href":"https:\/\/e-adams.pl\/de\/wp-json\/wp\/v2\/comments?post=21183"}],"wp:featuredmedia":[{"embeddable":true,"href":"https:\/\/e-adams.pl\/de\/wp-json\/wp\/v2\/media\/21786"}],"wp:attachment":[{"href":"https:\/\/e-adams.pl\/de\/wp-json\/wp\/v2\/media?parent=21183"}],"wp:term":[{"taxonomy":"product_cat","embeddable":true,"href":"https:\/\/e-adams.pl\/de\/wp-json\/wp\/v2\/product_cat?post=21183"},{"taxonomy":"product_tag","embeddable":true,"href":"https:\/\/e-adams.pl\/de\/wp-json\/wp\/v2\/product_tag?post=21183"}],"curies":[{"name":"wp","href":"https:\/\/api.w.org\/{rel}","templated":true}]}}