{"id":21184,"date":"2023-09-12T12:13:51","date_gmt":"2023-09-12T10:13:51","guid":{"rendered":"https:\/\/e-adams.pl\/produkt\/rubi-przecinarka-tx-1250-max\/"},"modified":"2024-05-10T11:02:40","modified_gmt":"2024-05-10T09:02:40","slug":"przecinarka-rubi-tx-1250-max","status":"publish","type":"product","link":"https:\/\/e-adams.pl\/de\/produkt\/przecinarka-rubi-tx-1250-max\/","title":{"rendered":"Przecinarka RUBI TX &#8211; 1250 MAX"},"content":{"rendered":"<h3>OPIS :<\/h3>\n<p><span class=\"read-more-text-visible\">Profesjonalna przecinarka r\u0119czna RUBI TX &#8211; 1250 MAX jest przeznaczona do intensywnego ci\u0119cia wszystkich rodzaj\u00f3w p\u0142ytek ceramicznych. Dzi\u0119ki wysoce wydajnemu \u0142amaczowi wielopunktowemu i obrotowemu przymiarowi czo\u0142owemu, model TX-MAX umo\u017cliwia \u0142atwe i szybkie wykonanie ci\u0119\u0107 po przek\u0105tnej (od 0 \u00ba do 45 \u00ba), szczeg\u00f3lnie w przypadku p\u0142ytek gresowych (AIa\/BIa). Du\u017ca si\u0142a \u0142amacza (a\u017c do 1200 kg) pozwala przecinarkom TX-MAX r\u00f3wnie\u017c na doskona\u0142e ci\u0119cie p\u0142ytek ci\u0105gnionych.<br \/>\n<\/span><span class=\"center-block center-align\"><br \/>\n<\/span><span class=\"read-more-text-hidden\">Prowadnice wykonane z rur stalowych o \u015brednicy 30 mm i g\u0142owica z wyd\u0142u\u017conymi, aluminiowymi \u015blizgami, zapewniaj\u0105 imponuj\u0105c\u0105 wytrzyma\u0142o\u015b\u0107 konstrukcyjn\u0105, dzi\u0119ki czemu mo\u017cliwo\u015bci modeli o wi\u0119kszej d\u0142ugo\u015bci ci\u0119cia (TX-1020 MAX i TX-1250 MAX) mog\u0105 by\u0107 w pe\u0142ni wykorzystywane.<br \/>\nZaawansowana konstrukcja w\u00f3zka zwi\u0119ksza widoczno\u015b\u0107 podczas nacinania i \u0142amania, natomiast stopka \u0142amacza posiada zdejmowan\u0105 os\u0142on\u0119, kt\u00f3ra pozwala na prac\u0119 na najbardziej delikatnych powierzchniach bez ryzyka pozostawienia \u015blad\u00f3w.<br \/>\nMechanizm \u0142amacza umo\u017cliwia prac\u0119 jedn\u0105 r\u0119k\u0105, u\u0142atwiaj\u0105c blokowanie i odblokowywanie stopy \u0142amacza za pomoc\u0105 zapadki i systemu spustowego. System ten zwi\u0119ksza wydajno\u015b\u0107 pracy, zar\u00f3wno przy cie\u0144szych jak i grubszych materia\u0142ach (od 3 do 21 mm bez os\u0142ony, jak i do 19 mm z os\u0142on\u0105 stopki).<\/span><\/p>\n<p>Jako uzupe\u0142nienie systemu amortyzowanych blat\u00f3w, modele 710 i 1020 s\u0105 wyposa\u017cone w dwa dodatkowe ramiona boczne w celu zwi\u0119kszenia powierzchni podparcia dla p\u0142ytek wielkoformatowych. Model 1250 posiada 4 ramiona (po dwa z ka\u017cdej strony).<br \/>\nWszystkie modele z serii TX-MAX zawieraj\u0105 boczny ogranicznik do pomiaru i blokowania ci\u0119\u0107 i wykonania w\u0105skich, powtarzalnych ci\u0119\u0107, jak r\u00f3wnie\u017c dwa k\u00f3\u0142ka tn\u0105ce (8 mm i 22 mm <a href=\"https:\/\/e-adams.pl\/oferta\/rubi\/\">EXTREME<\/a>) oraz tradycyjn\u0105 walizk\u0119.<br \/>\nR\u0119czne przecinarki TX-MAX s\u0105 kompatybilne z ca\u0142\u0105 gam\u0105 k\u00f3\u0142ek tn\u0105cych PLUS RUBI.<\/p>\n<p>Model TX-1250 MAX opr\u00f3cz walizki zawiera uchwyt i k\u00f3\u0142ka u\u0142atwiaj\u0105ce przenoszenie w miejscu pracy.<\/p>\n<h3>DANE TECHNICZNE:<\/h3>\n<ul>\n<li><b>D\u0142ugo\u015b\u0107 ci\u0119cia &#8211;<\/b> 125 cm<\/li>\n<li><b>Wielko\u015b\u0107 p\u0142ytki przy ci\u0119ciu po przek\u0105tnej &#8211;<\/b> 85&#215;85 cm<\/li>\n<li><b>Wysoko\u015b\u0107 ci\u0119cia &#8211;<\/b> 3-21 mm<\/li>\n<li><b>Moc \u0142amacza &#8211;<\/b> 1200 kg<\/li>\n<li><b>Z walizk\u0105 &#8211;<\/b> <i class=\"fa fa-check green-text\"><\/i><\/li>\n<li><b>Ci\u0119\u017car z walizk\u0105 &#8211;<\/b> 26 kg<\/li>\n<li><b>Ilo\u015b\u0107 sztuk w pude\u0142ku &#8211;<\/b> 1<\/li>\n<\/ul>\n<p>&nbsp;<\/p>\n","protected":false},"excerpt":{"rendered":"<p><span class=\"read-more-text-visible\">Profesjonalna przecinarka r\u0119czna RUBI TX &#8211; 1250 MAX jest przeznaczona do intensywnego ci\u0119cia wszystkich rodzaj\u00f3w p\u0142ytek ceramicznych. Dzi\u0119ki wysoce wydajnemu \u0142amaczowi wielopunktowemu i obrotowemu przymiarowi czo\u0142owemu, model TX-MAX umo\u017cliwia \u0142atwe i szybkie wykonanie ci\u0119\u0107 po przek\u0105tnej<\/span>.<\/p>\n","protected":false},"featured_media":21784,"comment_status":"open","ping_status":"closed","template":"","meta":{"_acf_changed":false,"inline_featured_image":false},"product_cat":[2291],"product_tag":[1928,1932,1931],"class_list":{"0":"post-21184","1":"product","2":"type-product","3":"status-publish","4":"has-post-thumbnail","6":"product_cat-przecinarki-reczne","7":"product_tag-ciecie-plytek","8":"product_tag-przecinarka-reczna","9":"product_tag-rubi-tx-1250-max","11":"first","12":"instock","13":"shipping-taxable","14":"purchasable","15":"product-type-simple"},"acf":[],"_links":{"self":[{"href":"https:\/\/e-adams.pl\/de\/wp-json\/wp\/v2\/product\/21184","targetHints":{"allow":["GET"]}}],"collection":[{"href":"https:\/\/e-adams.pl\/de\/wp-json\/wp\/v2\/product"}],"about":[{"href":"https:\/\/e-adams.pl\/de\/wp-json\/wp\/v2\/types\/product"}],"replies":[{"embeddable":true,"href":"https:\/\/e-adams.pl\/de\/wp-json\/wp\/v2\/comments?post=21184"}],"wp:featuredmedia":[{"embeddable":true,"href":"https:\/\/e-adams.pl\/de\/wp-json\/wp\/v2\/media\/21784"}],"wp:attachment":[{"href":"https:\/\/e-adams.pl\/de\/wp-json\/wp\/v2\/media?parent=21184"}],"wp:term":[{"taxonomy":"product_cat","embeddable":true,"href":"https:\/\/e-adams.pl\/de\/wp-json\/wp\/v2\/product_cat?post=21184"},{"taxonomy":"product_tag","embeddable":true,"href":"https:\/\/e-adams.pl\/de\/wp-json\/wp\/v2\/product_tag?post=21184"}],"curies":[{"name":"wp","href":"https:\/\/api.w.org\/{rel}","templated":true}]}}