{"id":21185,"date":"2023-09-12T12:13:52","date_gmt":"2023-09-12T10:13:52","guid":{"rendered":"https:\/\/e-adams.pl\/produkt\/rubi-przyssawka-do-powierzchni-chropowatych\/"},"modified":"2024-07-15T11:31:31","modified_gmt":"2024-07-15T09:31:31","slug":"przyssawka-rubi-do-pow-chropowatych","status":"publish","type":"product","link":"https:\/\/e-adams.pl\/de\/produkt\/przyssawka-rubi-do-pow-chropowatych\/","title":{"rendered":"Przyssawka RUBI do pow. chropowatych"},"content":{"rendered":"<h3>OPIS:<\/h3>\n<p><span class=\"read-more-text-visible\">Przyssawka <a href=\"https:\/\/e-adams.pl\/oferta\/rubi\/\">RUBI<\/a> ma bardzo wytrzyma\u0142y korpus z technicznego polimeru oraz ergonomiczny uchwyt pozwalaj\u0105cy na przyj\u0119cie najlepszej pozycji podczas operowania du\u017cymi p\u0142ytkami.<br \/>\nRosn\u0105ca popularno\u015b\u0107 i ci\u0105g\u0142a ewolucja p\u0142ytek wielkoformatowych sprawiaj\u0105, \u017ce u\u017cywanie przyssawek podczas uk\u0142adania p\u0142ytek staje si\u0119 coraz cz\u0119\u015bciej niezb\u0119dne.<\/span><\/p>\n<p>Rozmiary p\u0142ytek na rynku s\u0105 coraz wi\u0119ksze, st\u0105d u\u017cywanie przyssawek i innych narz\u0119dzi pomocniczych zyskuje na znaczeniu. Wi\u0119ksza obecno\u015b\u0107 p\u0142ytek o chropowatej i przede wszystkim strukturalnej powierzchni, zmusza profesjonalist\u00f3w do u\u017cywania bardziej wyspecjalizowanych narz\u0119dzi.<br \/>\n<span class=\"read-more-text-hidden\">Nowe przyssawki zosta\u0142y zaprojektowane do przenoszenia p\u0142ytek o chropowatej i\/lub delikatnie strukturalnej powierzchni.<\/span><\/p>\n<p>Konstrukcja uchwytu zapobiega przypadkowemu odblokowania zacisku i odessaniu przyssawki, wytrzyma\u0142y korpus aluminiowy i ergonomiczny uchwyt dla wi\u0119kszego komfortu podczas pracy z ci\u0119\u017ckimi materia\u0142ami.<\/p>\n<p>Jest idealna do przenoszenia ci\u0119\u017ckich materia\u0142\u00f3w, niezale\u017cnie od rodzaju powierzchni , dopasowuje si\u0119 do powierzchni g\u0142adkich jak i tych chropowatych oraz o strukturalnej teksturze. \u015arednica 20 cm sprawia, \u017ce przyssawka jest \u015bwietna do pracy z p\u0142ytkami o wi\u0119kszym formacie.<\/p>\n<p>Przyssawk\u0119\u00a0 mo\u017cna z \u0142atwo\u015bci\u0105 obs\u0142ugiwa\u0107 jedn\u0105 r\u0119k\u0105. Jest r\u00f3wnie\u017c wyposa\u017cona w znacznik bezpiecze\u0144stwa wskazuj\u0105cy utrat\u0119 ci\u015bnienia i przypominaj\u0105cy o konieczno\u015bci dopompowania dla zachowania maksymalnego ud\u017awigu. Ma te\u017c r\u0119czny spust do zwalniania ci\u015bnienia po przeniesieniu p\u0142ytki.<\/p>\n<p>Pakowana jest w praktyczn\u0105 walizk\u0119 chroni\u0105c\u0105 j\u0105 w transporcie. Zu\u017cyte przyssawki nie gwarantuj\u0105 bezpiecze\u0144stwa u\u017cytkowania.<\/p>\n<h3>Dane techniczne:<\/h3>\n<ul>\n<li><b>Ref. &#8211;<\/b> <span class=\"mpn\">66929<\/span><\/li>\n<li><b>EAN-13 &#8211;<\/b> <span class=\"ean\">8413797669299<\/span><\/li>\n<li><b>Ilo\u015b\u0107 sztuk w pude\u0142ku &#8211;<\/b> 1<\/li>\n<\/ul>\n","protected":false},"excerpt":{"rendered":"<p>Przyssawka RUBI ma bardzo wytrzyma\u0142y korpus z technicznego polimeru oraz ergonomiczny uchwyt pozwalaj\u0105cy na przyj\u0119cie najlepszej pozycji podczas operowania du\u017cymi p\u0142ytkami.<\/p>\n","protected":false},"featured_media":21990,"comment_status":"open","ping_status":"closed","template":"","meta":{"_acf_changed":false,"inline_featured_image":false},"product_cat":[2292],"product_tag":[1999,1878],"class_list":{"0":"post-21185","1":"product","2":"type-product","3":"status-publish","4":"has-post-thumbnail","6":"product_cat-przyssawki-i-systemy-do-obrobki-wielkich-formatow","7":"product_tag-przyssawka","8":"product_tag-rubi","10":"first","11":"instock","12":"shipping-taxable","13":"purchasable","14":"product-type-simple"},"acf":[],"_links":{"self":[{"href":"https:\/\/e-adams.pl\/de\/wp-json\/wp\/v2\/product\/21185","targetHints":{"allow":["GET"]}}],"collection":[{"href":"https:\/\/e-adams.pl\/de\/wp-json\/wp\/v2\/product"}],"about":[{"href":"https:\/\/e-adams.pl\/de\/wp-json\/wp\/v2\/types\/product"}],"replies":[{"embeddable":true,"href":"https:\/\/e-adams.pl\/de\/wp-json\/wp\/v2\/comments?post=21185"}],"wp:featuredmedia":[{"embeddable":true,"href":"https:\/\/e-adams.pl\/de\/wp-json\/wp\/v2\/media\/21990"}],"wp:attachment":[{"href":"https:\/\/e-adams.pl\/de\/wp-json\/wp\/v2\/media?parent=21185"}],"wp:term":[{"taxonomy":"product_cat","embeddable":true,"href":"https:\/\/e-adams.pl\/de\/wp-json\/wp\/v2\/product_cat?post=21185"},{"taxonomy":"product_tag","embeddable":true,"href":"https:\/\/e-adams.pl\/de\/wp-json\/wp\/v2\/product_tag?post=21185"}],"curies":[{"name":"wp","href":"https:\/\/api.w.org\/{rel}","templated":true}]}}