{"id":21189,"date":"2023-09-12T12:13:54","date_gmt":"2023-09-12T10:13:54","guid":{"rendered":"https:\/\/e-adams.pl\/produkt\/rubi-rubimix-7-230v-50-60hz\/"},"modified":"2024-07-15T11:31:33","modified_gmt":"2024-07-15T09:31:33","slug":"mieszarka-rubimix-7-230v-50-60hz","status":"publish","type":"product","link":"https:\/\/e-adams.pl\/de\/produkt\/mieszarka-rubimix-7-230v-50-60hz\/","title":{"rendered":"Mieszarka RUBI RUBIMIX-7 230V 50\/60HZ"},"content":{"rendered":"<h3>OPIS:<\/h3>\n<p>Mieszarka RUBIMIX-7 to profesjonalna mieszarka firmy<a href=\"https:\/\/e-adams.pl\/oferta\/rubi\/\"> RUBI<\/a> do zapraw cementowych, klej\u00f3w, farb i innych materia\u0142\u00f3w. Kt\u00f3ra posiada uniwersalne zastosowanie dzi\u0119ki mo\u017cliwo\u015bci \u0142atwej wymiany mieszad\u0142a mocowanego gwintem M14. Mo\u017cliwo\u015b\u0107 zamocowania mieszad\u0142a o maksymalnej \u015brednicy do 140 mm. Oraz ergonomiczny podw\u00f3jny uchwyt umo\u017cliwiaj\u0105cy prace w wygodnej pozycji roboczej przez co podnosi wydajno\u015b\u0107 i ergonomie pracy.<br \/>\nMieszarka o mocy 1200 W sprawia, \u017ce praca jest wydajna.<\/p>\n<h2>Dane techniczne:<\/h2>\n<ul>\n<li>Moc: 1 200 W<\/li>\n<li>Zasilanie: 230 V\/ 50-60 Hz<\/li>\n<li>Uchwyt: podw\u00f3jny<\/li>\n<li>Izolacja: podw\u00f3jna<\/li>\n<li>Mocowanie mieszad\u0142a: gwint M 14<\/li>\n<li>Maksymalna \u015brednica mieszad\u0142a: 140 mm<\/li>\n<li>Ilo\u015b\u0107 bieg\u00f3w: 1<\/li>\n<li>Pr\u0119dko\u015b\u0107: 0-760 obr\/min<\/li>\n<li>Kontrola pr\u0119dko\u015bci: elektroniczna<\/li>\n<li>Waga: 5,5 kg<\/li>\n<\/ul>\n","protected":false},"excerpt":{"rendered":"<p>Mieszarka RUBIMIX-7 to profesjonalna mieszarka firmy RUBI do zapraw cementowych, klej\u00f3w, farb i innych materia\u0142\u00f3w. Kt\u00f3ra posiada uniwersalne zastosowanie dzi\u0119ki mo\u017cliwo\u015bci \u0142atwej wymiany mieszad\u0142a mocowanego gwintem M14. Mo\u017cliwo\u015b\u0107 zamocowania mieszad\u0142a o maksymalnej \u015brednicy do 140 mm.<\/p>\n","protected":false},"featured_media":21843,"comment_status":"open","ping_status":"closed","template":"","meta":{"_acf_changed":false,"inline_featured_image":false},"product_cat":[101],"product_tag":[1962,1961,1960],"class_list":{"0":"post-21189","1":"product","2":"type-product","3":"status-publish","4":"has-post-thumbnail","6":"product_cat-bramy-okna-ogrodzenia","7":"product_tag-mieszanie-zapraw","8":"product_tag-mieszarka","9":"product_tag-rubimix-7","11":"first","12":"instock","13":"shipping-taxable","14":"purchasable","15":"product-type-simple"},"acf":[],"_links":{"self":[{"href":"https:\/\/e-adams.pl\/de\/wp-json\/wp\/v2\/product\/21189","targetHints":{"allow":["GET"]}}],"collection":[{"href":"https:\/\/e-adams.pl\/de\/wp-json\/wp\/v2\/product"}],"about":[{"href":"https:\/\/e-adams.pl\/de\/wp-json\/wp\/v2\/types\/product"}],"replies":[{"embeddable":true,"href":"https:\/\/e-adams.pl\/de\/wp-json\/wp\/v2\/comments?post=21189"}],"wp:featuredmedia":[{"embeddable":true,"href":"https:\/\/e-adams.pl\/de\/wp-json\/wp\/v2\/media\/21843"}],"wp:attachment":[{"href":"https:\/\/e-adams.pl\/de\/wp-json\/wp\/v2\/media?parent=21189"}],"wp:term":[{"taxonomy":"product_cat","embeddable":true,"href":"https:\/\/e-adams.pl\/de\/wp-json\/wp\/v2\/product_cat?post=21189"},{"taxonomy":"product_tag","embeddable":true,"href":"https:\/\/e-adams.pl\/de\/wp-json\/wp\/v2\/product_tag?post=21189"}],"curies":[{"name":"wp","href":"https:\/\/api.w.org\/{rel}","templated":true}]}}