{"id":21190,"date":"2023-09-12T12:13:55","date_gmt":"2023-09-12T10:13:55","guid":{"rendered":"https:\/\/e-adams.pl\/produkt\/rubi-skrobak-do-fug-rubiscraper-250-230v-50hz\/"},"modified":"2024-05-23T09:12:29","modified_gmt":"2024-05-23T07:12:29","slug":"skrobak-do-fug-rubi-rubiscraper-250-230v-50hz","status":"publish","type":"product","link":"https:\/\/e-adams.pl\/de\/produkt\/skrobak-do-fug-rubi-rubiscraper-250-230v-50hz\/","title":{"rendered":"Skrobak do fug RUBI RUBISCRAPER-250 230V-50Hz"},"content":{"rendered":"<h3>OPIS:<\/h3>\n<p>Elektryczny skrobak do fug RUBI RUBISCRAPER &#8211; 250 to najszybszy i najpewniejszy spos\u00f3b usuwania fug na bazie cementowej poniewa\u017c, w odr\u00f3\u017cnieniu od innych system\u00f3w (szlifierka k\u0105towa, oscylacyjna, itp.) jego ostrza z w\u0119glika wolframu nie dzia\u0142aj\u0105 przez tarcie, ale zahaczaj\u0105 o materia\u0142 i dos\u0142ownie wyrywaj\u0105 go ze szczeliny.<br \/>\nSpo\u015br\u00f3d r\u00f3\u017cnych propozycji w zakresie profesjonalnych narz\u0119dzi RUBI, s\u0142u\u017c\u0105cych do usuwania fug cementowych, wyr\u00f3\u017cnia si\u0119 elektryczny skrobak <a href=\"https:\/\/e-adams.pl\/oferta\/rubi\/\">RUBISCRAPER<\/a>-250 z nowatorskim, opatentowanym ostrzem (produkt oferowany wy\u0142\u0105cznie przez RUBI). Podstawowe jego zalety to: \u0142atwo\u015b\u0107 kontrolowania g\u0142\u0119boko\u015bci \u017c\u0142obienia, solidna budowa, fakt, \u017ce nie pyli podczas pracy, poniewa\u017c nie pracuje przez tarcie, system samoprowadzenia pozwalaj\u0105cy utrzyma\u0107 si\u0119 stale w granicach szczeliny, i oczywi\u015bcie to, co jest chyba najistotniejsze \u2013 ograniczenie do minimum ryzyka wyszczerbienia, b\u0105d\u017a p\u0119kni\u0119cia* p\u0142ytki ceramicznej podczas wykonywanej pracy.<br \/>\nErgonomiczny kszta\u0142t i trzy pr\u0119dko\u015bci pracy skrobaka RUBISCRAPER-250 czyni\u0105 go odpowiednim narz\u0119dziem zar\u00f3wno do ma\u0142ych prac naprawczych i wymiany fugi przy niewielkiej ilo\u015bci p\u0142ytek, jak r\u00f3wnie\u017c do pe\u0142nej renowacji spoin na ca\u0142ej powierzchni ok\u0142adziny ceramicznej. Wymienne ostrza skrobaka RUBISCRAPER-250 nadaj\u0105 si\u0119 do ostrzenia i s\u0105 dost\u0119pne w r\u00f3\u017cnych rozmiarach tak, by umo\u017cliwi\u0107 dob\u00f3r ostrza do r\u00f3\u017cnych szeroko\u015bci istniej\u0105cych fug.<\/p>\n<h3>W\u0141A\u015aCIWO\u015aCI:<\/h3>\n<ul>\n<li>Ergonomiczna konstrukcja, wyko\u0144czenie dwumateria\u0142owe &#8211; komfort pracy i stabilny uchwyt.<\/li>\n<li>Lekki, wytrzyma\u0142y, niezawodny.<\/li>\n<li>No\u017ce z ostrzami z w\u0119glika wolframu. Mo\u017cliwo\u015b\u0107 ostrzenia wyd\u0142u\u017ca trwa\u0142o\u015b\u0107 no\u017ca. Model opatentowany.<\/li>\n<li>System szybkiego blokowania\/odblokowania no\u017ca przy wymianie.<\/li>\n<\/ul>\n","protected":false},"excerpt":{"rendered":"<p>Elektryczny skrobak do fug RUBI RUBISCRAPER &#8211; 250 to najszybszy i najpewniejszy spos\u00f3b usuwania fug na bazie cementowej poniewa\u017c, w odr\u00f3\u017cnieniu od innych system\u00f3w (szlifierka k\u0105towa, oscylacyjna, itp.) jego ostrza z w\u0119glika wolframu nie dzia\u0142aj\u0105 przez tarcie, ale zahaczaj\u0105 o materia\u0142 i dos\u0142ownie wyrywaj\u0105 go ze szczeliny.<\/p>\n","protected":false},"featured_media":21841,"comment_status":"open","ping_status":"closed","template":"","meta":{"_acf_changed":false,"inline_featured_image":false},"product_cat":[101],"product_tag":[1958,1957,1959],"class_list":{"0":"post-21190","1":"product","2":"type-product","3":"status-publish","4":"has-post-thumbnail","6":"product_cat-bramy-okna-ogrodzenia","7":"product_tag-elektryczny-skrobak","8":"product_tag-rubi-rubiscraper","9":"product_tag-usuwanie-fug","11":"first","12":"outofstock","13":"shipping-taxable","14":"purchasable","15":"product-type-simple"},"acf":[],"_links":{"self":[{"href":"https:\/\/e-adams.pl\/de\/wp-json\/wp\/v2\/product\/21190","targetHints":{"allow":["GET"]}}],"collection":[{"href":"https:\/\/e-adams.pl\/de\/wp-json\/wp\/v2\/product"}],"about":[{"href":"https:\/\/e-adams.pl\/de\/wp-json\/wp\/v2\/types\/product"}],"replies":[{"embeddable":true,"href":"https:\/\/e-adams.pl\/de\/wp-json\/wp\/v2\/comments?post=21190"}],"wp:featuredmedia":[{"embeddable":true,"href":"https:\/\/e-adams.pl\/de\/wp-json\/wp\/v2\/media\/21841"}],"wp:attachment":[{"href":"https:\/\/e-adams.pl\/de\/wp-json\/wp\/v2\/media?parent=21190"}],"wp:term":[{"taxonomy":"product_cat","embeddable":true,"href":"https:\/\/e-adams.pl\/de\/wp-json\/wp\/v2\/product_cat?post=21190"},{"taxonomy":"product_tag","embeddable":true,"href":"https:\/\/e-adams.pl\/de\/wp-json\/wp\/v2\/product_tag?post=21190"}],"curies":[{"name":"wp","href":"https:\/\/api.w.org\/{rel}","templated":true}]}}