{"id":21191,"date":"2023-09-12T12:13:56","date_gmt":"2023-09-12T10:13:56","guid":{"rendered":"https:\/\/e-adams.pl\/produkt\/rubi-slab-breaker-plus\/"},"modified":"2024-07-15T11:31:31","modified_gmt":"2024-07-15T09:31:31","slug":"lamacz-rubi-slab-breaker-plus","status":"publish","type":"product","link":"https:\/\/e-adams.pl\/de\/produkt\/lamacz-rubi-slab-breaker-plus\/","title":{"rendered":"\u0141amacz RUBI SLAB BREAKER PLUS"},"content":{"rendered":"<h3>OPIS :<\/h3>\n<p>\u0141amacz RUBI SLAB BREAKER PLUS jest wyposa\u017cony w ergonomiczny uchwyt SOFT-GRIP, kt\u00f3ry zapewnia wygodne trzymanie podczas u\u017cytkowania. Ze wzgl\u0119du na cz\u0119st\u0105 konieczno\u015b\u0107 odcinania w\u0105skich pask\u00f3w z ca\u0142ej p\u0142ytki \u0142amacz SLAB PLUS zosta\u0142 wyposa\u017cony w system regulacji szeroko\u015bci ci\u0119cia. Pozwala on na r\u00f3wne, symetryczne i odpowiednie roz\u0142o\u017cenie si\u0142y \u0142amania. Minimalna szeroko\u015b\u0107 odcinanego materia\u0142u przy u\u017cyciu \u0142amacza SLAB PLUS wynosi 4 cm.<br \/>\nOferta spiek\u00f3w kwarcowych stale si\u0119 zmienia, w codziennej sprzeda\u017cy pojawiaj\u0105 si\u0119 nowe formaty i nowe grubo\u015bci.<br \/>\nW RUBI d\u0105\u017cymy do tego, by profesjonalni wykonawcy mieli do dyspozycji mo\u017cliwie najlepszy sprz\u0119t to ci\u0119cia i uk\u0142adania r\u00f3\u017cnych rodzaj\u00f3w spiek\u00f3w. Dlatego bior\u0105c pod uwag\u0119 ich wysokie oczekiwania dok\u0142adamy wszelkich stara\u0144, by wyprodukowa\u0107 mo\u017cliwie najdok\u0142adniejsze narz\u0119dzia.<\/p>\n<p>Doskona\u0142ym uzupe\u0142eniem systemu SLIM CUTTER jest dodatkowy \u0142amacz <a href=\"https:\/\/e-adams.pl\/oferta\/rubi\/\">Rubi SLAB PLUS<\/a> przeznaczony do \u0142amania p\u0142ytek o grubo\u015bci ponad 6 mm, a\u017c do 20 mm. Poza swoim g\u0142\u00f3wnym przeznaczeniem (tj. \u0142amanie spiek\u00f3w kwarcowych), \u0142amacz SLAB PLUS mo\u017cna r\u00f3wnie\u017c stosowa\u0107 do standardowych p\u0142ytek du\u017cych format\u00f3w.<br \/>\n\u0141amacz SLAB PLUS jest wyposa\u017cony w ergonomiczny uchwyt SOFT-GRIP, kt\u00f3ry zapewnia wygodne trzymanie podczas u\u017cytkowania. Jest wykonany z wysokogatunkowej stali, wa\u017cy ok. 1,5 kg, a przy tym ma niewielkie rozmiary (23 cm x 18 cm), co sprawia, \u017ce jest niezwykle praktycznym i u\u017cytecznym narz\u0119dziem przeznaczonym do profesjonalnego u\u017cytku.<\/p>\n<p>W przypadku ci\u0119cia d\u0142ugich i w\u0105skich element\u00f3w zaleca si\u0119 jednoczene stosowanie dw\u00f3ch \u0142amaczy SLAB PLUS umieszczonych na obu ko\u0144cach spieku.<\/p>\n<h2>W\u0141A\u015aCIWOSCI:<\/h2>\n<ul>\n<li>Pomocniczy \u0142amacz do systemu SLIM u\u017cywany przy ci\u0119ciu p\u0142yt wielkoformatowych.<\/li>\n<li>Dla grubo\u015bci r\u00f3wnej lub wy\u017cszej ni\u017c 6 mm.<\/li>\n<li>Ergonomiczny uchwyt z mi\u0119kkiego tworzywa dla lepszego komfortu.<\/li>\n<li>Mo\u017cliwo\u015b\u0107 regulacji szeroko\u015bci dla r\u00f3wnego roz\u0142o\u017cenia si\u0142y nacisku podczas ci\u0119cia w\u0105skich pask\u00f3w.<\/li>\n<\/ul>\n<p>&nbsp;<\/p>\n","protected":false},"excerpt":{"rendered":"<p>\u0141amacz RUBI SLAB BREAKER PLUS jest wyposa\u017cony w ergonomiczny uchwyt SOFT-GRIP, kt\u00f3ry zapewnia wygodne trzymanie podczas u\u017cytkowania. Ze wzgl\u0119du na cz\u0119st\u0105 konieczno\u015b\u0107 odcinania w\u0105skich pask\u00f3w z ca\u0142ej p\u0142ytki \u0142amacz SLAB PLUS zosta\u0142 wyposa\u017cony w system regulacji szeroko\u015bci ci\u0119cia. Pozwala on na r\u00f3wne, symetryczne i odpowiednie roz\u0142o\u017cenie si\u0142y \u0142amania.<\/p>\n<p>&nbsp;<\/p>\n","protected":false},"featured_media":21839,"comment_status":"open","ping_status":"closed","template":"","meta":{"_acf_changed":false,"inline_featured_image":false},"product_cat":[2285],"product_tag":[1956,1954,1955],"class_list":{"0":"post-21191","1":"product","2":"type-product","3":"status-publish","4":"has-post-thumbnail","6":"product_cat-akcesoria-glazurnicze","7":"product_tag-lamacz-do-plytek","8":"product_tag-lamacz-rubi-slab-breaker-plus","9":"product_tag-sprzet-to-ciecia","11":"first","12":"outofstock","13":"shipping-taxable","14":"purchasable","15":"product-type-simple"},"acf":[],"_links":{"self":[{"href":"https:\/\/e-adams.pl\/de\/wp-json\/wp\/v2\/product\/21191","targetHints":{"allow":["GET"]}}],"collection":[{"href":"https:\/\/e-adams.pl\/de\/wp-json\/wp\/v2\/product"}],"about":[{"href":"https:\/\/e-adams.pl\/de\/wp-json\/wp\/v2\/types\/product"}],"replies":[{"embeddable":true,"href":"https:\/\/e-adams.pl\/de\/wp-json\/wp\/v2\/comments?post=21191"}],"wp:featuredmedia":[{"embeddable":true,"href":"https:\/\/e-adams.pl\/de\/wp-json\/wp\/v2\/media\/21839"}],"wp:attachment":[{"href":"https:\/\/e-adams.pl\/de\/wp-json\/wp\/v2\/media?parent=21191"}],"wp:term":[{"taxonomy":"product_cat","embeddable":true,"href":"https:\/\/e-adams.pl\/de\/wp-json\/wp\/v2\/product_cat?post=21191"},{"taxonomy":"product_tag","embeddable":true,"href":"https:\/\/e-adams.pl\/de\/wp-json\/wp\/v2\/product_tag?post=21191"}],"curies":[{"name":"wp","href":"https:\/\/api.w.org\/{rel}","templated":true}]}}