{"id":21192,"date":"2023-09-12T12:13:56","date_gmt":"2023-09-12T10:13:56","guid":{"rendered":"https:\/\/e-adams.pl\/produkt\/rubi-szablon-do-ksztaltow-70925\/"},"modified":"2024-07-15T11:31:31","modified_gmt":"2024-07-15T09:31:31","slug":"szablon-do-ksztaltow-rubi","status":"publish","type":"product","link":"https:\/\/e-adams.pl\/de\/produkt\/szablon-do-ksztaltow-rubi\/","title":{"rendered":"Szablon do kszta\u0142t\u00f3w RUBI"},"content":{"rendered":"<h3>OPIS:<\/h3>\n<p><span class=\"read-more-text-visible\">Szablon do kszta\u0142t\u00f3w RUBI jest prawdopodobnie jednym z narz\u0119dzi poszukiwanym nie tylko przez profesjonalnych glazurnik\u00f3w, ale r\u00f3wnie\u017c wykonawc\u00f3w z innych bran\u017c budowlanych. Szeroka gama szablon\u00f3w, wspornik\u00f3w i znakownic obejmuje r\u00f3wnie\u017c praktyczny szablon do wyznaczania kszta\u0142t\u00f3w nieregularnych.<\/span><span class=\"center-block center-align\"><br \/>\n<\/span><span class=\"read-more-text-hidden\">Stosuj\u0105c szablon do kszta\u0142t\u00f3w nieregularnych u\u017cytkownik mo\u017ce \u0142atwo skopiowa\u0107 kszta\u0142t w trudno dost\u0119pnych miejscach, a nast\u0119pnie przenie\u015b\u0107 go na p\u0142ytk\u0119 w celu odwzorowania po\u017c\u0105danej linii ci\u0119cia.<\/span><\/p>\n<p>By skopiowa\u0107 kszta\u0142t wystarczy docisn\u0105\u0107 szablon do elementu, kt\u00f3ry pos\u0142u\u017cy jako oparcie (np. futryna drzwi, kolumna lub podpora itp.) i bez \u017cadnych dalszych pomiar\u00f3w uzyskuje si\u0119 dok\u0142adny kszta\u0142ty na szablonie.<\/p>\n<p>Nast\u0119pnie nale\u017cy ju\u017c tylko o\u0142\u00f3wkiem lub markerem nanie\u015b\u0107 uzyskany kszta\u0142t w miejscu p\u0142ytki, kt\u00f3ra ma by\u0107 doci\u0119ta.<\/p>\n<p>Szablon do kszta\u0142t\u00f3w nieregularnych RUBI mo\u017ce r\u00f3wnie\u017c pom\u00f3c wyznaczy\u0107 odleg\u0142o\u015b\u0107 pomi\u0119dzy dwoma elementami (np. rurkami lub kranami z zimn\u0105 i ciep\u0142\u0105 wod\u0105).<\/p>\n<h3>DANE TECHNICZNE:<\/h3>\n<ul>\n<li><b>Ref. &#8211;<\/b>\u00a0<span class=\"mpn\">70925<\/span><\/li>\n<li><b>EAN-13 &#8211;<\/b>\u00a0<span class=\"ean\">8413797709254<\/span><\/li>\n<li><b>Ilo\u015b\u0107 sztuk w pude\u0142ku &#8211;<\/b>\u00a010<\/li>\n<\/ul>\n","protected":false},"excerpt":{"rendered":"<p><span class=\"read-more-text-visible\">Szablon do kszta\u0142t\u00f3w RUBI jest prawdopodobnie jednym z narz\u0119dzi poszukiwanym nie tylko przez profesjonalnych glazurnik\u00f3w, ale r\u00f3wnie\u017c wykonawc\u00f3w z innych bran\u017c budowlanych. Szeroka gama szablon\u00f3w, wspornik\u00f3w i znakownic obejmuje r\u00f3wnie\u017c praktyczny szablon do wyznaczania kszta\u0142t\u00f3w nieregularnych.<\/span><\/p>\n","protected":false},"featured_media":22198,"comment_status":"open","ping_status":"closed","template":"","meta":{"_acf_changed":false,"inline_featured_image":false},"product_cat":[2285],"product_tag":[1878,2116],"class_list":{"0":"post-21192","1":"product","2":"type-product","3":"status-publish","4":"has-post-thumbnail","6":"product_cat-akcesoria-glazurnicze","7":"product_tag-rubi","8":"product_tag-szablon-do-ksztaltow","10":"first","11":"instock","12":"shipping-taxable","13":"purchasable","14":"product-type-simple"},"acf":[],"_links":{"self":[{"href":"https:\/\/e-adams.pl\/de\/wp-json\/wp\/v2\/product\/21192","targetHints":{"allow":["GET"]}}],"collection":[{"href":"https:\/\/e-adams.pl\/de\/wp-json\/wp\/v2\/product"}],"about":[{"href":"https:\/\/e-adams.pl\/de\/wp-json\/wp\/v2\/types\/product"}],"replies":[{"embeddable":true,"href":"https:\/\/e-adams.pl\/de\/wp-json\/wp\/v2\/comments?post=21192"}],"wp:featuredmedia":[{"embeddable":true,"href":"https:\/\/e-adams.pl\/de\/wp-json\/wp\/v2\/media\/22198"}],"wp:attachment":[{"href":"https:\/\/e-adams.pl\/de\/wp-json\/wp\/v2\/media?parent=21192"}],"wp:term":[{"taxonomy":"product_cat","embeddable":true,"href":"https:\/\/e-adams.pl\/de\/wp-json\/wp\/v2\/product_cat?post=21192"},{"taxonomy":"product_tag","embeddable":true,"href":"https:\/\/e-adams.pl\/de\/wp-json\/wp\/v2\/product_tag?post=21192"}],"curies":[{"name":"wp","href":"https:\/\/api.w.org\/{rel}","templated":true}]}}