{"id":21193,"date":"2023-09-12T12:13:57","date_gmt":"2023-09-12T10:13:57","guid":{"rendered":"https:\/\/e-adams.pl\/produkt\/rubi-talerz-diamentowy-do-szlifowania-betonu-2-rzedowy-o125mm\/"},"modified":"2024-02-15T11:49:36","modified_gmt":"2024-02-15T10:49:36","slug":"talerz-do-betonu-rubi-2-rzedowy-125mm","status":"publish","type":"product","link":"https:\/\/e-adams.pl\/de\/produkt\/talerz-do-betonu-rubi-2-rzedowy-125mm\/","title":{"rendered":"Talerz do betonu RUBI 2-rz\u0119dowy 125mm"},"content":{"rendered":"<h3>OPIS:<\/h3>\n<p><span class=\"read-more-text-visible\">Diamentowy talerz do betonu <a href=\"https:\/\/e-adams.pl\/oferta\/rubi\/\">RUBI<\/a> 2-rz\u0119dowy zosta\u0142 zaprojektowany by zapewni\u0107 wykonawcom najwy\u017csz\u0105 jako\u015b\u0107 obr\u00f3bki powierzchni betonowych. Umo\u017cliwia on szlifowanie powierzchni i kraw\u0119dzi betonowych. Jako\u015b\u0107 wyko\u0144czenia jest wysoka, a przy tym pr\u0119dko\u015b\u0107 pracy znacznie wy\u017csza od standarowych talerzy szlifuj\u0105cych.<br \/>\n<\/span><span class=\"read-more-text-hidden\"><br \/>\nSegmenty diamentowe s\u0105 przymocowane do stalowego korpusu poprzez technik\u0119 spawania laserowego, co zapewnia najwi\u0119ksz\u0105 wytrzyma\u0142o\u015b\u0107. Korpus talerza posiada szereg otwor\u00f3w umo\u017cliwiaj\u0105cych szybkie usuwanie resztek obrabianego materia\u0142u oraz zwi\u0119kszaj\u0105cych mo\u017cliwo\u015bci ch\u0142odzenia.<\/span><\/p>\n<p>Talerz RUBI jest przeznaczony do stosowania na szlifierce, dlatego otw\u00f3r wewn\u0119trzny ma \u015brednic\u0119 22,2 mm.<\/p>\n<p>Najcz\u0119stsze cele stosowania talerzy dwurz\u0119dowych to usuwanie nier\u00f3wno\u015bci na powierzchniach betonowych lub pozbywanie si\u0119 pow\u0142ok z mas bitumicznych, farb lub po prostu wyr\u00f3wnywanie powierzchni cementowych. Ma\u0142e rozmiary oraz mo\u017cliwo\u015b\u0107 mocowania na zwyk\u0142ej szlifierce umo\u017cliwiaj\u0105 stosowanie na powierzchniach poziomych i pionowych.<\/p>\n<h3>DANE TECHNICZNE:<\/h3>\n<ul>\n<li><b>Ref. &#8211;<\/b> <span class=\"mpn\">5918<\/span><\/li>\n<li><b>EAN-13 &#8211;<\/b> <span class=\"ean\">8413797059182<\/span><\/li>\n<li><b>Obroty na minut\u0119 &#8211;<\/b> 12250 max<\/li>\n<li><b>\u015arednica zewn\u0119trzna &#8211;<\/b> 125 mm<\/li>\n<li><b>\u015arednica wewn\u0119trzna &#8211;<\/b> 22,2 mm<\/li>\n<li><b>Ilo\u015b\u0107 sztuk w pude\u0142ku &#8211;<\/b> 1<\/li>\n<\/ul>\n","protected":false},"excerpt":{"rendered":"<p><span class=\"read-more-text-visible\">Diamentowy talerz do betonu RUBI 2-rz\u0119dowy zosta\u0142 zaprojektowany by zapewni\u0107 wykonawcom najwy\u017csz\u0105 jako\u015b\u0107 obr\u00f3bki powierzchni betonowych. Umo\u017cliwia on szlifowanie powierzchni i kraw\u0119dzi betonowych. Jako\u015b\u0107 wyko\u0144czenia jest wysoka, a przy tym pr\u0119dko\u015b\u0107 pracy znacznie wy\u017csza od standarowych talerzy szlifuj\u0105cych.<\/span><\/p>\n","protected":false},"featured_media":22060,"comment_status":"open","ping_status":"closed","template":"","meta":{"_acf_changed":false,"inline_featured_image":false},"product_cat":[2297],"product_tag":[1878,2036,1968],"class_list":{"0":"post-21193","1":"product","2":"type-product","3":"status-publish","4":"has-post-thumbnail","6":"product_cat-tarcze","7":"product_tag-rubi","8":"product_tag-szlifowanie-betonu","9":"product_tag-talerz-diamentowy","11":"first","12":"instock","13":"shipping-taxable","14":"purchasable","15":"product-type-simple"},"acf":[],"_links":{"self":[{"href":"https:\/\/e-adams.pl\/de\/wp-json\/wp\/v2\/product\/21193","targetHints":{"allow":["GET"]}}],"collection":[{"href":"https:\/\/e-adams.pl\/de\/wp-json\/wp\/v2\/product"}],"about":[{"href":"https:\/\/e-adams.pl\/de\/wp-json\/wp\/v2\/types\/product"}],"replies":[{"embeddable":true,"href":"https:\/\/e-adams.pl\/de\/wp-json\/wp\/v2\/comments?post=21193"}],"wp:featuredmedia":[{"embeddable":true,"href":"https:\/\/e-adams.pl\/de\/wp-json\/wp\/v2\/media\/22060"}],"wp:attachment":[{"href":"https:\/\/e-adams.pl\/de\/wp-json\/wp\/v2\/media?parent=21193"}],"wp:term":[{"taxonomy":"product_cat","embeddable":true,"href":"https:\/\/e-adams.pl\/de\/wp-json\/wp\/v2\/product_cat?post=21193"},{"taxonomy":"product_tag","embeddable":true,"href":"https:\/\/e-adams.pl\/de\/wp-json\/wp\/v2\/product_tag?post=21193"}],"curies":[{"name":"wp","href":"https:\/\/api.w.org\/{rel}","templated":true}]}}