{"id":21194,"date":"2023-09-12T12:13:58","date_gmt":"2023-09-12T10:13:58","guid":{"rendered":"https:\/\/e-adams.pl\/produkt\/rubi-talerz-diamentowy-do-zdzierania-materialow-epoksydowych-wloknistych-pcd-125mm\/"},"modified":"2024-02-15T11:49:36","modified_gmt":"2024-02-15T10:49:36","slug":"talerz-diamentowy-do-zdzierania-rubi-pcd-125mm","status":"publish","type":"product","link":"https:\/\/e-adams.pl\/de\/produkt\/talerz-diamentowy-do-zdzierania-rubi-pcd-125mm\/","title":{"rendered":"Talerz diamentowy do zdzierania RUBI PCD 125mm"},"content":{"rendered":"<h3>OPIS:<\/h3>\n<p>Talerz diamentowy do zdzierania RUBI PCD 125mm do pow\u0142ok w\u0142\u00f3knistych i epoksydowych zapewnia uzyskanie powierzchni r\u00f3wnych ale odpowiednio porowatych idealnie nadaj\u0105cych si\u0119 do ponownego pomalowania lub na\u0142o\u017cenia kolejnej warstwy.<\/p>\n<p>\u015acieranie to podstawowy proces w trakcie wyg\u0142adzania, odnawiania i naprawy powierzchni. Dlatego w celu uzyskania najlepszych rezultat\u00f3w konieczne jest stosowanie odpowiednich narz\u0119dzi.<\/p>\n<p>W ramach oferty talerzy diamentowych <a href=\"https:\/\/e-adams.pl\/oferta\/rubi\/\">RUBI<\/a> wykwalifikowani glazurnicy mog\u0105 odnale\u017a\u0107 takie przeznaczone do szlifowania pow\u0142ok syntetycznych, a w szczeg\u00f3lno\u015bci farb i \u017cywic epoksydowych.<\/p>\n<p>G\u0142\u00f3wn\u0105 cech\u0105 tego rodzaju talerzy diamentowych jest wykorzystanie polikrystalicznych segment\u00f3w diamentowych (PCD) przymocowanych do stalowego korpusu poprzez technik\u0119 spawania wysokiej cz\u0119stotliwo\u015bci. Korpus posiada szereg otwor\u00f3w umo\u017cliwiaj\u0105cych szybkie usuwanie resztek materia\u0142u oraz zapewniaj\u0105cych efektywne ch\u0142odzenie.<\/p>\n<p>Talerz diamentowy RUBI PCD jest przeznaczony do stosowania na szlifierce, dlatego otw\u00f3r wewn\u0119trzny ma \u015brednic\u0119 22,2 mm.<\/p>\n<p>Talerze PCD nadaj\u0105 si\u0119 r\u00f3wnie\u017c do szlifowania pozosta\u0142o\u015bci po klejach lub innych pow\u0142okach akrylowych.<\/p>\n<h3>DANE PRODUKTU:<\/h3>\n<ul>\n<li>Ref. -5922<\/li>\n<li>EAN-13 &#8211; 8413797059229<\/li>\n<li>Obroty na minut\u0119 &#8211; 12250 max<\/li>\n<li>\u015arednica zewn\u0119trzna &#8211; 125 mm<\/li>\n<li>\u015arednica wewn\u0119trzna &#8211; 22,2 mm<\/li>\n<li>Ilo\u015b\u0107 sztuk w pude\u0142ku &#8211; 1<\/li>\n<\/ul>\n","protected":false},"excerpt":{"rendered":"<p>Talerz diamentowy do zdzierania RUBI PCD 125mm do pow\u0142ok w\u0142\u00f3knistych i epoksydowych zapewnia uzyskanie powierzchni r\u00f3wnych ale odpowiednio porowatych idealnie nadaj\u0105cych si\u0119 do ponownego pomalowania lub na\u0142o\u017cenia kolejnej warstwy.<\/p>\n","protected":false},"featured_media":21847,"comment_status":"open","ping_status":"closed","template":"","meta":{"_acf_changed":false,"inline_featured_image":false},"product_cat":[2297],"product_tag":[1969,1968,1970],"class_list":{"0":"post-21194","1":"product","2":"type-product","3":"status-publish","4":"has-post-thumbnail","6":"product_cat-tarcze","7":"product_tag-rubi-pcd","8":"product_tag-talerz-diamentowy","9":"product_tag-tarcza-do-zdzierania","11":"first","12":"instock","13":"shipping-taxable","14":"purchasable","15":"product-type-simple"},"acf":[],"_links":{"self":[{"href":"https:\/\/e-adams.pl\/de\/wp-json\/wp\/v2\/product\/21194","targetHints":{"allow":["GET"]}}],"collection":[{"href":"https:\/\/e-adams.pl\/de\/wp-json\/wp\/v2\/product"}],"about":[{"href":"https:\/\/e-adams.pl\/de\/wp-json\/wp\/v2\/types\/product"}],"replies":[{"embeddable":true,"href":"https:\/\/e-adams.pl\/de\/wp-json\/wp\/v2\/comments?post=21194"}],"wp:featuredmedia":[{"embeddable":true,"href":"https:\/\/e-adams.pl\/de\/wp-json\/wp\/v2\/media\/21847"}],"wp:attachment":[{"href":"https:\/\/e-adams.pl\/de\/wp-json\/wp\/v2\/media?parent=21194"}],"wp:term":[{"taxonomy":"product_cat","embeddable":true,"href":"https:\/\/e-adams.pl\/de\/wp-json\/wp\/v2\/product_cat?post=21194"},{"taxonomy":"product_tag","embeddable":true,"href":"https:\/\/e-adams.pl\/de\/wp-json\/wp\/v2\/product_tag?post=21194"}],"curies":[{"name":"wp","href":"https:\/\/api.w.org\/{rel}","templated":true}]}}