{"id":21195,"date":"2023-09-12T12:13:59","date_gmt":"2023-09-12T10:13:59","guid":{"rendered":"https:\/\/e-adams.pl\/produkt\/rubi-talerz-diamentowy-turbo-do-szlifowania-kamienia-o100mm\/"},"modified":"2025-06-23T12:54:25","modified_gmt":"2025-06-23T10:54:25","slug":"talerz-do-szlifowania-kamienia-rubi-turbo-100mm","status":"publish","type":"product","link":"https:\/\/e-adams.pl\/de\/produkt\/talerz-do-szlifowania-kamienia-rubi-turbo-100mm\/","title":{"rendered":"Talerz do szlifowania kamienia RUBI TURBO 100mm"},"content":{"rendered":"<h3>OPIS:<\/h3>\n<p>RUBI w swojej ofercie posiada specjalny talerz do szlifowania kamienia <a href=\"https:\/\/e-adams.pl\/oferta\/rubi\/\">RUBI TURBO<\/a> przeznaczony do szlifowania powierzchni kamiennych, kt\u00f3ry umo\u017cliwia wyr\u00f3wnanie, usuni\u0119cie rys oraz wyg\u0142adzenie kraw\u0119dzi w tych materia\u0142ach.<br \/>\nPow\u0142oki kamienne wraz z up\u0142ywem czasu oraz z powodu ekspozycji na warunki atmosferyczne mog\u0105 utraci\u0107 swoje naturalne pi\u0119kno.<\/p>\n<p>Wyg\u0142adzanie powierzchni kamiennych oraz formowanie lub wyostrzanie kraw\u0119dzi to niezwykle istotne czynno\u015bci w pracach wyko\u0144czeniowych. Talerz diamentowy <a href=\"https:\/\/e-adams.pl\/oferta\/rubi\/\">RUBI<\/a> do pow\u0142ok kamiennych doskonale nadaje si\u0119 do pierwszego etapu prac maj\u0105cych na celu wyg\u0142adzenie lub wypolerowanie takich materia\u0142\u00f3w. Ma\u0142a \u015brednica 100 mm zapewnia ca\u0142kowit\u0105 kontrol\u0119 nad narz\u0119dziem i pozwala na uzyskanie g\u0142adkiej powierzchni.<\/p>\n<p>Aluminiowy korpus zapewnia mniejsz\u0105 wag\u0119, a r\u00f3wnocze\u015bnie dzia\u0142a jak radiator. Gwint M14 umo\u017cliwia u\u017cytkowanie na typowej szlifierce.<\/p>\n<p>Talerz diamentowy ma obszar roboczy w kszta\u0142cie TURBO, a roz\u0142o\u017cenie cz\u0105stek diament\u00f3w w poszczeg\u00f3lnych segmentach zapewnia r\u00f3wnomiern\u0105 i bardzo wydaj<\/p>\n<h3>DANE TECHNICZNE:<\/h3>\n<ul>\n<li><b>Ref. &#8211;<\/b> <span class=\"mpn\">5921<\/span><\/li>\n<li><b>EAN-13 &#8211;<\/b> <span class=\"ean\">8413797059212<\/span><\/li>\n<li><b>Obroty na minut\u0119 &#8211;<\/b> 15300 max<\/li>\n<li><b>\u015arednica zewn\u0119trzna &#8211;<\/b> 100 mm<\/li>\n<li><b>\u015arednica wewn\u0119trzna &#8211;<\/b> M14 mm<\/li>\n<li><b>Ilo\u015b\u0107 sztuk w pude\u0142ku &#8211;<\/b> 1<\/li>\n<\/ul>\n","protected":false},"excerpt":{"rendered":"<p>RUBI w swojej ofercie posiada specjalny talerz do szlifowania kamienia RUBI TURBO przeznaczony do szlifowania powierzchni kamiennych, kt\u00f3ry umo\u017cliwia wyr\u00f3wnanie, usuni\u0119cie rys oraz wyg\u0142adzenie kraw\u0119dzi w tych materia\u0142ach.<\/p>\n","protected":false},"featured_media":22008,"comment_status":"open","ping_status":"closed","template":"","meta":{"_acf_changed":false,"inline_featured_image":false},"product_cat":[2297],"product_tag":[2008,2007,2006],"class_list":{"0":"post-21195","1":"product","2":"type-product","3":"status-publish","4":"has-post-thumbnail","6":"product_cat-tarcze","7":"product_tag-obrobka-kamienia","8":"product_tag-rubi-turbo","9":"product_tag-talerz-do-szlifowania","11":"first","12":"instock","13":"shipping-taxable","14":"product-type-simple"},"acf":[],"_links":{"self":[{"href":"https:\/\/e-adams.pl\/de\/wp-json\/wp\/v2\/product\/21195","targetHints":{"allow":["GET"]}}],"collection":[{"href":"https:\/\/e-adams.pl\/de\/wp-json\/wp\/v2\/product"}],"about":[{"href":"https:\/\/e-adams.pl\/de\/wp-json\/wp\/v2\/types\/product"}],"replies":[{"embeddable":true,"href":"https:\/\/e-adams.pl\/de\/wp-json\/wp\/v2\/comments?post=21195"}],"wp:featuredmedia":[{"embeddable":true,"href":"https:\/\/e-adams.pl\/de\/wp-json\/wp\/v2\/media\/22008"}],"wp:attachment":[{"href":"https:\/\/e-adams.pl\/de\/wp-json\/wp\/v2\/media?parent=21195"}],"wp:term":[{"taxonomy":"product_cat","embeddable":true,"href":"https:\/\/e-adams.pl\/de\/wp-json\/wp\/v2\/product_cat?post=21195"},{"taxonomy":"product_tag","embeddable":true,"href":"https:\/\/e-adams.pl\/de\/wp-json\/wp\/v2\/product_tag?post=21195"}],"curies":[{"name":"wp","href":"https:\/\/api.w.org\/{rel}","templated":true}]}}