{"id":21196,"date":"2023-09-12T12:14:01","date_gmt":"2023-09-12T10:14:01","guid":{"rendered":"https:\/\/e-adams.pl\/produkt\/rubi-talerz-diamentowy-wentylowany-do-szlifowania-betonu-o125mm\/"},"modified":"2024-02-15T11:49:36","modified_gmt":"2024-02-15T10:49:36","slug":"talerz-do-betonu-wentylowanyfun-cap-rubi-125mm","status":"publish","type":"product","link":"https:\/\/e-adams.pl\/de\/produkt\/talerz-do-betonu-wentylowanyfun-cap-rubi-125mm\/","title":{"rendered":"Talerz do betonu wentylowany FUN CAP RUBI 125mm"},"content":{"rendered":"<h3>OPIS:<\/h3>\n<p><span class=\"read-more-text-visible\">Talerz do betonu wentylowany <a href=\"https:\/\/e-adams.pl\/oferta\/rubi\/\">FUN CAP RUBI<\/a> pomaga uzyska\u0107 najlepsze rezultaty wszelkich prac zwi\u0105zanych z wyr\u00f3wnywaniem powierzchni betonu.<\/span><\/p>\n<p><span class=\"read-more-text-visible\">Najcz\u0119stsze cele stosowania talerzy diamentowych typu FAN to usuwanie nier\u00f3wno\u015bci na powierzchniach betonowych lub pozbywanie si\u0119 pow\u0142ok z mas bitumicznych, farb lub po prostu wyr\u00f3wnywanie powierzchni cementowych.<br \/>\n<\/span><span class=\"read-more-text-hidden\"><br \/>\nSegmenty diamentowe s\u0105 przymocowane do korpusu metalowego poprzez technik\u0119 spawania laserowego zapewniaj\u0105c\u0105 najwi\u0119ksz\u0105 odporno\u015b\u0107 i wytrzyma\u0142o\u015b\u0107.<\/span><\/p>\n<p>Specyficzny kszta\u0142t korpusu oraz r\u00f3wnoleg\u0142e roz\u0142o\u017cenie segment\u00f3w diamentowych umo\u017cliwiaj\u0105 szybsze usuwanie resztek obrabianego materia\u0142u oraz polepszaj\u0105 ch\u0142odzenie.<\/p>\n<p>Talerz diamentowy FAN CUP umo\u017cliwia wyr\u00f3wnywanie powierzchni oraz szlifowanie kraw\u0119dzi betonowych. Jako\u015b\u0107 wyko\u0144czenia oraz szybko\u015b\u0107 pracy s\u0105 znacznie szybsze w por\u00f3wnaniu do tradycyjnych talerzy szlifujacych.<\/p>\n<p>Talerz diamentowy FAN CUP RUBI jest przeznaczony do stosowania na szlifierce, dlatego otw\u00f3r wewn\u0119trzny ma \u015brednic\u0119 22,2 mm. Ma\u0142e rozmiary oraz mo\u017cliwo\u015b\u0107 mocowania na zwyk\u0142ej szlifierce umo\u017cliwiaj\u0105 stosowanie na powierzchniach poziomych i pionowych.<\/p>\n<h3>DANE TECHNICZNE:<\/h3>\n<ul>\n<li><b>Ref. &#8211;<\/b> <span class=\"mpn\">5920<\/span><\/li>\n<li><b>EAN-13 &#8211;<\/b> <span class=\"ean\">8413797059205<\/span><\/li>\n<li><b>Obroty na minut\u0119 &#8211;<\/b> 12250 max<\/li>\n<li><b>\u015arednica zewn\u0119trzna &#8211;<\/b> 125 mm<\/li>\n<li><b>\u015arednica wewn\u0119trzna &#8211;<\/b> 22,2 mm<\/li>\n<li><b>Ilo\u015b\u0107 sztuk w pude\u0142ku &#8211;<\/b> 1<\/li>\n<\/ul>\n","protected":false},"excerpt":{"rendered":"<p><span class=\"read-more-text-visible\">Talerz do betonu wentylowany FUN CAP RUBI pomaga uzyska\u0107 najlepsze rezultaty wszelkich prac zwi\u0105zanych z wyr\u00f3wnywaniem powierzchni betonu. <\/span><span class=\"read-more-text-visible\">Najcz\u0119stsze cele stosowania talerzy diamentowych typu FAN to usuwanie nier\u00f3wno\u015bci na powierzchniach betonowych lub pozbywanie si\u0119 pow\u0142ok z mas bitumicznych, farb lub po prostu wyr\u00f3wnywanie powierzchni cementowych.<\/span><\/p>\n","protected":false},"featured_media":22062,"comment_status":"open","ping_status":"closed","template":"","meta":{"_acf_changed":false,"inline_featured_image":false},"product_cat":[2297],"product_tag":[2037,1878,2006],"class_list":{"0":"post-21196","1":"product","2":"type-product","3":"status-publish","4":"has-post-thumbnail","6":"product_cat-tarcze","7":"product_tag-fun-cap","8":"product_tag-rubi","9":"product_tag-talerz-do-szlifowania","11":"first","12":"instock","13":"shipping-taxable","14":"purchasable","15":"product-type-simple"},"acf":[],"_links":{"self":[{"href":"https:\/\/e-adams.pl\/de\/wp-json\/wp\/v2\/product\/21196","targetHints":{"allow":["GET"]}}],"collection":[{"href":"https:\/\/e-adams.pl\/de\/wp-json\/wp\/v2\/product"}],"about":[{"href":"https:\/\/e-adams.pl\/de\/wp-json\/wp\/v2\/types\/product"}],"replies":[{"embeddable":true,"href":"https:\/\/e-adams.pl\/de\/wp-json\/wp\/v2\/comments?post=21196"}],"wp:featuredmedia":[{"embeddable":true,"href":"https:\/\/e-adams.pl\/de\/wp-json\/wp\/v2\/media\/22062"}],"wp:attachment":[{"href":"https:\/\/e-adams.pl\/de\/wp-json\/wp\/v2\/media?parent=21196"}],"wp:term":[{"taxonomy":"product_cat","embeddable":true,"href":"https:\/\/e-adams.pl\/de\/wp-json\/wp\/v2\/product_cat?post=21196"},{"taxonomy":"product_tag","embeddable":true,"href":"https:\/\/e-adams.pl\/de\/wp-json\/wp\/v2\/product_tag?post=21196"}],"curies":[{"name":"wp","href":"https:\/\/api.w.org\/{rel}","templated":true}]}}