{"id":21197,"date":"2023-09-12T12:14:02","date_gmt":"2023-09-12T10:14:02","guid":{"rendered":"https:\/\/e-adams.pl\/produkt\/rubi-tarcza-diamentowa-cev-250-superpro\/"},"modified":"2024-02-15T11:49:34","modified_gmt":"2024-02-15T10:49:34","slug":"tarcza-diamentowa-rubi-cev-superpro-250mm","status":"publish","type":"product","link":"https:\/\/e-adams.pl\/de\/produkt\/tarcza-diamentowa-rubi-cev-superpro-250mm\/","title":{"rendered":"Tarcza diamentowa RUBI CEV SUPERPRO 250mm"},"content":{"rendered":"<h3>OPIS:<\/h3>\n<p><span class=\"read-more-text-visible\">Tarcze diamentowe <a href=\"https:\/\/e-adams.pl\/oferta\/rubi\/\">RUBI CEV SUPERPRO<\/a> z obrze\u017cem ci\u0105g\u0142ym to najlepszy wyb\u00f3r przy ci\u0119ciu p\u0142ytek \u015bciennych. Tarcze CEV dzi\u0119ki swojej uniwersalno\u015bci \u015bwietnie odnajduj\u0105 si\u0119 w sytuacjach, w kt\u00f3rych glazurnik musi pracowa\u0107 z r\u00f3\u017cnymi typami p\u0142ytek.<\/span><\/p>\n<p>U\u017cywanie uniwersalnych tarcz diamentowych, takich jak CEV, skraca czas pracy, gdy\u017c nie trzeba wymienia\u0107 tarczy przy ka\u017cdej zmianie materia\u0142u. W ten spos\u00f3b mo\u017cemy uzyska\u0107 optymalne wyniki i jako\u015b\u0107 ci\u0119cia dla szerokiej gamy p\u0142ytek \u015bciennych i pod\u0142ogowych.<br \/>\n<span class=\"read-more-text-hidden\"><br \/>\nTarcza diamentowa CEV posiada obrze\u017ce ci\u0105g\u0142e. Ten typ ostrza zapewnia najwy\u017csz\u0105 jako\u015b\u0107 wyko\u0144czenia ci\u0119cia.<br \/>\nTarcze CEV s\u0105 idealne do ci\u0119cia p\u0142ytek ceramicznych i innych kamiennych materia\u0142\u00f3w wyko\u0144czeniowych o grubo\u015bci poni\u017cej 25 mm.<\/span><\/p>\n<p>Mocowanie obrze\u017ca technologi\u0105 spawania laserowego gwarantuje wysok\u0105 jako\u015b\u0107, oraz bezpiecze\u0144stwo u\u017cytkownika.<br \/>\nBior\u0105c pod uwag\u0119 specyfik\u0119 ka\u017cdego typu tarczy (ci\u0105g\u0142e, turbo itp.) oraz materia\u0142\u00f3w, dla kt\u00f3rych zosta\u0142y zaprojektowane, RUBI udost\u0119pnia profesjonalistom trzy rodzaje tarcz: PRO, SUPERPRO i PREMIUM.<\/p>\n<p>Ostrza PRO zapewniaj\u0105 u\u017cytkownikom najlepszy stosunek jako\u015bci do ceny.<br \/>\nOstrza SUPERPRO stanowi\u0105 najlepszy wyb\u00f3r podczas najbardziej wymagaj\u0105cych prac.<br \/>\nOstrza PREMIUM to najbardziej wyspecjalizowana opcja, kt\u00f3ra zawsze oferuje najlepsze rezultaty pracy.<\/p>\n<h3>DANE TECHNICZNE:<\/h3>\n<ul>\n<li><b>Ref. &#8211;<\/b> <span class=\"mpn\">30949<\/span><\/li>\n<li><b>EAN-13 &#8211;<\/b> <span class=\"ean\">8413797309492<\/span><\/li>\n<li><b>Obroty na minut\u0119 &#8211;<\/b> 6150 max.<\/li>\n<li><b>\u015arednica zewn\u0119trzna &#8211;<\/b> 250 mm<\/li>\n<li><b>\u015arednica wewn\u0119trzna &#8211;<\/b> 25,4 mm<\/li>\n<li><b>Wysoko\u015b\u0107 obrze\u017ca tarczy &#8211;<\/b> 8 mm<\/li>\n<li><b>Grubo\u015b\u0107 obrze\u017ca tarczy &#8211;<\/b> 2,2 mm<\/li>\n<li><b>Ilo\u015b\u0107 sztuk w pude\u0142ku &#8211;<\/b> 1<\/li>\n<\/ul>\n","protected":false},"excerpt":{"rendered":"<p><span class=\"read-more-text-visible\">Tarcze diamentowe RUBI CEV SUPERPRO z obrze\u017cem ci\u0105g\u0142ym to najlepszy wyb\u00f3r przy ci\u0119ciu p\u0142ytek \u015bciennych. Tarcze CEV dzi\u0119ki swojej uniwersalno\u015bci \u015bwietnie odnajduj\u0105 si\u0119 w sytuacjach, w kt\u00f3rych glazurnik musi pracowa\u0107 z r\u00f3\u017cnymi typami p\u0142ytek.<\/span><\/p>\n","protected":false},"featured_media":22034,"comment_status":"open","ping_status":"closed","template":"","meta":{"_acf_changed":false,"inline_featured_image":false},"product_cat":[2297],"product_tag":[2028,2009],"class_list":{"0":"post-21197","1":"product","2":"type-product","3":"status-publish","4":"has-post-thumbnail","6":"product_cat-tarcze","7":"product_tag-rubi-cev-superpro","8":"product_tag-tarcza-diamentowa","10":"first","11":"instock","12":"shipping-taxable","13":"purchasable","14":"product-type-simple"},"acf":[],"_links":{"self":[{"href":"https:\/\/e-adams.pl\/de\/wp-json\/wp\/v2\/product\/21197","targetHints":{"allow":["GET"]}}],"collection":[{"href":"https:\/\/e-adams.pl\/de\/wp-json\/wp\/v2\/product"}],"about":[{"href":"https:\/\/e-adams.pl\/de\/wp-json\/wp\/v2\/types\/product"}],"replies":[{"embeddable":true,"href":"https:\/\/e-adams.pl\/de\/wp-json\/wp\/v2\/comments?post=21197"}],"wp:featuredmedia":[{"embeddable":true,"href":"https:\/\/e-adams.pl\/de\/wp-json\/wp\/v2\/media\/22034"}],"wp:attachment":[{"href":"https:\/\/e-adams.pl\/de\/wp-json\/wp\/v2\/media?parent=21197"}],"wp:term":[{"taxonomy":"product_cat","embeddable":true,"href":"https:\/\/e-adams.pl\/de\/wp-json\/wp\/v2\/product_cat?post=21197"},{"taxonomy":"product_tag","embeddable":true,"href":"https:\/\/e-adams.pl\/de\/wp-json\/wp\/v2\/product_tag?post=21197"}],"curies":[{"name":"wp","href":"https:\/\/api.w.org\/{rel}","templated":true}]}}