{"id":21198,"date":"2023-09-12T12:14:03","date_gmt":"2023-09-12T10:14:03","guid":{"rendered":"https:\/\/e-adams.pl\/produkt\/rubi-tarcza-diamentowa-cpc-250-pro\/"},"modified":"2024-05-10T11:02:38","modified_gmt":"2024-05-10T09:02:38","slug":"tarcza-diamentowa-rubi-cpc-pro-250mm","status":"publish","type":"product","link":"https:\/\/e-adams.pl\/de\/produkt\/tarcza-diamentowa-rubi-cpc-pro-250mm\/","title":{"rendered":"Tarcza diamentowa RUBI CPC PRO 250mm"},"content":{"rendered":"<h3>OPIS:<\/h3>\n<p><span class=\"read-more-text-hidden\">Tarcza diamentowa <a href=\"https:\/\/e-adams.pl\/oferta\/rubi\/\">RUBI CPC PRO<\/a> 250mm jest idealna do ci\u0119\u0107 prostych i ukosowania gres\u00f3w porcelanowych do 25 mm grubo\u015bci, szczeg\u00f3lnie tych bardzo twardych. Mocowanie obrze\u017ca technologi\u0105 spawania laserowego gwarantuje wysok\u0105 jako\u015b\u0107, oraz bezpiecze\u0144stwo u\u017cytkownika.<br \/>\n<\/span><\/p>\n<p><span class=\"read-more-text-visible\">Obecnie jednym z najwi\u0119kszych wyzwa\u0144 stoj\u0105cych przed profesjonalnymi glazurnikami jest ci\u0119cie gres\u00f3w porcelanowych.<\/span><\/p>\n<p>W RUBI znamy specyfik\u0119 pracy wykonawc\u00f3w w wielu krajach na ca\u0142ym \u015bwiecie, wiemy, jakie s\u0105 potrzeby profesjonalnych p\u0142ytkarzy oraz jakich materia\u0142\u00f3w u\u017cywaj\u0105 do budowy i remont\u00f3w. Z tych powod\u00f3w RUBI jest rozpoznawaln\u0105 mark\u0105 \u015bci\u015ble skupion\u0105 na profesjonalnej i wymagaj\u0105cej bran\u017cy budowlanej. Dlatego w\u0142a\u015bnie RUBI wykorzystuje ca\u0142\u0105 wiedz\u0105 i do\u015bwiadczenie do produkcji precyzyjnych narz\u0119dzi budowlanych. Wysokie oczekiwania naszych klient\u00f3w zmusi\u0142y nas do zaprojektowania i wyprodukowania w oparciu o zgromadzone do\u015bwiadczenie mo\u017cliwie najdok\u0142adniejszych narz\u0119dzi do ci\u0119cia p\u0142ytek.<br \/>\n<span class=\"read-more-text-hidden\"><br \/>\nOstrze tarczy CPC to kombinacja r\u00f3\u017cnych metali i najlepszej jako\u015bci ziarna diamentowego. Dzi\u0119ki temu mo\u017cemy zaoferowa\u0107 tarcz\u0119 diamentow\u0105 do ci\u0119cia na mokro, kt\u00f3ra cieszy si\u0119 bardzo du\u017cym uznanie w\u015br\u00f3d profesjonalist\u00f3w na ca\u0142ym \u015bwiecie.<\/span><\/p>\n<p>Bior\u0105c pod uwag\u0119 specyfik\u0119 ka\u017cdego typu tarczy (ci\u0105g\u0142e, turbo itp.) oraz materia\u0142\u00f3w, dla kt\u00f3rych zosta\u0142y zaprojektowane, RUBI udost\u0119pnia profesjonalistom trzy rodzaje tarcz: PRO, SUPERPRO i PREMIUM.<\/p>\n<p>Ostrza PRO zapewniaj\u0105 u\u017cytkownikom najlepszy stosunek jako\u015bci do ceny.<\/p>\n<p>Ostrza SUPERPRO stanowi\u0105 najlepszy wyb\u00f3r podczas najbardziej wymagaj\u0105cych prac.<\/p>\n<p>Ostrza PREMIUM to najbardziej wyspecjalizowana opcja, kt\u00f3ra zawsze oferuje najlepsze rezultaty pracy.<\/p>\n<p>Ostrza o grubo\u015bci mniejszej ni\u017c 2 mm nie s\u0105 zalecane do ci\u0119\u0107 uko\u015bnych.<\/p>\n<h3>DANE TECHNICZNE:<\/h3>\n<ul>\n<li><b>Ref. &#8211;<\/b> <span class=\"mpn\">30959<\/span><\/li>\n<li><b>EAN-13 &#8211;<\/b> <span class=\"ean\">8413797309591<\/span><\/li>\n<li><b>Obroty na minut\u0119 &#8211;<\/b> 6150 max.<\/li>\n<li><b>\u015arednica zewn\u0119trzna &#8211;<\/b> 250 mm<\/li>\n<li><b>\u015arednica wewn\u0119trzna &#8211;<\/b> 25,4 mm<\/li>\n<li><b>Wysoko\u015b\u0107 obrze\u017ca tarczy &#8211;<\/b> 8 mm<\/li>\n<li><b>Grubo\u015b\u0107 obrze\u017ca tarczy &#8211;<\/b> 2,2 mm<\/li>\n<li><b>Ilo\u015b\u0107 sztuk w pude\u0142ku &#8211;<\/b> 1<\/li>\n<\/ul>\n","protected":false},"excerpt":{"rendered":"<p><span class=\"read-more-text-hidden\">Tarcza diamentowa RUBI CPC PRO 250mm jest idealna do ci\u0119\u0107 prostych i ukosowania gres\u00f3w porcelanowych do 25 mm grubo\u015bci, szczeg\u00f3lnie tych bardzo twardych. Mocowanie obrze\u017ca technologi\u0105 spawania laserowego gwarantuje wysok\u0105 jako\u015b\u0107, oraz bezpiecze\u0144stwo u\u017cytkownika.<\/span><\/p>\n","protected":false},"featured_media":22017,"comment_status":"open","ping_status":"closed","template":"","meta":{"_acf_changed":false,"inline_featured_image":false},"product_cat":[2297],"product_tag":[2015,2014,2009],"class_list":{"0":"post-21198","1":"product","2":"type-product","3":"status-publish","4":"has-post-thumbnail","6":"product_cat-tarcze","7":"product_tag-ciecie-porcelany","8":"product_tag-rubi-cpc-superpro","9":"product_tag-tarcza-diamentowa","11":"first","12":"outofstock","13":"shipping-taxable","14":"purchasable","15":"product-type-simple"},"acf":[],"_links":{"self":[{"href":"https:\/\/e-adams.pl\/de\/wp-json\/wp\/v2\/product\/21198","targetHints":{"allow":["GET"]}}],"collection":[{"href":"https:\/\/e-adams.pl\/de\/wp-json\/wp\/v2\/product"}],"about":[{"href":"https:\/\/e-adams.pl\/de\/wp-json\/wp\/v2\/types\/product"}],"replies":[{"embeddable":true,"href":"https:\/\/e-adams.pl\/de\/wp-json\/wp\/v2\/comments?post=21198"}],"wp:featuredmedia":[{"embeddable":true,"href":"https:\/\/e-adams.pl\/de\/wp-json\/wp\/v2\/media\/22017"}],"wp:attachment":[{"href":"https:\/\/e-adams.pl\/de\/wp-json\/wp\/v2\/media?parent=21198"}],"wp:term":[{"taxonomy":"product_cat","embeddable":true,"href":"https:\/\/e-adams.pl\/de\/wp-json\/wp\/v2\/product_cat?post=21198"},{"taxonomy":"product_tag","embeddable":true,"href":"https:\/\/e-adams.pl\/de\/wp-json\/wp\/v2\/product_tag?post=21198"}],"curies":[{"name":"wp","href":"https:\/\/api.w.org\/{rel}","templated":true}]}}