{"id":21199,"date":"2023-09-12T12:14:04","date_gmt":"2023-09-12T10:14:04","guid":{"rendered":"https:\/\/e-adams.pl\/produkt\/rubi-tarcza-diamentowa-cpj-125-superpro\/"},"modified":"2024-05-10T11:02:38","modified_gmt":"2024-05-10T09:02:38","slug":"tarcza-diamentowa-rubi-cpj-superpro-125mm","status":"publish","type":"product","link":"https:\/\/e-adams.pl\/de\/produkt\/tarcza-diamentowa-rubi-cpj-superpro-125mm\/","title":{"rendered":"Tarcza diamentowa RUBI CPJ SUPERPRO 125mm"},"content":{"rendered":"<h3>OPIS:<\/h3>\n<p><span class=\"read-more-text-visible\">Tarcza diamentowa <a href=\"https:\/\/e-adams.pl\/oferta\/rubi\/\">RUBI CPJ SUPERPRO<\/a> z charakterystycznymi naci\u0119ciami w kszta\u0142cie litery J s\u0105 przeznaczone do ci\u0119cia na sucho materia\u0142\u00f3w gresowych z zachowaniem wysokiej \u017cywotno\u015bci. Tarcze CPJ s\u0105 polecane do ci\u0119\u0107 prostych w gresach, szczeg\u00f3lnie gdy wymagana jest wysoka pr\u0119dko\u015b\u0107 ci\u0119cia przy r\u00f3wnoczesnym zachowaniu \u017cywotno\u015bci i jako\u015bci.<br \/>\n<\/span><\/p>\n<p><span class=\"read-more-text-hidden\">Ze wzgl\u0119du na zmniejszon\u0105 grubo\u015b\u0107 tarczy, nie zaleca si\u0119 stosowania jej do ci\u0119\u0107 uko\u015bnych.<\/span><\/p>\n<p>Ci\u0119cie materia\u0142\u00f3w ceramicznych przy u\u017cyciu szlifierki jest bardzo wymagaj\u0105cym zadaniem we wszystkich aspektach &#8211; pod wzgl\u0119dem obrabianego materia\u0142u, u\u017cytego narz\u0119dzia jak i dla samego wykonawcy.<br \/>\nDzi\u0119ki zastosowaniu specjalnych naci\u0119\u0107 tarcza CPJ mo\u017ce ci\u0105\u0107 szybciej w twardych gresach przy r\u00f3wnoczesnym zmniejszeniu nacisku na materia\u0142. Z tego powodu ci\u0119cie materia\u0142\u00f3w gresowych mo\u017cna wykonywa\u0107 znacznie \u0142atwiej, przy r\u00f3wnoczesnym zachowaniu szybko\u015bci i jako\u015bci ci\u0119cia. .<\/p>\n<p>Dzi\u0119ki technice spawania laserowego uda\u0142o si\u0119 uzyska\u0107 po\u0142\u0105czenie pomi\u0119dzy obrze\u017cem diamentowym oraz metalowym dyskiem tarczy RUBI CPJ blade gwarantuj\u0105ce jako\u015b\u0107 ci\u0119cia i bezpiecze\u0144stwo u\u017cytkownika.<br \/>\nBior\u0105c pod uwag\u0119 specyfik\u0119 ka\u017cdego typu tarczy (ci\u0105g\u0142e, turbo itp.) oraz materia\u0142\u00f3w, dla kt\u00f3rych zosta\u0142y zaprojektowane, RUBI udost\u0119pnia profesjonalistom trzy rodzaje tarcz: PRO, SUPERPRO i PREMIUM.<\/p>\n<p>Ostrza PRO zapewniaj\u0105 u\u017cytkownikom najlepszy stosunek jako\u015bci do ceny.<br \/>\nOstrza SUPERPRO stanowi\u0105 najlepszy wyb\u00f3r podczas najbardziej wymagaj\u0105cych prac.<br \/>\nOstrza PREMIUM to najbardziej wyspecjalizowana opcja, kt\u00f3ra zawsze oferuje najlepsze rezultaty pracy.<\/p>\n<h3>DANE TECHNICZNE:<\/h3>\n<ul>\n<li><b>Ref. &#8211;<\/b> <span class=\"mpn\">32933<\/span><\/li>\n<li><b>EAN-13 &#8211;<\/b> <span class=\"ean\">8413797329339<\/span><\/li>\n<li><b>Obroty na minut\u0119 &#8211;<\/b> 12250 max.<\/li>\n<li><b>\u015arednica zewn\u0119trzna &#8211;<\/b> 125 mm<\/li>\n<li><b>\u015arednica wewn\u0119trzna &#8211;<\/b> 22,2 mm<\/li>\n<li><b>Wysoko\u015b\u0107 obrze\u017ca tarczy &#8211;<\/b> 8 mm<\/li>\n<li><b>Grubo\u015b\u0107 obrze\u017ca tarczy &#8211;<\/b> 1,4 mm<\/li>\n<li><b>Ilo\u015b\u0107 sztuk w pude\u0142ku &#8211;<\/b> 5<\/li>\n<\/ul>\n","protected":false},"excerpt":{"rendered":"<p><span class=\"read-more-text-visible\">Tarcza diamentowa <a href=\"https:\/\/e-adams.pl\/oferta\/rubi\/\">RUBI CPJ SUPERPRO<\/a> z charakterystycznymi naci\u0119ciami w kszta\u0142cie litery J s\u0105 przeznaczone do ci\u0119cia na sucho materia\u0142\u00f3w gresowych z zachowaniem wysokiej \u017cywotno\u015bci. Tarcze CPJ s\u0105 polecane do ci\u0119\u0107 prostych w gresach, szczeg\u00f3lnie gdy wymagana jest wysoka pr\u0119dko\u015b\u0107 ci\u0119cia przy r\u00f3wnoczesnym zachowaniu \u017cywotno\u015bci i jako\u015bci.<\/span><\/p>\n","protected":false},"featured_media":22036,"comment_status":"open","ping_status":"closed","template":"","meta":{"_acf_changed":false,"inline_featured_image":false},"product_cat":[2297],"product_tag":[1923,2029,2009],"class_list":{"0":"post-21199","1":"product","2":"type-product","3":"status-publish","4":"has-post-thumbnail","6":"product_cat-tarcze","7":"product_tag-ciecie-gresu","8":"product_tag-rubi-cpj-superpro","9":"product_tag-tarcza-diamentowa","11":"first","12":"instock","13":"shipping-taxable","14":"purchasable","15":"product-type-simple"},"acf":[],"_links":{"self":[{"href":"https:\/\/e-adams.pl\/de\/wp-json\/wp\/v2\/product\/21199","targetHints":{"allow":["GET"]}}],"collection":[{"href":"https:\/\/e-adams.pl\/de\/wp-json\/wp\/v2\/product"}],"about":[{"href":"https:\/\/e-adams.pl\/de\/wp-json\/wp\/v2\/types\/product"}],"replies":[{"embeddable":true,"href":"https:\/\/e-adams.pl\/de\/wp-json\/wp\/v2\/comments?post=21199"}],"wp:featuredmedia":[{"embeddable":true,"href":"https:\/\/e-adams.pl\/de\/wp-json\/wp\/v2\/media\/22036"}],"wp:attachment":[{"href":"https:\/\/e-adams.pl\/de\/wp-json\/wp\/v2\/media?parent=21199"}],"wp:term":[{"taxonomy":"product_cat","embeddable":true,"href":"https:\/\/e-adams.pl\/de\/wp-json\/wp\/v2\/product_cat?post=21199"},{"taxonomy":"product_tag","embeddable":true,"href":"https:\/\/e-adams.pl\/de\/wp-json\/wp\/v2\/product_tag?post=21199"}],"curies":[{"name":"wp","href":"https:\/\/api.w.org\/{rel}","templated":true}]}}