{"id":21201,"date":"2023-09-12T12:14:05","date_gmt":"2023-09-12T10:14:05","guid":{"rendered":"https:\/\/e-adams.pl\/produkt\/rubi-tarcza-diamentowa-cpx-250-pro\/"},"modified":"2024-02-15T11:49:34","modified_gmt":"2024-02-15T10:49:34","slug":"tarcza-diamentowa-rubi-cpx-pro-250mm","status":"publish","type":"product","link":"https:\/\/e-adams.pl\/de\/produkt\/tarcza-diamentowa-rubi-cpx-pro-250mm\/","title":{"rendered":"Tarcza diamentowa RUBI CPX PRO 250mm"},"content":{"rendered":"<h3>OPIS:<\/h3>\n<p><span class=\"read-more-text-visible\">Tarcza diamentowa <a href=\"https:\/\/e-adams.pl\/oferta\/rubi\/\">RUBI CPX PRO<\/a> 250mm zapewniaj\u0105 u\u017cytkownikowi wysok\u0105 wydajno\u015b\u0107 pracy. Ze wzgl\u0119du na niewielk\u0105 grubo\u015b\u0107, tarcze CPX nie s\u0105 zalecane do ukosowania. Ci\u0119cie bardzo twardych gres\u00f3w porcelanowych jest wymagaj\u0105cym zadaniem zar\u00f3wno dla tarczy jak i dla glazurnika.<\/span><\/p>\n<p>Tarcze CPX s\u0105 przeznaczone do precyzyjnego i szybkiego ci\u0119cia gres\u00f3w porcelanowych.<br \/>\n<span class=\"center-block center-align\"><br \/>\n<\/span><span class=\"read-more-text-hidden\">Dzi\u0119ki obrze\u017cu z naci\u0119ciami spiralnymi, tarcze CPX przyspieszaj\u0105 ci\u0119cie twardych gres\u00f3w porcelanowych, redukuj\u0105c jednocze\u015bnie napi\u0119cia generowane podczas ci\u0119cia.<br \/>\nW ten spos\u00f3b szybko\u015b\u0107 i wydajno\u015b\u0107 sprawiaj\u0105, \u017ce ci\u0119cie gres\u00f3w porcelanowych jest du\u017co prostsze.<br \/>\nMocowanie obrze\u017ca technologi\u0105 spawania laserowego gwarantuje wysok\u0105 jako\u015b\u0107, oraz bezpiecze\u0144stwo u\u017cytkownika.<\/span><\/p>\n<p>Tarcza zalecana do precyzyjnego ci\u0119cia gresu porcelanowego.<br \/>\nTylko do ci\u0119\u0107 prostych. Nie wskazana do ukosowania.<\/p>\n<p>Bior\u0105c pod uwag\u0119 specyfik\u0119 ka\u017cdego typu tarczy (ci\u0105g\u0142e, turbo itp.) oraz materia\u0142\u00f3w, dla kt\u00f3rych zosta\u0142y zaprojektowane, RUBI udost\u0119pnia profesjonalistom trzy rodzaje tarcz: PRO, SUPERPRO i PREMIUM.<\/p>\n<p>Ostrza PRO zapewniaj\u0105 u\u017cytkownikom najlepszy stosunek jako\u015bci do ceny.<br \/>\nOstrza SUPERPRO stanowi\u0105 najlepszy wyb\u00f3r podczas najbardziej wymagaj\u0105cych prac.<br \/>\nOstrza PREMIUM to najbardziej wyspecjalizowana opcja, kt\u00f3ra zawsze oferuje najlepsze rezultaty pracy.h prac.<br \/>\nOstrza o grubo\u015bci mniejszej ni\u017c 2 mm nie s\u0105 zalecane do ci\u0119\u0107 uko\u015bnych.<\/p>\n<h3>DANE TECHNICZNE:<\/h3>\n<ul>\n<li><b>Ref. &#8211;<\/b> <span class=\"mpn\">30962<\/span><\/li>\n<li><b>EAN-13 &#8211;<\/b> <span class=\"ean\">8413797309621<\/span><\/li>\n<li><b>Obroty na minut\u0119 &#8211;<\/b> 6150 max.<\/li>\n<li><b>\u015arednica zewn\u0119trzna &#8211;<\/b> 250 mm<\/li>\n<li><b>\u015arednica wewn\u0119trzna &#8211;<\/b> 25,4 mm<\/li>\n<li><b>Wysoko\u015b\u0107 obrze\u017ca tarczy &#8211;<\/b> 8 mm<\/li>\n<li><b>Grubo\u015b\u0107 obrze\u017ca tarczy &#8211;<\/b> 1,6 mm<\/li>\n<li><b>Ilo\u015b\u0107 sztuk w pude\u0142ku &#8211;<\/b> 1<\/li>\n<\/ul>\n","protected":false},"excerpt":{"rendered":"<p><span class=\"read-more-text-visible\">Tarcza diamentowa RUBI CPX PRO 250mm zapewniaj\u0105 u\u017cytkownikowi wysok\u0105 wydajno\u015b\u0107 pracy. Ze wzgl\u0119du na niewielk\u0105 grubo\u015b\u0107, tarcze CPX nie s\u0105 zalecane do ukosowania. Ci\u0119cie bardzo twardych gres\u00f3w porcelanowych jest wymagaj\u0105cym zadaniem zar\u00f3wno dla tarczy jak i dla glazurnika.<\/span><\/p>\n","protected":false},"featured_media":22024,"comment_status":"open","ping_status":"closed","template":"","meta":{"_acf_changed":false,"inline_featured_image":false},"product_cat":[2297],"product_tag":[1923,2020,2009],"class_list":{"0":"post-21201","1":"product","2":"type-product","3":"status-publish","4":"has-post-thumbnail","6":"product_cat-tarcze","7":"product_tag-ciecie-gresu","8":"product_tag-rubi-cpx-superpro","9":"product_tag-tarcza-diamentowa","11":"first","12":"instock","13":"shipping-taxable","14":"purchasable","15":"product-type-simple"},"acf":[],"_links":{"self":[{"href":"https:\/\/e-adams.pl\/de\/wp-json\/wp\/v2\/product\/21201","targetHints":{"allow":["GET"]}}],"collection":[{"href":"https:\/\/e-adams.pl\/de\/wp-json\/wp\/v2\/product"}],"about":[{"href":"https:\/\/e-adams.pl\/de\/wp-json\/wp\/v2\/types\/product"}],"replies":[{"embeddable":true,"href":"https:\/\/e-adams.pl\/de\/wp-json\/wp\/v2\/comments?post=21201"}],"wp:featuredmedia":[{"embeddable":true,"href":"https:\/\/e-adams.pl\/de\/wp-json\/wp\/v2\/media\/22024"}],"wp:attachment":[{"href":"https:\/\/e-adams.pl\/de\/wp-json\/wp\/v2\/media?parent=21201"}],"wp:term":[{"taxonomy":"product_cat","embeddable":true,"href":"https:\/\/e-adams.pl\/de\/wp-json\/wp\/v2\/product_cat?post=21201"},{"taxonomy":"product_tag","embeddable":true,"href":"https:\/\/e-adams.pl\/de\/wp-json\/wp\/v2\/product_tag?post=21201"}],"curies":[{"name":"wp","href":"https:\/\/api.w.org\/{rel}","templated":true}]}}