{"id":21202,"date":"2023-09-12T12:14:06","date_gmt":"2023-09-12T10:14:06","guid":{"rendered":"https:\/\/e-adams.pl\/produkt\/rubi-tarcza-diamentowa-ecd-115-2in1-superpro\/"},"modified":"2024-07-15T11:31:31","modified_gmt":"2024-07-15T09:31:31","slug":"tarcza-diamentowa-rubi-ecd-2in1-superpro-115mm","status":"publish","type":"product","link":"https:\/\/e-adams.pl\/de\/produkt\/tarcza-diamentowa-rubi-ecd-2in1-superpro-115mm\/","title":{"rendered":"Tarcza diamentowa RUBI ECD 2IN1 SUPERPRO 115mm"},"content":{"rendered":"<h3>OPIS:<\/h3>\n<p><span class=\"read-more-text-visible\"><br \/>\nTarcza diamentowa RUBI ECD 2IN1 SUPERPRO s\u0105 przeznaczone do ci\u0119cia i szlifowania p\u0142ytek kamiennych, ceramicznych oraz materia\u0142\u00f3w syntetycznych. Diament jest nanoszony metod\u0105 powlekania elektrolitycznego, co pozwala na uzyskanie wyskokiej jako\u015bci ci\u0119cia tak jak przy u\u017cyciu tarczy z obrze\u017cem ci\u0105g\u0142ym oraz szybko\u015bci i wysokiej jako\u015bci szlifowania.<br \/>\n<\/span><span class=\"center-block center-align\"><span class=\"read-more-text-visible\">RUBI jest znane z wielu wszechstronnych produkt\u00f3w. Tarcza ECD 2w1 przeznaczona do ci\u0119cia i szlifowania jednocze\u015bnie doskonale si\u0119 w t\u0119 ofert\u0119 wpisuje.<\/span><\/span><\/p>\n<p><span class=\"read-more-text-hidden\"><br \/>\nTarcza ECD posiada warstw\u0119 robocz\u0105 po obu stronach dysku, co dwukrotnie zwi\u0119ksza jej \u017cywotno\u015b\u0107 w przypadku szlifowania (mocowanie dysku mo\u017cna przekr\u0119ci\u0107 na drug\u0105 stron\u0119, gdy pierwsza ulegnie starciu).<\/span><\/p>\n<p>Tarcza ECD jako jedno narz\u0119dzie doskonale nadaje si\u0119 do uzyskania dw\u00f3ch wynik\u00f3w: prefekcyjnego k\u0105ta podczas szlifowania oraz uzyskania idealnych kraw\u0119dzi podczas ci\u0119cia. W ten spos\u00f3b profesjonalni glazurnicy uzyskuj\u0105 od RUBI wszechstronne i wydajne narz\u0119dzie w codziennej pracy, dzi\u0119ki kt\u00f3remu mog\u0105 pracowa\u0107 znacznie wydajniej.<\/p>\n<p>Cz\u0119sto w pracy wykonawcy szukaj\u0105 narz\u0119dzi &#8222;uniwersalnych&#8220; w sensie &#8222;wszechstronnych&#8220;. Dlatego w\u0142a\u015bnie powsta\u0142a jedna tarcza diamentowa do ci\u0119cia i szlifowania p\u0142ytek kamiennych i ceramicznych.<\/p>\n<p>Zastosowanie powierzchni diamentowej nanoszonej metod\u0105 powlekania elektrolitycznego w tarczy RUBI ECD zmniejsza ryzyko powstawnia wibracji podczas ci\u0119cia przy u\u017cyciu szlifierki. Dzi\u0119ki temu mo\u017cna stosowa\u0107 t\u0119 tarcz\u0119 do ci\u0119cia materia\u0142\u00f3w obarczonych wysokim ryzykiem wykruszenia lub p\u0119kni\u0119cia.<\/p>\n<h3>DANE TECHNICZNE:<\/h3>\n<p>&nbsp;<\/p>\n","protected":false},"excerpt":{"rendered":"<p><span class=\"read-more-text-visible\">Tarcza diamentowa RUBI ECD 2IN1 SUPERPRO s\u0105 przeznaczone do ci\u0119cia i szlifowania p\u0142ytek kamiennych, ceramicznych oraz materia\u0142\u00f3w syntetycznych. Diament jest nanoszony metod\u0105 powlekania elektrolitycznego, co pozwala na uzyskanie wyskokiej jako\u015bci ci\u0119cia tak jak przy u\u017cyciu tarczy z obrze\u017cem ci\u0105g\u0142ym oraz szybko\u015bci i wysokiej jako\u015bci szlifowania.<\/span><\/p>\n","protected":false},"featured_media":22032,"comment_status":"open","ping_status":"closed","template":"","meta":{"_acf_changed":false,"inline_featured_image":false},"product_cat":[2297],"product_tag":[2027,2026,2009],"class_list":{"0":"post-21202","1":"product","2":"type-product","3":"status-publish","4":"has-post-thumbnail","6":"product_cat-tarcze","7":"product_tag-ciecie-i-szlifowanie","8":"product_tag-rubi-ecd-superpro","9":"product_tag-tarcza-diamentowa","11":"first","12":"instock","13":"shipping-taxable","14":"purchasable","15":"product-type-simple"},"acf":[],"_links":{"self":[{"href":"https:\/\/e-adams.pl\/de\/wp-json\/wp\/v2\/product\/21202","targetHints":{"allow":["GET"]}}],"collection":[{"href":"https:\/\/e-adams.pl\/de\/wp-json\/wp\/v2\/product"}],"about":[{"href":"https:\/\/e-adams.pl\/de\/wp-json\/wp\/v2\/types\/product"}],"replies":[{"embeddable":true,"href":"https:\/\/e-adams.pl\/de\/wp-json\/wp\/v2\/comments?post=21202"}],"wp:featuredmedia":[{"embeddable":true,"href":"https:\/\/e-adams.pl\/de\/wp-json\/wp\/v2\/media\/22032"}],"wp:attachment":[{"href":"https:\/\/e-adams.pl\/de\/wp-json\/wp\/v2\/media?parent=21202"}],"wp:term":[{"taxonomy":"product_cat","embeddable":true,"href":"https:\/\/e-adams.pl\/de\/wp-json\/wp\/v2\/product_cat?post=21202"},{"taxonomy":"product_tag","embeddable":true,"href":"https:\/\/e-adams.pl\/de\/wp-json\/wp\/v2\/product_tag?post=21202"}],"curies":[{"name":"wp","href":"https:\/\/api.w.org\/{rel}","templated":true}]}}