{"id":21204,"date":"2023-09-12T12:14:07","date_gmt":"2023-09-12T10:14:07","guid":{"rendered":"https:\/\/e-adams.pl\/produkt\/rubi-tarcza-diamentowa-rsq-230-superpro\/"},"modified":"2024-02-15T11:49:34","modified_gmt":"2024-02-15T10:49:34","slug":"tarcza-diamentowa-rubi-rsq-superpro-230mm","status":"publish","type":"product","link":"https:\/\/e-adams.pl\/de\/produkt\/tarcza-diamentowa-rubi-rsq-superpro-230mm\/","title":{"rendered":"Tarcza diamentowa RUBI RSQ SUPERPRO 230mm"},"content":{"rendered":"<h3>OPIS:<\/h3>\n<p><span class=\"read-more-text-visible\">Tarcza diamentowa <a href=\"https:\/\/e-adams.pl\/oferta\/rubi\/\">RUBI RSQ SUPERPRO<\/a> s\u0105 przeznaczone do ci\u0119cia na sucho za pomoc\u0105 szlifierki wszystkich rodzaj\u00f3w materia\u0142\u00f3w, nie tylko p\u0142ytek i kamieni, ale r\u00f3wnie\u017c metali, drewna i tworzyw sztucznych.<\/span><\/p>\n<p>Diament w tarczach RESCUE nak\u0142adany jest technologi\u0105 lutowania pr\u00f3\u017cniowego, co zwi\u0119ksza odporno\u015b\u0107 ostrza na wysokie temperatury.<br \/>\n<span class=\"center-block center-align\"><br \/>\n<\/span><span class=\"read-more-text-hidden\">Kolejn\u0105 zalet\u0105 tarcz RESCUE jest znacz\u0105ce zmniejszenie ilo\u015bci wytwarzanych iskier oraz zwi\u0119kszenie bezpiecze\u0144stwa i wytrzyma\u0142o\u015bci ostrza, w por\u00f3wnaniu do tradycyjnych tarcz u\u017cywanych do ci\u0119cia metali.<br \/>\nPoprzez tarcze RESCUE RUBI oferuje u\u017cytkownik\u00f3w wielofunkcyjne ostrze do pracy ze wszystkimi rodzajami materia\u0142\u00f3w, przy zachowaniu szybko\u015bci i precyzji ci\u0119cia.<\/span><\/p>\n<p>W projektowaniu produkt\u00f3w RUBI bardzo du\u017c\u0105 aktywno\u015bci\u0105 wykazuje si\u0119 zesp\u00f3\u0142 z\u0142o\u017cony z pracownik\u00f3w dzia\u0142u bada\u0144 i rozwoju sk\u0142adaj\u0105cego si\u0119 z in\u017cynier\u00f3w oraz profesjonalist\u00f3w z ca\u0142ego \u015bwiata. Dzi\u0119ki temu, \u017ce uzyskujemy informacje z wielu cz\u0119\u015bci \u015bwiata, pozwala nam to spojrze\u0107 globalnie na biznes i zrozumie\u0107 potrzeb\u0119 projektowania narz\u0119dzi dopasowanych do ka\u017cdego rynku.<\/p>\n<p>Bior\u0105c pod uwag\u0119 specyfik\u0119 ka\u017cdego typu tarczy (ci\u0105g\u0142e, turbo itp.) oraz materia\u0142\u00f3w, dla kt\u00f3rych zosta\u0142y zaprojektowane, RUBI udost\u0119pnia profesjonalistom trzy rodzaje tarcz: PRO, SUPERPRO i PREMIUM.<\/p>\n<p>Ostrza PRO zapewniaj\u0105 u\u017cytkownikom najlepszy stosunek jako\u015bci do ceny.<br \/>\nOstrza SUPERPRO stanowi\u0105 najlepszy wyb\u00f3r podczas najbardziej wymagaj\u0105cych prac.<br \/>\nOstrza PREMIUM to najbardziej wyspecjalizowana opcja, kt\u00f3ra zawsze oferuje najlepsze rezultaty pracy.<br \/>\nOstrza o grubo\u015bci mniejszej ni\u017c 2 mm nie s\u0105 zalecane do ci\u0119\u0107 uko\u015bnych.<\/p>\n<h3>DANE TECHNICZNE:<\/h3>\n<ul>\n<li><b>Ref. &#8211;<\/b> <span class=\"mpn\">30902<\/span><\/li>\n<li><b>EAN-13 &#8211;<\/b> <span class=\"ean\">8413797309027<\/span><\/li>\n<li><b>Obroty na minut\u0119 &#8211;<\/b> 6650 max.<\/li>\n<li><b>\u015arednica zewn\u0119trzna &#8211;<\/b> 230 mm<\/li>\n<li><b>\u015arednica wewn\u0119trzna &#8211;<\/b> 22,2 mm<\/li>\n<li><b>Wysoko\u015b\u0107 obrze\u017ca tarczy &#8211;<\/b> 4 mm<\/li>\n<li><b>Grubo\u015b\u0107 obrze\u017ca tarczy &#8211;<\/b> 3,0 mm<\/li>\n<li><b>Ilo\u015b\u0107 sztuk w pude\u0142ku &#8211;<\/b> 1<\/li>\n<\/ul>\n","protected":false},"excerpt":{"rendered":"<p><span class=\"read-more-text-visible\">Tarcza diamentowa RUBI RSQ SUPERPRO s\u0105 przeznaczone do ci\u0119cia na sucho za pomoc\u0105 szlifierki wszystkich rodzaj\u00f3w materia\u0142\u00f3w, nie tylko p\u0142ytek i kamieni, ale r\u00f3wnie\u017c metali, drewna i tworzyw sztucznych. Diament w tarczach RESCUE nak\u0142adany jest technologi\u0105 lutowania pr\u00f3\u017cniowego, co zwi\u0119ksza odporno\u015b\u0107 ostrza na wysokie temperatury.<\/span><\/p>\n","protected":false},"featured_media":22020,"comment_status":"open","ping_status":"closed","template":"","meta":{"_acf_changed":false,"inline_featured_image":false},"product_cat":[2297],"product_tag":[2018,2017,2009],"class_list":{"0":"post-21204","1":"product","2":"type-product","3":"status-publish","4":"has-post-thumbnail","6":"product_cat-tarcze","7":"product_tag-ciecie-na-sucho","8":"product_tag-rubi-rsq-superpro","9":"product_tag-tarcza-diamentowa","11":"first","12":"instock","13":"shipping-taxable","14":"purchasable","15":"product-type-simple"},"acf":[],"_links":{"self":[{"href":"https:\/\/e-adams.pl\/de\/wp-json\/wp\/v2\/product\/21204","targetHints":{"allow":["GET"]}}],"collection":[{"href":"https:\/\/e-adams.pl\/de\/wp-json\/wp\/v2\/product"}],"about":[{"href":"https:\/\/e-adams.pl\/de\/wp-json\/wp\/v2\/types\/product"}],"replies":[{"embeddable":true,"href":"https:\/\/e-adams.pl\/de\/wp-json\/wp\/v2\/comments?post=21204"}],"wp:featuredmedia":[{"embeddable":true,"href":"https:\/\/e-adams.pl\/de\/wp-json\/wp\/v2\/media\/22020"}],"wp:attachment":[{"href":"https:\/\/e-adams.pl\/de\/wp-json\/wp\/v2\/media?parent=21204"}],"wp:term":[{"taxonomy":"product_cat","embeddable":true,"href":"https:\/\/e-adams.pl\/de\/wp-json\/wp\/v2\/product_cat?post=21204"},{"taxonomy":"product_tag","embeddable":true,"href":"https:\/\/e-adams.pl\/de\/wp-json\/wp\/v2\/product_tag?post=21204"}],"curies":[{"name":"wp","href":"https:\/\/api.w.org\/{rel}","templated":true}]}}