{"id":21206,"date":"2023-09-12T12:14:09","date_gmt":"2023-09-12T10:14:09","guid":{"rendered":"https:\/\/e-adams.pl\/produkt\/rubi-tarcza-diamentowa-sev-230-pro\/"},"modified":"2024-05-10T11:02:38","modified_gmt":"2024-05-10T09:02:38","slug":"tarcza-diamentowa-rubi-sev-pro-230mm","status":"publish","type":"product","link":"https:\/\/e-adams.pl\/de\/produkt\/tarcza-diamentowa-rubi-sev-pro-230mm\/","title":{"rendered":"Tarcza diamentowa RUBI SEV PRO 230mm"},"content":{"rendered":"<h3>OPIS:<\/h3>\n<p><span class=\"read-more-text-visible\">Tarcza diamentowa <a href=\"https:\/\/e-adams.pl\/oferta\/rubi\/\">RUBI SEV PRO<\/a> jest tarcz\u0105 zalecan\u0105 do ci\u0119cia na sucho og\u00f3lnych materia\u0142\u00f3w budowlanych, takich jak ceg\u0142y, beton, p\u0142yty terrazzo, itp. SEV jak tarcza segmentowa zapewnia u\u017cytkownikom najwi\u0119ksz\u0105 szybko\u015b\u0107 ci\u0119cia.<\/span><\/p>\n<p>Specjalnie zaprojektowane i wykonane z najlepszych surowc\u00f3w segmenty tarczy zapewniaj\u0105 maksymaln\u0105 szybko\u015b\u0107 ci\u0119cia oraz lepsze ch\u0142odzenie.<br \/>\n<span class=\"read-more-text-hidden\">Tarcze z obrze\u017cem segmentowym s\u0105 doskona\u0142e do ci\u0119cia materia\u0142\u00f3w grubszych ni\u017c 25 mm.<\/span><\/p>\n<p>Segmenty w tarczach diamentowych RUBI serii SEV s\u0105 po\u0142\u0105czone ze stalow\u0105 flansz\u0105 metod\u0105 spawania laserowego.<br \/>\nBior\u0105c pod uwag\u0119 specyfik\u0119 ka\u017cdego typu tarczy (ci\u0105g\u0142e, turbo itp.) oraz materia\u0142\u00f3w, dla kt\u00f3rych zosta\u0142y zaprojektowane, RUBI udost\u0119pnia profesjonalistom trzy rodzaje tarcz: PRO, SUPERPRO i PREMIUM.<\/p>\n<p>Ostrza PRO zapewniaj\u0105 u\u017cytkownikom najlepszy stosunek jako\u015bci do ceny.<br \/>\nOstrza SUPERPRO stanowi\u0105 najlepszy wyb\u00f3r podczas najbardziej wymagaj\u0105cych prac.<br \/>\nOstrza PREMIUM to najbardziej wyspecjalizowana opcja, kt\u00f3ra zawsze oferuje najlepsze rezultaty pracy.<\/p>\n<p><span class=\"read-more-text-hidden\"><br \/>\nTarcze o grubo\u015bci dysku mniejszej ni\u017c 2 mm nie s\u0105 zalecane do ci\u0119\u0107 uko\u015bnych.<br \/>\nTarcza diamentowa RUBI serii SEV-230 SUPERPRO posiada perforowany wz\u00f3r obrze\u017ca, co zapewnia wykonawcom lepsze ch\u0142odzenie i mniejsze napr\u0119\u017cenia podczas ci\u0119cia.<\/span><\/p>\n<h3>DANE TECHNICZNE:<\/h3>\n<ul>\n<li><b>Ref. &#8211;<\/b> <span class=\"mpn\">25916<\/span><\/li>\n<li><b>EAN-13 &#8211;<\/b> <span class=\"ean\">8413797259162<\/span><\/li>\n<li><b>Obroty na minut\u0119 &#8211;<\/b> 6650 max.<\/li>\n<li><b>\u015arednica zewn\u0119trzna &#8211;<\/b> 230 mm<\/li>\n<li><b>\u015arednica wewn\u0119trzna &#8211;<\/b> 22,2 mm<\/li>\n<li><b>Wysoko\u015b\u0107 obrze\u017ca tarczy &#8211;<\/b> 8 mm<\/li>\n<li><b>Grubo\u015b\u0107 obrze\u017ca tarczy &#8211;<\/b> 2,3 mm<\/li>\n<li><b>Ilo\u015b\u0107 sztuk w pude\u0142ku &#8211;<\/b> 1<\/li>\n<\/ul>\n","protected":false},"excerpt":{"rendered":"<p><span class=\"read-more-text-visible\">Tarcza diamentowa RUBI SEV PRO jest tarcz\u0105 zalecan\u0105 do ci\u0119cia na sucho og\u00f3lnych materia\u0142\u00f3w budowlanych, takich jak ceg\u0142y, beton, p\u0142yty terrazzo, itp. SEV jak tarcza segmentowa zapewnia u\u017cytkownikom najwi\u0119ksz\u0105 szybko\u015b\u0107 ci\u0119cia.<\/span><\/p>\n","protected":false},"featured_media":22048,"comment_status":"open","ping_status":"closed","template":"","meta":{"_acf_changed":false,"inline_featured_image":false},"product_cat":[2297],"product_tag":[2018,2034,2009],"class_list":{"0":"post-21206","1":"product","2":"type-product","3":"status-publish","4":"has-post-thumbnail","6":"product_cat-tarcze","7":"product_tag-ciecie-na-sucho","8":"product_tag-rubi-sev-pro","9":"product_tag-tarcza-diamentowa","11":"first","12":"instock","13":"shipping-taxable","14":"purchasable","15":"product-type-simple"},"acf":[],"_links":{"self":[{"href":"https:\/\/e-adams.pl\/de\/wp-json\/wp\/v2\/product\/21206","targetHints":{"allow":["GET"]}}],"collection":[{"href":"https:\/\/e-adams.pl\/de\/wp-json\/wp\/v2\/product"}],"about":[{"href":"https:\/\/e-adams.pl\/de\/wp-json\/wp\/v2\/types\/product"}],"replies":[{"embeddable":true,"href":"https:\/\/e-adams.pl\/de\/wp-json\/wp\/v2\/comments?post=21206"}],"wp:featuredmedia":[{"embeddable":true,"href":"https:\/\/e-adams.pl\/de\/wp-json\/wp\/v2\/media\/22048"}],"wp:attachment":[{"href":"https:\/\/e-adams.pl\/de\/wp-json\/wp\/v2\/media?parent=21206"}],"wp:term":[{"taxonomy":"product_cat","embeddable":true,"href":"https:\/\/e-adams.pl\/de\/wp-json\/wp\/v2\/product_cat?post=21206"},{"taxonomy":"product_tag","embeddable":true,"href":"https:\/\/e-adams.pl\/de\/wp-json\/wp\/v2\/product_tag?post=21206"}],"curies":[{"name":"wp","href":"https:\/\/api.w.org\/{rel}","templated":true}]}}