{"id":21208,"date":"2023-09-12T12:14:10","date_gmt":"2023-09-12T10:14:10","guid":{"rendered":"https:\/\/e-adams.pl\/produkt\/rubi-tarcza-diamentowa-stt-230mm-superpro\/"},"modified":"2024-02-15T11:49:33","modified_gmt":"2024-02-15T10:49:33","slug":"tarcza-diamentowe-rubi-stt-superpro-230mm","status":"publish","type":"product","link":"https:\/\/e-adams.pl\/de\/produkt\/tarcza-diamentowe-rubi-stt-superpro-230mm\/","title":{"rendered":"Tarcza diamentowe RUBI STT SUPERPRO 230mm"},"content":{"rendered":"<h3>OPIS:<\/h3>\n<p><span class=\"read-more-text-visible\">Uniwersalne tarcza diamentowe <a href=\"https:\/\/e-adams.pl\/oferta\/rubi\/\">RUBI STT SUPERPRO<\/a> s\u0105 przeznaczone do ci\u0119cia wszystkich materia\u0142\u00f3w budowlanych takich jak ceg\u0142y, lastryko, beton, a nawet beton zbrojony (pr\u0119ty do 6 mm).<\/span><\/p>\n<p>Segmenty diamentowe s\u0105 po\u0142\u0105czone z rdzeniem tarczy STT przez spawanie laserowe. Jest to najbardziej niezawodna metoda spo\u015br\u00f3d aktualnie u\u017cywanych.<br \/>\n<span class=\"read-more-text-hidden\">Uniwersalne tarcza diamentowe STT to najlepszy wyb\u00f3r kiedy musimy pracowa\u0107 z trudnymi do ci\u0119cia materia\u0142ami.<\/span><\/p>\n<p>Segmentowe obrze\u017ce tarczy STT jest doskona\u0142e do ci\u0119cia materia\u0142\u00f3w grubszych ni\u017c 25 mm..<br \/>\nBior\u0105c pod uwag\u0119 specyfik\u0119 ka\u017cdego typu tarczy (ci\u0105g\u0142e, turbo itp.) oraz materia\u0142\u00f3w, dla kt\u00f3rych zosta\u0142y zaprojektowane, RUBI udost\u0119pnia profesjonalistom trzy rodzaje tarcz: PRO, SUPERPRO i PREMIUM.<\/p>\n<p>Ostrza PRO zapewniaj\u0105 u\u017cytkownikom najlepszy stosunek jako\u015bci do ceny.<br \/>\nOstrza SUPERPRO stanowi\u0105 najlepszy wyb\u00f3r podczas najbardziej wymagaj\u0105cych prac.<br \/>\nOstrza PREMIUM to najbardziej wyspecjalizowana opcja, kt\u00f3ra zawsze oferuje najlepsze rezultaty pracy.<br \/>\nOstrza o grubo\u015bci mniejszej ni\u017c 2 mm nie s\u0105 zalecane do ci\u0119\u0107 uko\u015bnych.<\/p>\n<h3>DANE TECHNICZNE:<\/h3>\n<ul>\n<li><b>Ref. &#8211;<\/b> <span class=\"mpn\">30976<\/span><\/li>\n<li><b>EAN-13 &#8211;<\/b> <span class=\"ean\">8413797309768<\/span><\/li>\n<li><b>Obroty na minut\u0119 &#8211;<\/b> 6650 max.<\/li>\n<li><b>\u015arednica zewn\u0119trzna &#8211;<\/b> 230 mm<\/li>\n<li><b>\u015arednica wewn\u0119trzna &#8211;<\/b> 22,2 mm<\/li>\n<li><b>Wysoko\u015b\u0107 obrze\u017ca tarczy &#8211;<\/b> 10 mm<\/li>\n<li><b>Grubo\u015b\u0107 obrze\u017ca tarczy &#8211;<\/b> 2,2 mm<\/li>\n<li><b>Ilo\u015b\u0107 sztuk w pude\u0142ku &#8211;<\/b> 1<\/li>\n<\/ul>\n","protected":false},"excerpt":{"rendered":"<p><span class=\"read-more-text-visible\">Uniwersalne tarcza diamentowe RUBI STT SUPERPRO s\u0105 przeznaczone do ci\u0119cia wszystkich materia\u0142\u00f3w budowlanych takich jak ceg\u0142y, lastryko, beton, a nawet beton zbrojony (pr\u0119ty do 6 mm). Segmenty diamentowe s\u0105 po\u0142\u0105czone z rdzeniem tarczy STT przez spawanie laserowe. Jest to najbardziej niezawodna metoda spo\u015br\u00f3d aktualnie u\u017cywanych.<\/span><\/p>\n","protected":false},"featured_media":22022,"comment_status":"open","ping_status":"closed","template":"","meta":{"_acf_changed":false,"inline_featured_image":false},"product_cat":[2297],"product_tag":[2019,2009],"class_list":{"0":"post-21208","1":"product","2":"type-product","3":"status-publish","4":"has-post-thumbnail","6":"product_cat-tarcze","7":"product_tag-rubi-stt-superpro","8":"product_tag-tarcza-diamentowa","10":"first","11":"instock","12":"shipping-taxable","13":"purchasable","14":"product-type-simple"},"acf":[],"_links":{"self":[{"href":"https:\/\/e-adams.pl\/de\/wp-json\/wp\/v2\/product\/21208","targetHints":{"allow":["GET"]}}],"collection":[{"href":"https:\/\/e-adams.pl\/de\/wp-json\/wp\/v2\/product"}],"about":[{"href":"https:\/\/e-adams.pl\/de\/wp-json\/wp\/v2\/types\/product"}],"replies":[{"embeddable":true,"href":"https:\/\/e-adams.pl\/de\/wp-json\/wp\/v2\/comments?post=21208"}],"wp:featuredmedia":[{"embeddable":true,"href":"https:\/\/e-adams.pl\/de\/wp-json\/wp\/v2\/media\/22022"}],"wp:attachment":[{"href":"https:\/\/e-adams.pl\/de\/wp-json\/wp\/v2\/media?parent=21208"}],"wp:term":[{"taxonomy":"product_cat","embeddable":true,"href":"https:\/\/e-adams.pl\/de\/wp-json\/wp\/v2\/product_cat?post=21208"},{"taxonomy":"product_tag","embeddable":true,"href":"https:\/\/e-adams.pl\/de\/wp-json\/wp\/v2\/product_tag?post=21208"}],"curies":[{"name":"wp","href":"https:\/\/api.w.org\/{rel}","templated":true}]}}