{"id":21209,"date":"2023-09-12T12:14:11","date_gmt":"2023-09-12T10:14:11","guid":{"rendered":"https:\/\/e-adams.pl\/produkt\/rubi-tarcza-diamentowa-tgs-125-superpro\/"},"modified":"2024-05-10T11:02:41","modified_gmt":"2024-05-10T09:02:41","slug":"tarcza-diamentowa-rubi-tgs-superpro-125mm","status":"publish","type":"product","link":"https:\/\/e-adams.pl\/de\/produkt\/tarcza-diamentowa-rubi-tgs-superpro-125mm\/","title":{"rendered":"Tarcza diamentowa RUBI TGS SUPERPRO 125mm"},"content":{"rendered":"<h3>OPIS:<\/h3>\n<p><span class=\"read-more-text-visible\">Tarcza diamentowa <a href=\"https:\/\/e-adams.pl\/oferta\/rubi\/\">RUBI TGS SUPERPRO<\/a> s\u0142u\u017cy do ci\u0119cia i szlifowania, na sucho, wszystkich rodzaj\u00f3w twardych materia\u0142\u00f3w, takich jak granit, \u0142upek, gres porcelanowy i rustykalny, klinkier czy konglomeraty kwarcowe. Tarcza TGS wyst\u0119puje w klasie SUPERPRO i jest przeznaczona do u\u017cywania na szlifierkach*.<\/span><\/p>\n<p>Dzi\u0119ki specyficznej konstrukcji obrze\u017ca diamentowego, tarcza TGS oferuje wy\u017csz\u0105 pr\u0119dko\u015b\u0107 ci\u0119cia najtwardszych materia\u0142\u00f3w, bez utraty jako\u015bci wyko\u0144czenia.<br \/>\n<span class=\"read-more-text-hidden\">TGS \u0142\u0105czy w sobie wszystkie zalety tarczy TURBO z charakterystyk\u0105 tarczy zaprojektowanej w celu zmniejszania napr\u0119\u017ce\u0144 podczas ci\u0119cia. Specjalny stop obrze\u017ca diamentowego tarczy TGS umo\u017cliwia ci\u0119cie proste i ukosowanie pod k\u0105tem 45\u00ba. Szlifowanie jest ograniczone do delikatnych poprawek wykonanego ci\u0119cia (niewielkie p\u0119kni\u0119cia, odpryski lub korekta niewielkich nier\u00f3wno\u015bci). Tarcza TGS SUPERPRO umo\u017cliwia wykonanie wszystkich tych zada\u0144 ze znacznie wy\u017csz\u0105 pr\u0119dko\u015bci\u0105 i \u017cywotno\u015bci\u0105 ni\u017c w przypadku innych tarcz.<\/span><\/p>\n<p>Bior\u0105c pod uwag\u0119 specyfik\u0119 ka\u017cdego typu tarczy (ci\u0105g\u0142e, turbo itp.) oraz materia\u0142\u00f3w, dla kt\u00f3rych zosta\u0142y zaprojektowane, RUBI udost\u0119pnia profesjonalistom trzy rodzaje tarcz: PRO, SUPERPRO i PREMIUM.<\/p>\n<p>Ostrza PRO zapewniaj\u0105 u\u017cytkownikom najlepszy stosunek jako\u015bci do ceny.<br \/>\nOstrza SUPERPRO stanowi\u0105 najlepszy wyb\u00f3r podczas najbardziej wymagaj\u0105cych prac.<br \/>\nOstrza PREMIUM to najbardziej wyspecjalizowana opcja, kt\u00f3ra zawsze oferuje najlepsze rezultaty pracy.<\/p>\n<h3>DANE TECHNICZNE:<\/h3>\n<p>&nbsp;<\/p>\n","protected":false},"excerpt":{"rendered":"<p><span class=\"read-more-text-visible\">Tarcza diamentowa RUBI TGS SUPERPRO s\u0142u\u017cy do ci\u0119cia i szlifowania, na sucho, wszystkich rodzaj\u00f3w twardych materia\u0142\u00f3w, takich jak granit, \u0142upek, gres porcelanowy i rustykalny, klinkier czy konglomeraty kwarcowe. Tarcza TGS wyst\u0119puje w klasie SUPERPRO i jest przeznaczona do u\u017cywania na szlifierkach*.<\/span><\/p>\n","protected":false},"featured_media":22030,"comment_status":"open","ping_status":"closed","template":"","meta":{"_acf_changed":false,"inline_featured_image":false},"product_cat":[2297],"product_tag":[2025,2009],"class_list":{"0":"post-21209","1":"product","2":"type-product","3":"status-publish","4":"has-post-thumbnail","6":"product_cat-tarcze","7":"product_tag-rubi-tgs-superpro","8":"product_tag-tarcza-diamentowa","10":"first","11":"instock","12":"shipping-taxable","13":"purchasable","14":"product-type-simple"},"acf":[],"_links":{"self":[{"href":"https:\/\/e-adams.pl\/de\/wp-json\/wp\/v2\/product\/21209","targetHints":{"allow":["GET"]}}],"collection":[{"href":"https:\/\/e-adams.pl\/de\/wp-json\/wp\/v2\/product"}],"about":[{"href":"https:\/\/e-adams.pl\/de\/wp-json\/wp\/v2\/types\/product"}],"replies":[{"embeddable":true,"href":"https:\/\/e-adams.pl\/de\/wp-json\/wp\/v2\/comments?post=21209"}],"wp:featuredmedia":[{"embeddable":true,"href":"https:\/\/e-adams.pl\/de\/wp-json\/wp\/v2\/media\/22030"}],"wp:attachment":[{"href":"https:\/\/e-adams.pl\/de\/wp-json\/wp\/v2\/media?parent=21209"}],"wp:term":[{"taxonomy":"product_cat","embeddable":true,"href":"https:\/\/e-adams.pl\/de\/wp-json\/wp\/v2\/product_cat?post=21209"},{"taxonomy":"product_tag","embeddable":true,"href":"https:\/\/e-adams.pl\/de\/wp-json\/wp\/v2\/product_tag?post=21209"}],"curies":[{"name":"wp","href":"https:\/\/api.w.org\/{rel}","templated":true}]}}