{"id":21211,"date":"2023-09-12T12:14:12","date_gmt":"2023-09-12T10:14:12","guid":{"rendered":"https:\/\/e-adams.pl\/produkt\/rubi-tarcza-diamentowa-tpi-250-superpro\/"},"modified":"2024-02-15T11:49:34","modified_gmt":"2024-02-15T10:49:34","slug":"tarcza-diamentowa-rubi-tpi-superpro-250mm","status":"publish","type":"product","link":"https:\/\/e-adams.pl\/de\/produkt\/tarcza-diamentowa-rubi-tpi-superpro-250mm\/","title":{"rendered":"Tarcza diamentowa RUBI TPI SUPERPRO 250mm"},"content":{"rendered":"<h3>OPIS:<\/h3>\n<p><span class=\"read-more-text-visible\">Tarcza diamentowa <a href=\"https:\/\/e-adams.pl\/oferta\/rubi\/\">RUBI TPI SUPERPRO<\/a> zosta\u0142a specjalnie zaprojektowana do ci\u0119cia p\u0142ytek gresowych pod k\u0105tem. G\u0142\u00f3wne cechy charakteryzuj\u0105ce t\u0119 tarcz\u0119 to du\u017ca stabilno\u015b\u0107 i szybko\u015b\u0107 ci\u0119cia.<\/span><\/p>\n<p>Dysk tarczy ma 2,5 mm grubo\u015bci, dzi\u0119ki czemu mo\u017cna j\u0105 stosowa\u0107 do ukosowania bez konieczno\u015bci u\u017cywania specjalnych talerzy usztywniaj\u0105cych, cho\u0107 oczywi\u015bcie ich zastosowanie mo\u017ce pom\u00f3c w uzyskaniu najwi\u0119kszej precyzji.<br \/>\n<span class=\"center-block center-align\"><br \/>\n<\/span><span class=\"read-more-text-hidden\"><br \/>\nW przypadku tarczy TPI zastosowano obrze\u017ce typu TURBO, kt\u00f3re wymaga poprowadzenia linii ci\u0119cia ok.1-2 mm poni\u017cej oryginalnej kraw\u0119dzi p\u0142ytki, by nie naruszy\u0107 warstwy glazurowanej.<\/span><\/p>\n<p>Obrze\u017ce diamentowe jest mocowane do metalowego dysku technik\u0105 spawania laserowego zapewniaj\u0105c\u0105 najwi\u0119ksz\u0105 trwa\u0142o\u015b\u0107 i bezpiecze\u0144stwo u\u017cytkowania.<\/p>\n<p>Chc\u0105c uzyska\u0107 maksymaln\u0105 wydajno\u015b\u0107 z tarczy TPI zaleca si\u0119 cykliczne stosowanie bloczka do czyszczenia tarcz diamentowych. Ose\u0142k\u0119 do tarcz mo\u017cna zastosowa\u0107 przed pierwszym u\u017cyciem, a zaleca si\u0119 szczeg\u00f3lnie po d\u0142u\u017cszym okresie nieu\u017cywania tarczy, w przypadku zmiany ci\u0119tego materia\u0142u lub zauwa\u017cenia znacznego ograniczenia pr\u0119dko\u015bci ci\u0119cia. Prawid\u0142owe stosowanie bloczka do ostrzenia polega na jego wielokrotnym nacinaniu.<\/p>\n<p>Bior\u0105c pod uwag\u0119 specyfik\u0119 ka\u017cdego typu tarczy (ci\u0105g\u0142e, turbo itp.) oraz materia\u0142\u00f3w, dla kt\u00f3rych zosta\u0142y zaprojektowane, RUBI udost\u0119pnia profesjonalistom trzy rodzaje tarcz: PRO, SUPERPRO i PREMIUM.<\/p>\n<p>Ostrza PRO zapewniaj\u0105 u\u017cytkownikom najlepszy stosunek jako\u015bci do ceny.<\/p>\n<p>Ostrza SUPERPRO stanowi\u0105 najlepszy wyb\u00f3r podczas najbardziej wymagaj\u0105cych prac.<\/p>\n<p>Ostrza PREMIUM to najbardziej wyspecjalizowana opcja, kt\u00f3ra zawsze oferuje najlepsze rezultaty pracy.<\/p>\n<p>Zalecane jest stosowanie tarczy TPI wy\u0142\u0105cznie na przecinarkach elektrycznych wyposa\u017conych w specjaln\u0105 os\u0142on\u0119 stosowan\u0105 do tarcz z obrze\u017cem innym ni\u017c ci\u0105g\u0142e.<\/p>\n<h3>DANE TECHNICZNE:<\/h3>\n<ul>\n<li><b>Ref. &#8211;<\/b> <span class=\"mpn\">31969<\/span><\/li>\n<li><b>EAN-13 &#8211;<\/b> <span class=\"ean\">8413797319699<\/span><\/li>\n<li><b>Obroty na minut\u0119 &#8211;<\/b> 6150 max.<\/li>\n<li><b>\u015arednica zewn\u0119trzna &#8211;<\/b> 250 mm<\/li>\n<li><b>\u015arednica wewn\u0119trzna &#8211;<\/b> 25,4 mm<\/li>\n<li><b>Wysoko\u015b\u0107 obrze\u017ca tarczy &#8211;<\/b> 8 mm<\/li>\n<li><b>Grubo\u015b\u0107 obrze\u017ca tarczy &#8211;<\/b> 2,5 mm<\/li>\n<li><b>Ilo\u015b\u0107 sztuk w pude\u0142ku &#8211;<\/b> 1<\/li>\n<\/ul>\n","protected":false},"excerpt":{"rendered":"<p><span class=\"read-more-text-visible\">Tarcza diamentowa <a href=\"https:\/\/e-adams.pl\/oferta\/rubi\/\">RUBI TPI SUPERPRO<\/a> zosta\u0142a specjalnie zaprojektowana do ci\u0119cia p\u0142ytek gresowych pod k\u0105tem. G\u0142\u00f3wne cechy charakteryzuj\u0105ce t\u0119 tarcz\u0119 to du\u017ca stabilno\u015b\u0107 i szybko\u015b\u0107 ci\u0119cia.<\/span><\/p>\n<p>Dysk tarczy ma 2,5 mm grubo\u015bci, dzi\u0119ki czemu mo\u017cna j\u0105 stosowa\u0107 do ukosowania bez konieczno\u015bci u\u017cywania specjalnych talerzy usztywniaj\u0105cych, cho\u0107 oczywi\u015bcie ich zastosowanie mo\u017ce pom\u00f3c w uzyskaniu najwi\u0119kszej precyzji.<\/p>\n","protected":false},"featured_media":22015,"comment_status":"open","ping_status":"closed","template":"","meta":{"_acf_changed":false,"inline_featured_image":false},"product_cat":[2297],"product_tag":[1923,2012,2009],"class_list":{"0":"post-21211","1":"product","2":"type-product","3":"status-publish","4":"has-post-thumbnail","6":"product_cat-tarcze","7":"product_tag-ciecie-gresu","8":"product_tag-rubi-tvh-superpro","9":"product_tag-tarcza-diamentowa","11":"first","12":"instock","13":"shipping-taxable","14":"purchasable","15":"product-type-simple"},"acf":[],"_links":{"self":[{"href":"https:\/\/e-adams.pl\/de\/wp-json\/wp\/v2\/product\/21211","targetHints":{"allow":["GET"]}}],"collection":[{"href":"https:\/\/e-adams.pl\/de\/wp-json\/wp\/v2\/product"}],"about":[{"href":"https:\/\/e-adams.pl\/de\/wp-json\/wp\/v2\/types\/product"}],"replies":[{"embeddable":true,"href":"https:\/\/e-adams.pl\/de\/wp-json\/wp\/v2\/comments?post=21211"}],"wp:featuredmedia":[{"embeddable":true,"href":"https:\/\/e-adams.pl\/de\/wp-json\/wp\/v2\/media\/22015"}],"wp:attachment":[{"href":"https:\/\/e-adams.pl\/de\/wp-json\/wp\/v2\/media?parent=21211"}],"wp:term":[{"taxonomy":"product_cat","embeddable":true,"href":"https:\/\/e-adams.pl\/de\/wp-json\/wp\/v2\/product_cat?post=21211"},{"taxonomy":"product_tag","embeddable":true,"href":"https:\/\/e-adams.pl\/de\/wp-json\/wp\/v2\/product_tag?post=21211"}],"curies":[{"name":"wp","href":"https:\/\/api.w.org\/{rel}","templated":true}]}}