{"id":21213,"date":"2023-09-12T12:14:14","date_gmt":"2023-09-12T10:14:14","guid":{"rendered":"https:\/\/e-adams.pl\/produkt\/rubi-tarcza-diamentowa-tsv-230-pro\/"},"modified":"2024-02-15T11:49:34","modified_gmt":"2024-02-15T10:49:34","slug":"tarcza-diamentowa-rubi-tsv-pro-230mm","status":"publish","type":"product","link":"https:\/\/e-adams.pl\/de\/produkt\/tarcza-diamentowa-rubi-tsv-pro-230mm\/","title":{"rendered":"Tarcza diamentowa RUBI TSV PRO 230mm"},"content":{"rendered":"<h3>OPIS:<\/h3>\n<p><span class=\"read-more-text-visible\">Tarcza diamentowa <a href=\"https:\/\/e-adams.pl\/oferta\/rubi\/\">RUBI TSV PRO<\/a> o obrze\u017cu typu TURBO jest przeznaczona do ci\u0119cia na sucho materia\u0142\u00f3w budowlanych, takich jak ceg\u0142a, beton i lastryko. <span class=\"read-more-text-hidden\">Obrze\u017ce diamentowe oraz metalowa flansza tarczy TSV s\u0105 po\u0142\u0105czone technik\u0105 spawania laserowego. Jest to najbardziej wytrzyma\u0142e i trwa\u0142e po\u0142\u0105czenie.<\/span><\/span><\/p>\n<p>Doskona\u0142a kombinacja: wysoka wydajno\u015b\u0107 i szybko\u015b\u0107 oraz wysoka jako\u015b\u0107 ci\u0119cia.<\/p>\n<p>Tarcze diamentowe typu TURBO \u0142\u0105cz\u0105 w jednej tarczy optymalny poziom jako\u015bci oraz szybko\u015bci ci\u0119cia.<\/p>\n<p>Tarcze diamentowe typu TURBO s\u0105 dobrym wyborem, gdy wykonawca kosztem nieznacznie mniejszej jako\u015bci ci\u0119cia zyskuje wi\u0119ksz\u0105 szybko\u015b\u0107 pracy.<br \/>\nBior\u0105c pod uwag\u0119 specyfik\u0119 ka\u017cdego typu tarczy (ci\u0105g\u0142e, turbo itp.) oraz materia\u0142\u00f3w, dla kt\u00f3rych zosta\u0142y zaprojektowane, RUBI udost\u0119pnia profesjonalistom trzy rodzaje tarcz: PRO, SUPERPRO i PREMIUM.<\/p>\n<p>Ostrza PRO zapewniaj\u0105 u\u017cytkownikom najlepszy stosunek jako\u015bci do ceny.<br \/>\nOstrza SUPERPRO stanowi\u0105 najlepszy wyb\u00f3r podczas najbardziej wymagaj\u0105cych prac.<br \/>\nOstrza PREMIUM to najbardziej wyspecjalizowana opcja, kt\u00f3ra zawsze oferuje najlepsze rezultaty pracy.<br \/>\nTarcze o grubo\u015bci mniejszej ni\u017c 2 mm nie s\u0105 zalecane do ci\u0119\u0107 uko\u015bnych.<\/p>\n<h3>DANE TECHNICZNE:<\/h3>\n<ul>\n<li><b>Ref. &#8211;<\/b> <span class=\"mpn\">25918<\/span><\/li>\n<li><b>EAN-13 &#8211;<\/b> <span class=\"ean\">8413797259186<\/span><\/li>\n<li><b>Obroty na minut\u0119 &#8211;<\/b> 6650 max.<\/li>\n<li><b>\u015arednica zewn\u0119trzna &#8211;<\/b> 230 mm<\/li>\n<li><b>\u015arednica wewn\u0119trzna &#8211;<\/b> 22,2 mm<\/li>\n<li><b>Wysoko\u015b\u0107 obrze\u017ca tarczy &#8211;<\/b> 8 mm<\/li>\n<li><b>Grubo\u015b\u0107 obrze\u017ca tarczy &#8211;<\/b> 2,5 mm<\/li>\n<li><b>Ilo\u015b\u0107 sztuk w pude\u0142ku &#8211;<\/b> 1<\/li>\n<\/ul>\n","protected":false},"excerpt":{"rendered":"<p><span class=\"read-more-text-visible\">Tarcza diamentowa RUBI TSV PRO o obrze\u017cu typu TURBO jest przeznaczona do ci\u0119cia na sucho materia\u0142\u00f3w budowlanych, takich jak ceg\u0142a, beton i lastryko. <span class=\"read-more-text-hidden\">Obrze\u017ce diamentowe oraz metalowa flansza tarczy TSV s\u0105 po\u0142\u0105czone technik\u0105 spawania laserowego. Jest to najbardziej wytrzyma\u0142e i trwa\u0142e po\u0142\u0105czenie.<\/span><\/span><\/p>\n","protected":false},"featured_media":22040,"comment_status":"open","ping_status":"closed","template":"","meta":{"_acf_changed":false,"inline_featured_image":false},"product_cat":[2297],"product_tag":[2031,2009],"class_list":{"0":"post-21213","1":"product","2":"type-product","3":"status-publish","4":"has-post-thumbnail","6":"product_cat-tarcze","7":"product_tag-rubi-tsv-pro","8":"product_tag-tarcza-diamentowa","10":"first","11":"instock","12":"shipping-taxable","13":"purchasable","14":"product-type-simple"},"acf":[],"_links":{"self":[{"href":"https:\/\/e-adams.pl\/de\/wp-json\/wp\/v2\/product\/21213","targetHints":{"allow":["GET"]}}],"collection":[{"href":"https:\/\/e-adams.pl\/de\/wp-json\/wp\/v2\/product"}],"about":[{"href":"https:\/\/e-adams.pl\/de\/wp-json\/wp\/v2\/types\/product"}],"replies":[{"embeddable":true,"href":"https:\/\/e-adams.pl\/de\/wp-json\/wp\/v2\/comments?post=21213"}],"wp:featuredmedia":[{"embeddable":true,"href":"https:\/\/e-adams.pl\/de\/wp-json\/wp\/v2\/media\/22040"}],"wp:attachment":[{"href":"https:\/\/e-adams.pl\/de\/wp-json\/wp\/v2\/media?parent=21213"}],"wp:term":[{"taxonomy":"product_cat","embeddable":true,"href":"https:\/\/e-adams.pl\/de\/wp-json\/wp\/v2\/product_cat?post=21213"},{"taxonomy":"product_tag","embeddable":true,"href":"https:\/\/e-adams.pl\/de\/wp-json\/wp\/v2\/product_tag?post=21213"}],"curies":[{"name":"wp","href":"https:\/\/api.w.org\/{rel}","templated":true}]}}