{"id":21214,"date":"2023-09-12T12:14:14","date_gmt":"2023-09-12T10:14:14","guid":{"rendered":"https:\/\/e-adams.pl\/produkt\/rubi-tarcza-diamentowa-tva-115-superpro\/"},"modified":"2024-07-15T11:31:32","modified_gmt":"2024-07-15T09:31:32","slug":"tarcza-diamentowa-rubi-tva-superpro-115mm","status":"publish","type":"product","link":"https:\/\/e-adams.pl\/de\/produkt\/tarcza-diamentowa-rubi-tva-superpro-115mm\/","title":{"rendered":"Tarcza diamentowa RUBI TVA SUPERPRO 115mm"},"content":{"rendered":"<h3>OPIS:<\/h3>\n<p><span class=\"read-more-text-visible\">Tarcza diamentowa <a href=\"https:\/\/e-adams.pl\/oferta\/rubi\/\">RUBI TVA SUPERPRO<\/a> gwarantuje wi\u0119ksz\u0105 szybko\u015b\u0107 ci\u0119cia w najtwardszych materia\u0142ach bez utraty jako\u015bci wyko\u0144czenia. Gama tarcz TURBO VIPER &#8211; TVA sk\u0142ada si\u0119 z rozmiar\u00f3w najcz\u0119\u015bciej uzywanych na szlifierkach (115, 125, 180 i 230 mm), ale dodali\u015bmy do oferty r\u00f3wnie\u017c \u015brednic\u0119 &#8222;MINI&#8220; 85 mm, idealn\u0105 do wykonywania ma\u0142ych otwor\u00f3w i ci\u0119\u0107.<br \/>\n<\/span><\/p>\n<p><span class=\"center-block center-align\"><span class=\"read-more-text-visible\">Znajomo\u015b\u0107 rynku oraz ci\u0119\u017cka praca doprowadzi\u0142y w RUBI do zaoferowania wykonawcom tarczy TURBO VIPER \u2013 TVA. Tarcza ta jest zalecana do ci\u0119cia na sucho twardych materia\u0142\u00f3w takich jak granit, p\u0142ytki rustykalne, klinkier, materia\u0142y ogniotrwa\u0142e, \u0142upki oraz oczywi\u015bcie p\u0142ytki gresowe.<\/span><\/span><span class=\"read-more-text-hidden\">Ta konkretna tarcza \u0142\u0105czy wszystkie pozytywne cechy tarczy TURBO, tzn. zmniejszenie napr\u0119\u017ce\u0144, przy r\u00f3wnoczesnym uzyskaniu lepszej jako\u015bci ci\u0119cia.<\/span><\/p>\n<p>Podobnie jak w innych tarczach diamentowych, RUBI wykorzystuje technik\u0119 spawania laserowego w modelu TVA do po\u0142\u0105czenia obrze\u017ca diamentowego do metalowego dysku. Spawanie laserowe daje najwi\u0119ksz\u0105 gwarancj\u0119 jako\u015bci i bezpiecze\u0144stwa przy produkcji tarcz diamentowych.<br \/>\nBior\u0105c pod uwag\u0119 specyfik\u0119 ka\u017cdego typu tarczy (ci\u0105g\u0142e, turbo itp.) oraz materia\u0142\u00f3w, dla kt\u00f3rych zosta\u0142y zaprojektowane, RUBI udost\u0119pnia profesjonalistom trzy rodzaje tarcz: PRO, SUPERPRO i PREMIUM.<\/p>\n<p>Ostrza PRO zapewniaj\u0105 u\u017cytkownikom najlepszy stosunek jako\u015bci do ceny.<br \/>\nOstrza SUPERPRO stanowi\u0105 najlepszy wyb\u00f3r podczas najbardziej wymagaj\u0105cych prac.<br \/>\nOstrza PREMIUM to najbardziej wyspecjalizowana opcja, kt\u00f3ra zawsze oferuje najlepsze rezultaty pracy.<br \/>\nTarcze o grubo\u015bci dysku mniejszej ni\u017c 2 mm nie s\u0105 zalecane do ci\u0119\u0107 uko\u015bnych.<\/p>\n<h3>DANE TECHNICZNE:<\/h3>\n<ul>\n<li><b>Ref. &#8211;<\/b> <span class=\"mpn\">31932<\/span><\/li>\n<li><b>EAN-13 &#8211;<\/b> <span class=\"ean\">8413797319323<\/span><\/li>\n<li><b>Obroty na minut\u0119 &#8211;<\/b> 13300 max.<\/li>\n<li><b>\u015arednica zewn\u0119trzna &#8211;<\/b> 115 mm<\/li>\n<li><b>\u015arednica wewn\u0119trzna &#8211;<\/b> 22,2 mm<\/li>\n<li><b>Wysoko\u015b\u0107 obrze\u017ca tarczy &#8211;<\/b> 10 mm<\/li>\n<li><b>Grubo\u015b\u0107 obrze\u017ca tarczy &#8211;<\/b> 1,4 mm<\/li>\n<li><b>Ilo\u015b\u0107 sztuk w pude\u0142ku &#8211;<\/b> 5<\/li>\n<\/ul>\n","protected":false},"excerpt":{"rendered":"<p><span class=\"read-more-text-visible\">Tarcza diamentowa RUBI TVA SUPERPRO gwarantuje wi\u0119ksz\u0105 szybko\u015b\u0107 ci\u0119cia w najtwardszych materia\u0142ach bez utraty jako\u015bci wyko\u0144czenia. Gama tarcz TURBO VIPER &#8211; TVA sk\u0142ada si\u0119 z rozmiar\u00f3w najcz\u0119\u015bciej uzywanych na szlifierkach (115, 125, 180 i 230 mm), ale dodali\u015bmy do oferty r\u00f3wnie\u017c \u015brednic\u0119 &#8222;MINI&#8220; 85 mm, idealn\u0105 do wykonywania ma\u0142ych otwor\u00f3w i ci\u0119\u0107.<\/span><\/p>\n","protected":false},"featured_media":22038,"comment_status":"open","ping_status":"closed","template":"","meta":{"_acf_changed":false,"inline_featured_image":false},"product_cat":[2297],"product_tag":[2018,2030,2009],"class_list":{"0":"post-21214","1":"product","2":"type-product","3":"status-publish","4":"has-post-thumbnail","6":"product_cat-tarcze","7":"product_tag-ciecie-na-sucho","8":"product_tag-rubi-tva-superpro","9":"product_tag-tarcza-diamentowa","11":"first","12":"instock","13":"shipping-taxable","14":"purchasable","15":"product-type-simple"},"acf":[],"_links":{"self":[{"href":"https:\/\/e-adams.pl\/de\/wp-json\/wp\/v2\/product\/21214","targetHints":{"allow":["GET"]}}],"collection":[{"href":"https:\/\/e-adams.pl\/de\/wp-json\/wp\/v2\/product"}],"about":[{"href":"https:\/\/e-adams.pl\/de\/wp-json\/wp\/v2\/types\/product"}],"replies":[{"embeddable":true,"href":"https:\/\/e-adams.pl\/de\/wp-json\/wp\/v2\/comments?post=21214"}],"wp:featuredmedia":[{"embeddable":true,"href":"https:\/\/e-adams.pl\/de\/wp-json\/wp\/v2\/media\/22038"}],"wp:attachment":[{"href":"https:\/\/e-adams.pl\/de\/wp-json\/wp\/v2\/media?parent=21214"}],"wp:term":[{"taxonomy":"product_cat","embeddable":true,"href":"https:\/\/e-adams.pl\/de\/wp-json\/wp\/v2\/product_cat?post=21214"},{"taxonomy":"product_tag","embeddable":true,"href":"https:\/\/e-adams.pl\/de\/wp-json\/wp\/v2\/product_tag?post=21214"}],"curies":[{"name":"wp","href":"https:\/\/api.w.org\/{rel}","templated":true}]}}