{"id":21215,"date":"2023-09-12T12:14:15","date_gmt":"2023-09-12T10:14:15","guid":{"rendered":"https:\/\/e-adams.pl\/produkt\/rubi-tarcza-diamentowa-tvh-250-superpro\/"},"modified":"2024-05-10T11:02:38","modified_gmt":"2024-05-10T09:02:38","slug":"tarcza-diamentowa-rubi-tvh-superpro-250mm","status":"publish","type":"product","link":"https:\/\/e-adams.pl\/de\/produkt\/tarcza-diamentowa-rubi-tvh-superpro-250mm\/","title":{"rendered":"Tarcza diamentowa RUBI TVH SUPERPRO 250mm"},"content":{"rendered":"<h3>OPIS:<\/h3>\n<p><span class=\"read-more-text-visible\">Tarcza diamentowa <a href=\"https:\/\/e-adams.pl\/oferta\/rubi\/\">RUBI TVH SUPERPRO<\/a> przeznaczona jest do ci\u0119cia twardych materia\u0142\u00f3w: granitu, gresu rustykalnego, klinkieru, \u0142upk\u00f3w i gresu porcelanowego.<br \/>\n<\/span><\/p>\n<p><span class=\"read-more-text-visible\">Dzi\u0119ki ci\u0119\u017ckiej pracy oraz szerokiej wiedzy o rynku, RUBI stworzy\u0142o tarcz\u0119 diamentow\u0105 TVH z obrze\u017cem TURBO VIPER.<\/span><\/p>\n<p>Specyficzny profil obrze\u017ca diamentowego pozwala na ci\u0119cie z du\u017c\u0105 pr\u0119dko\u015bci\u0105 najtwardszych materia\u0142\u00f3w bez uszczerbku dla jako\u015bci wyko\u0144czenia.<br \/>\n<span class=\"center-block center-align\"><br \/>\n<\/span><span class=\"read-more-text-hidden\">Ta szczeg\u00f3lna tarcza \u0142\u0105czy w sobie to co najlepsze z tarcz TURBO oraz tarcz zaprojektowanych do redukcji napi\u0119\u0107 i dla najlepszej jako\u015bci wyko\u0144czenia.<\/span><\/p>\n<p>Podobnie jak w przypadku innych swoich tarcz, RUBI zastosowa\u0142o technologi\u0119 spawania laserowego do po\u0142\u0105czenia obrze\u017ca ze stalowym rdzeniem. Ta metoda gwarantuje najlepsz\u0105 jako\u015b\u0107 i bezpiecze\u0144stwo u\u017cytkowania tarcz.<\/p>\n<p>Bior\u0105c pod uwag\u0119 specyfik\u0119 ka\u017cdego typu tarczy (ci\u0105g\u0142e, turbo itp.) oraz materia\u0142\u00f3w, dla kt\u00f3rych zosta\u0142y zaprojektowane, RUBI udost\u0119pnia profesjonalistom trzy rodzaje tarcz: PRO, SUPERPRO i PREMIUM.<\/p>\n<p>Ostrza PRO zapewniaj\u0105 u\u017cytkownikom najlepszy stosunek jako\u015bci do ceny.<\/p>\n<p>Ostrza SUPERPRO stanowi\u0105 najlepszy wyb\u00f3r podczas najbardziej wymagaj\u0105cych prac.<\/p>\n<p>Ostrza PREMIUM to najbardziej wyspecjalizowana opcja, kt\u00f3ra zawsze oferuje najlepsze rezultaty pracy.<\/p>\n<p>Ostrza o grubo\u015bci mniejszej ni\u017c 2 mm nie s\u0105 zalecane do ci\u0119\u0107 uko\u015bnych.<\/p>\n<p>W projektowaniu produkt\u00f3w RUBI bardzo du\u017c\u0105 aktywno\u015bci\u0105 wykazuje si\u0119 zesp\u00f3\u0142 z\u0142o\u017cony z pracownik\u00f3w dzia\u0142u bada\u0144 i rozwoju sk\u0142adaj\u0105cego si\u0119 z in\u017cynier\u00f3w oraz profesjonalist\u00f3w z ca\u0142ego \u015bwiata. Dzi\u0119ki temu, \u017ce uzyskujemy informacje z wielu cz\u0119\u015bci \u015bwiata, pozwala nam to spojrze\u0107 globalnie na biznes i zrozumie\u0107 potrzeb\u0119 projektowania narz\u0119dzi dopasowanych do ka\u017cdego rynku.<\/p>\n<h3>DANE ETCHNICZNE:<\/h3>\n<ul>\n<li><b>Ref. &#8211;<\/b> <span class=\"mpn\">31937<\/span><\/li>\n<li><b>EAN-13 &#8211;<\/b> <span class=\"ean\">8413797319378<\/span><\/li>\n<li><b>Obroty na minut\u0119 &#8211;<\/b> 6150 max.<\/li>\n<li><b>\u015arednica zewn\u0119trzna &#8211;<\/b> 250 mm<\/li>\n<li><b>\u015arednica wewn\u0119trzna &#8211;<\/b> 25,4 mm<\/li>\n<li><b>Wysoko\u015b\u0107 obrze\u017ca tarczy &#8211;<\/b> 10 mm<\/li>\n<li><b>Grubo\u015b\u0107 obrze\u017ca tarczy &#8211;<\/b> 1,6 mm<\/li>\n<li><b>Ilo\u015b\u0107 sztuk w pude\u0142ku &#8211;<\/b> 1<\/li>\n<\/ul>\n","protected":false},"excerpt":{"rendered":"<p>Tarcza diamentowa RUBI TVH SUPERPRO przeznaczona jest do ci\u0119cia twardych materia\u0142\u00f3w: granitu, gresu rustykalnego, klinkieru, \u0142upk\u00f3w i gresu porcelanowego.<br \/>\nSpecyficzny profil obrze\u017ca diamentowego pozwala na ci\u0119cie z du\u017c\u0105 pr\u0119dko\u015bci\u0105 najtwardszych materia\u0142\u00f3w bez uszczerbku dla jako\u015bci wyko\u0144czenia.<\/p>\n","protected":false},"featured_media":22013,"comment_status":"open","ping_status":"closed","template":"","meta":{"_acf_changed":false,"inline_featured_image":false},"product_cat":[2297],"product_tag":[2013,2012,2009],"class_list":{"0":"post-21215","1":"product","2":"type-product","3":"status-publish","4":"has-post-thumbnail","6":"product_cat-tarcze","7":"product_tag-ciecie-granitu","8":"product_tag-rubi-tvh-superpro","9":"product_tag-tarcza-diamentowa","11":"first","12":"outofstock","13":"shipping-taxable","14":"purchasable","15":"product-type-simple"},"acf":[],"_links":{"self":[{"href":"https:\/\/e-adams.pl\/de\/wp-json\/wp\/v2\/product\/21215","targetHints":{"allow":["GET"]}}],"collection":[{"href":"https:\/\/e-adams.pl\/de\/wp-json\/wp\/v2\/product"}],"about":[{"href":"https:\/\/e-adams.pl\/de\/wp-json\/wp\/v2\/types\/product"}],"replies":[{"embeddable":true,"href":"https:\/\/e-adams.pl\/de\/wp-json\/wp\/v2\/comments?post=21215"}],"wp:featuredmedia":[{"embeddable":true,"href":"https:\/\/e-adams.pl\/de\/wp-json\/wp\/v2\/media\/22013"}],"wp:attachment":[{"href":"https:\/\/e-adams.pl\/de\/wp-json\/wp\/v2\/media?parent=21215"}],"wp:term":[{"taxonomy":"product_cat","embeddable":true,"href":"https:\/\/e-adams.pl\/de\/wp-json\/wp\/v2\/product_cat?post=21215"},{"taxonomy":"product_tag","embeddable":true,"href":"https:\/\/e-adams.pl\/de\/wp-json\/wp\/v2\/product_tag?post=21215"}],"curies":[{"name":"wp","href":"https:\/\/api.w.org\/{rel}","templated":true}]}}