{"id":21216,"date":"2023-09-12T12:14:16","date_gmt":"2023-09-12T10:14:16","guid":{"rendered":"https:\/\/e-adams.pl\/produkt\/rubi-tarcza-diamentowa-tvp-115-superpro-30983\/"},"modified":"2024-05-10T11:02:38","modified_gmt":"2024-05-10T09:02:38","slug":"tarcza-diamentowa-rubi-tvp-superpro-115mm","status":"publish","type":"product","link":"https:\/\/e-adams.pl\/de\/produkt\/tarcza-diamentowa-rubi-tvp-superpro-115mm\/","title":{"rendered":"Tarcza diamentowa RUBI TVP SUPERPRO 115mm"},"content":{"rendered":"<h3>OPIS:<\/h3>\n<p>Tarcza diamentowa <a href=\"https:\/\/e-adams.pl\/oferta\/rubi\/\">RUBI TVP SUPERPRO<\/a> jest zalecana do ci\u0119\u0107 na sucho materia\u0142\u00f3w twardych: granitu, rustykalnych p\u0142ytek kamiennych, klinkieru, materia\u0142\u00f3w ogniotrwa\u0142ych, \u0142upk\u00f3w oraz gresu porcelanowego.<br \/>\nSzczeg\u00f3lny charakter obrze\u017ca diamentowego tarczy TVP zapewnia wi\u0119ksz\u0105 pr\u0119dko\u015b\u0107 oraz wytrzyma\u0142o\u015b\u0107 podczas ci\u0119cia twardych materia\u0142\u00f3w przy r\u00f3wnoczesnym zachowaniu jako\u015bci linii ci\u0119cia.<\/p>\n<p>Tarcza \u0142\u0105czy w sobie najlepsze cechy tarczy typu TURBO do ci\u0119\u0107 szybkich oraz tarczy z obrze\u017cem ci\u0105g\u0142ym zaprojektowanym w celu eliminacji napr\u0119\u017ce\u0144 podczas ci\u0119cia oraz gwarantuj\u0105cym jako\u015b\u0107 wyko\u0144czenia.<br \/>\nCentralne wzmocnienie dysku tarczy TVP SUPERPRO zapewnia wi\u0119ksz\u0105 odporno\u015b\u0107 tarczy na zginanie.<\/p>\n<p>Podobnie jak wi\u0119kszo\u015b\u0107 pozosta\u0142ych tarcz w ofercie RUBI tarcza TVP SUPERPRO posiada obrze\u017ce diamentowe spawane laserowo. Ta technika \u0142\u0105czenia obrze\u017ca z dyskiem gwarantuje bezpiecze\u0144stwo u\u017cytkowania i wysok\u0105 jako\u015b\u0107 ci\u0119cia.<br \/>\nTarcze oznaczone jako PRO s\u0105 przeznaczone dla u\u017cytkownik\u00f3w szukaj\u0105cych tarcz oferuj\u0105cych zar\u00f3wno dobr\u0105 jako\u015b\u0107, jak i konkurencyjn\u0105 cen\u0119.<br \/>\nTarcze jako\u015bci SUPERPRO to najlepszy wyb\u00f3r dla najbardziej wymagaj\u0105cych prac.<\/p>\n<p>&nbsp;<\/p>\n","protected":false},"excerpt":{"rendered":"<p>Tarcza diamentowa RUBI TVP SUPERPRO jest zalecana do ci\u0119\u0107 na sucho materia\u0142\u00f3w twardych: granitu, rustykalnych p\u0142ytek kamiennych, klinkieru, materia\u0142\u00f3w ogniotrwa\u0142ych, \u0142upk\u00f3w oraz gresu porcelanowego.<br \/>\nSzczeg\u00f3lny charakter obrze\u017ca diamentowego tarczy TVP zapewnia wi\u0119ksz\u0105 pr\u0119dko\u015b\u0107 oraz wytrzyma\u0142o\u015b\u0107 podczas ci\u0119cia twardych materia\u0142\u00f3w przy r\u00f3wnoczesnym zachowaniu jako\u015bci linii ci\u0119cia.<\/p>\n","protected":false},"featured_media":22044,"comment_status":"open","ping_status":"closed","template":"","meta":{"_acf_changed":false,"inline_featured_image":false},"product_cat":[2297],"product_tag":[2018,2024,2009],"class_list":{"0":"post-21216","1":"product","2":"type-product","3":"status-publish","4":"has-post-thumbnail","6":"product_cat-tarcze","7":"product_tag-ciecie-na-sucho","8":"product_tag-rubi-tvp-superpro","9":"product_tag-tarcza-diamentowa","11":"first","12":"instock","13":"shipping-taxable","14":"purchasable","15":"product-type-simple"},"acf":[],"_links":{"self":[{"href":"https:\/\/e-adams.pl\/de\/wp-json\/wp\/v2\/product\/21216","targetHints":{"allow":["GET"]}}],"collection":[{"href":"https:\/\/e-adams.pl\/de\/wp-json\/wp\/v2\/product"}],"about":[{"href":"https:\/\/e-adams.pl\/de\/wp-json\/wp\/v2\/types\/product"}],"replies":[{"embeddable":true,"href":"https:\/\/e-adams.pl\/de\/wp-json\/wp\/v2\/comments?post=21216"}],"wp:featuredmedia":[{"embeddable":true,"href":"https:\/\/e-adams.pl\/de\/wp-json\/wp\/v2\/media\/22044"}],"wp:attachment":[{"href":"https:\/\/e-adams.pl\/de\/wp-json\/wp\/v2\/media?parent=21216"}],"wp:term":[{"taxonomy":"product_cat","embeddable":true,"href":"https:\/\/e-adams.pl\/de\/wp-json\/wp\/v2\/product_cat?post=21216"},{"taxonomy":"product_tag","embeddable":true,"href":"https:\/\/e-adams.pl\/de\/wp-json\/wp\/v2\/product_tag?post=21216"}],"curies":[{"name":"wp","href":"https:\/\/api.w.org\/{rel}","templated":true}]}}