{"id":21217,"date":"2023-09-12T12:14:17","date_gmt":"2023-09-12T10:14:17","guid":{"rendered":"https:\/\/e-adams.pl\/produkt\/rubi-tarcza-diamentowa-tvp-200-superpro\/"},"modified":"2024-02-15T11:49:34","modified_gmt":"2024-02-15T10:49:34","slug":"tarcza-diamentowa-rubi-tvp-superpro-200mm","status":"publish","type":"product","link":"https:\/\/e-adams.pl\/de\/produkt\/tarcza-diamentowa-rubi-tvp-superpro-200mm\/","title":{"rendered":"Tarcza diamentowa RUBI TVP SUPERPRO 200mm"},"content":{"rendered":"<h3>OPIS:<\/h3>\n<p class=\"def\"><span class=\"def\">Tarcza diamentowa <a href=\"https:\/\/e-adams.pl\/oferta\/rubi\/\">RUBI TVP SUPERPRO<\/a> przeznaczona jest do ci\u0119cia twardych materia\u0142\u00f3w: granitu, gresu rustykalnego, klinkieru, \u0142upk\u00f3w i gresu porcelanowego.<\/span><span class=\"def\"><br class=\"def\" \/>Specyficzny profil obrze\u017ca diamentowego pozwala na ci\u0119cie z du\u017c\u0105 pr\u0119dko\u015bci\u0105 najtwardszych materia\u0142\u00f3w bez uszczerbku dla jako\u015bci wyko\u0144czenia.<br class=\"def\" \/>Ta szczeg\u00f3lna tarcza \u0142\u0105czy w sobie to co najlepsze z tarcz TURBO oraz tarcz zaprojektowanych do redukcji napi\u0119\u0107 i dla najlepszej jako\u015bci wyko\u0144czenia. <br class=\"def\" \/>Podobnie jak w przypadku innych swoich tarcz, RUBI zastosowa\u0142o technologi\u0119 spawania laserowego do po\u0142\u0105czenia obrze\u017ca ze stalowym rdzeniem. <\/span><\/p>\n<p class=\"def\"><span class=\"def\">Ta metoda gwarantuje najlepsz\u0105 jako\u015b\u0107 i bezpiecze\u0144stwo u\u017cytkowania tarcz.<br class=\"def\" \/><br class=\"def\" \/>Tarcze diamentowe RUBI oferowane s\u0105 w dw\u00f3ch klasach: PRO oraz SUPERPRO.<br class=\"def\" \/>Ostrza PRO zapewniaj\u0105 u\u017cytkownikom najlepszy stosunek jako\u015bci do ceny..<br class=\"def\" \/>Ostrza SUPERPRO stanowi\u0105 najlepszy wyb\u00f3r podczas najbardziej wymagaj\u0105cych prac.<br class=\"def\" \/><\/span><span class=\"def\">Ostrza o grubo\u015bci mniejszej ni\u017c 2 mm nie s\u0105 zalecane do ci\u0119\u0107 uko\u015bnych. <\/span><\/p>\n<h3>DANE TECHNICZNE:<\/h3>\n<p>\u2022 EAN-13 &#8211; 8413797419016<br \/>\n\u2022 \u015arednica zewn\u0119trzna tarczy &#8211; 200mm<br \/>\n\u2022 \u015arednica wewn\u0119trzna &#8211; 25,4 mm<br \/>\n\u2022 Grubo\u015b\u0107 obrze\u017ca tarczy: 1,6 mm<br \/>\n\u2022 Wysoko\u015b\u0107 obrze\u017ca tarczy: 10 mm<\/p>\n","protected":false},"excerpt":{"rendered":"<p><span class=\"def\">Tarcza diamentowa <a href=\"https:\/\/e-adams.pl\/oferta\/rubi\/\">RUBI TVP SUPERPRO<\/a> przeznaczona jest do ci\u0119cia twardych materia\u0142\u00f3w: granitu, gresu rustykalnego, klinkieru, \u0142upk\u00f3w i gresu porcelanowego. <\/span><span class=\"def\">Specyficzny profil obrze\u017ca diamentowego pozwala na ci\u0119cie z du\u017c\u0105 pr\u0119dko\u015bci\u0105 najtwardszych materia\u0142\u00f3w bez uszczerbku dla jako\u015bci wyko\u0144czenia.<\/span><\/p>\n","protected":false},"featured_media":22028,"comment_status":"open","ping_status":"closed","template":"","meta":{"_acf_changed":false,"inline_featured_image":false},"product_cat":[2297],"product_tag":[2024,2009],"class_list":{"0":"post-21217","1":"product","2":"type-product","3":"status-publish","4":"has-post-thumbnail","6":"product_cat-tarcze","7":"product_tag-rubi-tvp-superpro","8":"product_tag-tarcza-diamentowa","10":"first","11":"instock","12":"shipping-taxable","13":"purchasable","14":"product-type-simple"},"acf":[],"_links":{"self":[{"href":"https:\/\/e-adams.pl\/de\/wp-json\/wp\/v2\/product\/21217","targetHints":{"allow":["GET"]}}],"collection":[{"href":"https:\/\/e-adams.pl\/de\/wp-json\/wp\/v2\/product"}],"about":[{"href":"https:\/\/e-adams.pl\/de\/wp-json\/wp\/v2\/types\/product"}],"replies":[{"embeddable":true,"href":"https:\/\/e-adams.pl\/de\/wp-json\/wp\/v2\/comments?post=21217"}],"wp:featuredmedia":[{"embeddable":true,"href":"https:\/\/e-adams.pl\/de\/wp-json\/wp\/v2\/media\/22028"}],"wp:attachment":[{"href":"https:\/\/e-adams.pl\/de\/wp-json\/wp\/v2\/media?parent=21217"}],"wp:term":[{"taxonomy":"product_cat","embeddable":true,"href":"https:\/\/e-adams.pl\/de\/wp-json\/wp\/v2\/product_cat?post=21217"},{"taxonomy":"product_tag","embeddable":true,"href":"https:\/\/e-adams.pl\/de\/wp-json\/wp\/v2\/product_tag?post=21217"}],"curies":[{"name":"wp","href":"https:\/\/api.w.org\/{rel}","templated":true}]}}