{"id":21218,"date":"2023-09-12T12:14:17","date_gmt":"2023-09-12T10:14:17","guid":{"rendered":"https:\/\/e-adams.pl\/produkt\/rubi-tarcza-diamentowa-tvr-125-superpro\/"},"modified":"2024-07-15T11:31:31","modified_gmt":"2024-07-15T09:31:31","slug":"rubi-tarcza-diamentowa-tvr-125-superpro","status":"publish","type":"product","link":"https:\/\/e-adams.pl\/de\/produkt\/rubi-tarcza-diamentowa-tvr-125-superpro\/","title":{"rendered":"Tarcze diamentowe RUBI TVR SUPERPRO 125mm"},"content":{"rendered":"<h3>OPIS:<\/h3>\n<p><span class=\"read-more-text-visible\">Tarcze diamentowe <a href=\"https:\/\/e-adams.pl\/oferta\/rubi\/\">RUBI TVR SUPERPRO<\/a> jest zalecana do ci\u0119\u0107 na sucho materia\u0142\u00f3w twardych: granitu, rustykalnych p\u0142ytek kamiennych, klinkieru, materia\u0142\u00f3w ogniotrwa\u0142ych, \u0142upk\u00f3w oraz gresu porcelanowego. Szczeg\u00f3lny charakter obrze\u017ca diamentowego tarczy TVR zapewnia wi\u0119ksz\u0105 pr\u0119dko\u015b\u0107 oraz wytrzyma\u0142o\u015b\u0107 podczas ci\u0119cia twardych materia\u0142\u00f3w przy r\u00f3wnoczesnym zachowaniu jako\u015bci linii ci\u0119cia.<br \/>\n<\/span><span class=\"center-block center-align\"><br \/>\n<\/span><span class=\"read-more-text-hidden\"><br \/>\nTarcza \u0142\u0105czy w sobie najlepsze cechy tarczy typu TURBO do ci\u0119\u0107 szybkich oraz tarczy z obrze\u017cem ci\u0105g\u0142ym zaprojektowanym w celu eliminacji napr\u0119\u017ce\u0144 podczas ci\u0119cia oraz gwarantuj\u0105cym jako\u015b\u0107 wyko\u0144czenia.<br \/>\nCentralne wzmocnienie dysku tarczy TVR SUPERPRO zapewnia wi\u0119ksz\u0105 odporno\u015b\u0107 tarczy na zginanie.<\/span><\/p>\n<p>Podobnie jak wi\u0119kszo\u015b\u0107 pozosta\u0142ych tarcz w ofercie RUBI tarcza TVR SUPERPRO posiada obrze\u017ce diamentowe spawane laserowo. Ta technika \u0142\u0105czenia obrze\u017ca z dyskiem gwarantuje bezpiecze\u0144stwo u\u017cytkowania i wysok\u0105 jako\u015b\u0107 ci\u0119cia.<br \/>\nBior\u0105c pod uwag\u0119 specyfik\u0119 ka\u017cdego typu tarczy (ci\u0105g\u0142e, turbo itp.) oraz materia\u0142\u00f3w, dla kt\u00f3rych zosta\u0142y zaprojektowane, RUBI udost\u0119pnia profesjonalistom trzy rodzaje tarcz: PRO, SUPERPRO i PREMIUM.<\/p>\n<p>Ostrza PRO zapewniaj\u0105 u\u017cytkownikom najlepszy stosunek jako\u015bci do ceny.<br \/>\nOstrza SUPERPRO stanowi\u0105 najlepszy wyb\u00f3r podczas najbardziej wymagaj\u0105cych prac.<br \/>\nOstrza PREMIUM to najbardziej wyspecjalizowana opcja, kt\u00f3ra zawsze oferuje najlepsze rezultaty pracy.<\/p>\n<h3>DANE TECHNICZNE:<\/h3>\n<ul>\n<li><b>Ref. &#8211;<\/b> <span class=\"mpn\">30987<\/span><\/li>\n<li><b>EAN-13 &#8211;<\/b> <span class=\"ean\">8413797309874<\/span><\/li>\n<li><b>Obroty na minut\u0119 &#8211;<\/b> 12250 max.<\/li>\n<li><b>\u015arednica zewn\u0119trzna &#8211;<\/b> 125 mm<\/li>\n<li><b>\u015arednica wewn\u0119trzna &#8211;<\/b> 22,2 mm<\/li>\n<li><b>Wysoko\u015b\u0107 obrze\u017ca tarczy &#8211;<\/b> 10 mm<\/li>\n<li><b>Grubo\u015b\u0107 obrze\u017ca tarczy &#8211;<\/b> 1,4 mm<\/li>\n<li><b>Ilo\u015b\u0107 sztuk w pude\u0142ku &#8211;<\/b> 5<\/li>\n<\/ul>\n","protected":false},"excerpt":{"rendered":"<p><span class=\"read-more-text-visible\">Tarcze diamentowe RUBI TVR SUPERPRO jest zalecana do ci\u0119\u0107 na sucho materia\u0142\u00f3w twardych: granitu, rustykalnych p\u0142ytek kamiennych, klinkieru, materia\u0142\u00f3w ogniotrwa\u0142ych, \u0142upk\u00f3w oraz gresu porcelanowego. Szczeg\u00f3lny charakter obrze\u017ca diamentowego tarczy TVR zapewnia wi\u0119ksz\u0105 pr\u0119dko\u015b\u0107 oraz wytrzyma\u0142o\u015b\u0107 podczas ci\u0119cia twardych materia\u0142\u00f3w przy r\u00f3wnoczesnym zachowaniu jako\u015bci linii ci\u0119cia.<\/span><\/p>\n","protected":false},"featured_media":22042,"comment_status":"open","ping_status":"closed","template":"","meta":{"_acf_changed":false,"inline_featured_image":false},"product_cat":[2297],"product_tag":[2013,2032,2009],"class_list":{"0":"post-21218","1":"product","2":"type-product","3":"status-publish","4":"has-post-thumbnail","6":"product_cat-tarcze","7":"product_tag-ciecie-granitu","8":"product_tag-rubi-tvr-superpro","9":"product_tag-tarcza-diamentowa","11":"first","12":"instock","13":"shipping-taxable","14":"purchasable","15":"product-type-simple"},"acf":[],"_links":{"self":[{"href":"https:\/\/e-adams.pl\/de\/wp-json\/wp\/v2\/product\/21218","targetHints":{"allow":["GET"]}}],"collection":[{"href":"https:\/\/e-adams.pl\/de\/wp-json\/wp\/v2\/product"}],"about":[{"href":"https:\/\/e-adams.pl\/de\/wp-json\/wp\/v2\/types\/product"}],"replies":[{"embeddable":true,"href":"https:\/\/e-adams.pl\/de\/wp-json\/wp\/v2\/comments?post=21218"}],"wp:featuredmedia":[{"embeddable":true,"href":"https:\/\/e-adams.pl\/de\/wp-json\/wp\/v2\/media\/22042"}],"wp:attachment":[{"href":"https:\/\/e-adams.pl\/de\/wp-json\/wp\/v2\/media?parent=21218"}],"wp:term":[{"taxonomy":"product_cat","embeddable":true,"href":"https:\/\/e-adams.pl\/de\/wp-json\/wp\/v2\/product_cat?post=21218"},{"taxonomy":"product_tag","embeddable":true,"href":"https:\/\/e-adams.pl\/de\/wp-json\/wp\/v2\/product_tag?post=21218"}],"curies":[{"name":"wp","href":"https:\/\/api.w.org\/{rel}","templated":true}]}}