{"id":21219,"date":"2023-09-12T12:14:18","date_gmt":"2023-09-12T10:14:18","guid":{"rendered":"https:\/\/e-adams.pl\/produkt\/rubi-tarcza-tlg-125ext-superpro-41901\/"},"modified":"2024-07-15T11:31:32","modified_gmt":"2024-07-15T09:31:32","slug":"tarcza-diamentowa-rubi-tlg-ext-superpro-125mm","status":"publish","type":"product","link":"https:\/\/e-adams.pl\/de\/produkt\/tarcza-diamentowa-rubi-tlg-ext-superpro-125mm\/","title":{"rendered":"Tarcza diamentowa RUBI TLG EXT SUPERPRO 125mm"},"content":{"rendered":"<h3>OPIS:<\/h3>\n<p><span class=\"read-more-text-visible\">Tarcza diamentowa <a href=\"https:\/\/e-adams.pl\/oferta\/rubi\/\">RUBI TLG EXT SUPERPRO<\/a> jest idealna do ci\u0119cia gresu porcelanowego o grubo\u015bci 20 mm. Ale jest ona r\u00f3wnie\u017c zalecana do ci\u0119cia innych p\u0142ytek ceramicznych, kamienia naturalnego lub innych twardych materia\u0142\u00f3w. G\u0142\u00f3wn\u0105 cech\u0105 tarczy TLG SUPERPRO jest obrze\u017ce typu TURBO, zapewniaj\u0105ce du\u017c\u0105 szybko\u015b\u0107 ci\u0119cia i dobr\u0105 jako\u015b\u0107 wyko\u0144czenia.<br \/>\n<\/span><span class=\"read-more-text-hidden\">Dzi\u0119ki odpowiedniej kompozycji spoiwa w obrze\u017cu diamentowym, jako\u015bci samego diamentu oraz procesowi spiekania ze stalowym korpusem, uzyskali\u015bmy wi\u0119ksz\u0105 \u017cywotno\u015b\u0107 i pr\u0119dko\u015b\u0107 ci\u0119cia.<\/span><\/p>\n<p>Model TLG SUPERPRO\u00a0posiada szereg perforacji u\u0142atwiaj\u0105cych wentylacj\u0119 oraz zwi\u0119kszaj\u0105cych ch\u0142odzenie i sztywno\u015b\u0107 tarczy, a tak\u017ce rowki w obrze\u017cu rozmieszczone w celu zminimalizowania wibracji i poziomu ha\u0142asu.<br \/>\nBior\u0105c pod uwag\u0119 specyfik\u0119 ka\u017cdego typu tarczy (ci\u0105g\u0142e, turbo itp.) oraz materia\u0142\u00f3w, dla kt\u00f3rych zosta\u0142y zaprojektowane, RUBI udost\u0119pnia profesjonalistom trzy rodzaje tarcz: PRO, SUPERPRO i PREMIUM.<\/p>\n<p>Ostrza PRO zapewniaj\u0105 u\u017cytkownikom najlepszy stosunek jako\u015bci do ceny.<br \/>\nOstrza SUPERPRO stanowi\u0105 najlepszy wyb\u00f3r podczas najbardziej wymagaj\u0105cych prac.<br \/>\nOstrza PREMIUM to najbardziej wyspecjalizowana opcja, kt\u00f3ra zawsze oferuje najlepsze rezultaty pracy.<\/p>\n<h3>DANE TECHNICZNE:<\/h3>\n<ul>\n<li><b>Ref. &#8211;<\/b> <span class=\"mpn\">41901<\/span><\/li>\n<li><b>EAN-13 &#8211;<\/b> <span class=\"ean\">8413797419016<\/span><\/li>\n<li><b>Obroty na minut\u0119 &#8211;<\/b> 12250 max.<\/li>\n<li><b>\u015arednica zewn\u0119trzna &#8211;<\/b> 125 mm<\/li>\n<li><b>\u015arednica wewn\u0119trzna &#8211;<\/b> 22,2 mm<\/li>\n<li><b>Wysoko\u015b\u0107 obrze\u017ca tarczy &#8211;<\/b> 10 mm<\/li>\n<li><b>Grubo\u015b\u0107 obrze\u017ca tarczy &#8211;<\/b> 1,4 mm<\/li>\n<li><b>Ilo\u015b\u0107 sztuk w pude\u0142ku &#8211;<\/b> 5<\/li>\n<\/ul>\n","protected":false},"excerpt":{"rendered":"<p><span class=\"read-more-text-visible\">Tarcza diamentowa RUBI TLG EXT SUPERPRO jest idealna do ci\u0119cia gresu porcelanowego o grubo\u015bci 20 mm. Ale jest ona r\u00f3wnie\u017c zalecana do ci\u0119cia innych p\u0142ytek ceramicznych, kamienia naturalnego lub innych twardych materia\u0142\u00f3w. G\u0142\u00f3wn\u0105 cech\u0105 tarczy TLG SUPERPRO jest obrze\u017ce typu TURBO, zapewniaj\u0105ce du\u017c\u0105 szybko\u015b\u0107 ci\u0119cia i dobr\u0105 jako\u015b\u0107 wyko\u0144czenia.<\/span><\/p>\n","protected":false},"featured_media":22026,"comment_status":"open","ping_status":"closed","template":"","meta":{"_acf_changed":false,"inline_featured_image":false},"product_cat":[2297],"product_tag":[1923,2022,2009],"class_list":{"0":"post-21219","1":"product","2":"type-product","3":"status-publish","4":"has-post-thumbnail","6":"product_cat-tarcze","7":"product_tag-ciecie-gresu","8":"product_tag-rubi-tlg-ext-superpro","9":"product_tag-tarcza-diamentowa","11":"first","12":"instock","13":"shipping-taxable","14":"purchasable","15":"product-type-simple"},"acf":[],"_links":{"self":[{"href":"https:\/\/e-adams.pl\/de\/wp-json\/wp\/v2\/product\/21219","targetHints":{"allow":["GET"]}}],"collection":[{"href":"https:\/\/e-adams.pl\/de\/wp-json\/wp\/v2\/product"}],"about":[{"href":"https:\/\/e-adams.pl\/de\/wp-json\/wp\/v2\/types\/product"}],"replies":[{"embeddable":true,"href":"https:\/\/e-adams.pl\/de\/wp-json\/wp\/v2\/comments?post=21219"}],"wp:featuredmedia":[{"embeddable":true,"href":"https:\/\/e-adams.pl\/de\/wp-json\/wp\/v2\/media\/22026"}],"wp:attachment":[{"href":"https:\/\/e-adams.pl\/de\/wp-json\/wp\/v2\/media?parent=21219"}],"wp:term":[{"taxonomy":"product_cat","embeddable":true,"href":"https:\/\/e-adams.pl\/de\/wp-json\/wp\/v2\/product_cat?post=21219"},{"taxonomy":"product_tag","embeddable":true,"href":"https:\/\/e-adams.pl\/de\/wp-json\/wp\/v2\/product_tag?post=21219"}],"curies":[{"name":"wp","href":"https:\/\/api.w.org\/{rel}","templated":true}]}}