{"id":21220,"date":"2023-09-12T12:14:19","date_gmt":"2023-09-12T10:14:19","guid":{"rendered":"https:\/\/e-adams.pl\/produkt\/rubi-tile-gap-closer\/"},"modified":"2024-02-15T11:49:33","modified_gmt":"2024-02-15T10:49:33","slug":"rubi-tile-gap-closer","status":"publish","type":"product","link":"https:\/\/e-adams.pl\/de\/produkt\/rubi-tile-gap-closer\/","title":{"rendered":"Urz\u0105dzenie do zbli\u017cania p\u0142ytek RUBI TILE GAP CLOSER"},"content":{"rendered":"<h3>OPIS:<\/h3>\n<p>Przy pomocy urz\u0105dzenia do zbli\u017cania p\u0142ytek <a href=\"https:\/\/e-adams.pl\/oferta\/rubi\/\">RUBI<\/a> C, profesjonalny glazurnik mo\u017ce w \u0142atwy i dok\u0142adny spos\u00f3b wyregulowa\u0107 odst\u0119p pomi\u0119dzy uk\u0142adanymi p\u0142ytkami podczas instalacji na pod\u0142odze b\u0105d\u017a na \u015bcianie. Jest przeznaczony przede wszystkim do pracy z du\u017cymi p\u0142ytkami ceramicznymi i gresowymi. P\u0142ytki wielkoformatowe s\u0105 szczeg\u00f3lnie trudne w dopasowaniu po ich po\u0142o\u017ceniu. Si\u0142a podw\u00f3jnego klejenia generuje du\u017cy op\u00f3r i glazurnik jest zmuszony do wzmo\u017conego wysi\u0142ku i ryzykuje mo\u017cliwo\u015bci\u0105 uszkodzenia materia\u0142u.<br \/>\nUrz\u0105dzenie RUBI u\u0142atwia ten proces. Wyposa\u017cone jest w dwie przyssawki pr\u00f3\u017cniowe o powierzchni 150 mm, pasuj\u0105ce do ka\u017cdego rodzaju powierzchni: g\u0142adkich, chropowatych i strukturalnych.<\/p>\n<p>TILE GAP CLOSER mocowany jest do dw\u00f3ch p\u0142ytek, tej w\u0142a\u015bnie po\u0142o\u017conej oraz p\u0142ytki po\u0142o\u017conej poprzednio. Po zamocowaniu przyssawek mo\u017cemy wyregulowa\u0107 odst\u0119p mi\u0119dzy p\u0142ytkami w zakresie od 0 do 40 mm.<\/p>\n<p>Urz\u0105dzenie pozwala r\u00f3wnie\u017c na regulacj\u0119 wzajemnego po\u0142o\u017cenia p\u0142ytek w pionie w zakresie od 0 do 20 mm, przy maksymalnej wadze p\u0142ytki wynosz\u0105cej 100 kg.<\/p>\n<p>Nale\u017cy pami\u0119ta\u0107 i\u017c urz\u0105dzenie do zbli\u017cania p\u0142ytek nie zast\u0119puje w \u017cadnym wypadku tradycyjnych krzy\u017cyk\u00f3w ani system\u00f3w do poziomowania p\u0142ytek. TILE GAP CLOSER zaprojektowany jest do precyjnych regulacji niezb\u0119dnych podczas uk\u0142adania p\u0142ytek wielkoformatowych, kt\u00f3re w przypadku ma\u0142ych p\u0142ytek mog\u0142yby by\u0107 wykonane r\u0119cznie.<\/p>\n<p>W przypadku pracy z ekstremalnie du\u017cymi materia\u0142ami, zalecane jest korzystanie z dw\u00f3ch urz\u0105dze\u0144 , dla szybszego i dok\u0142adniejszego regulowania odst\u0119p\u00f3w mi\u0119dzy p\u0142ytkami.<\/p>\n<h3>DANE TECHNICZNE:<\/h3>\n<ul>\n<li>EAN-13 &#8211; 8413797609264<\/li>\n<li>D\u0142ugo\u015b\u0107 szeroko\u015b\u0107 wysoko\u015b\u0107 &#8211; 48X15X12 cm<\/li>\n<li>Waga netto &#8211; 3,61 kg<\/li>\n<li>Waga brutto &#8211; 3,84 kg<\/li>\n<li>Ilo\u015b\u0107 sztuk w pude\u0142ku &#8211; 1<\/li>\n<\/ul>\n","protected":false},"excerpt":{"rendered":"<p>Urz\u0105dzenie do zbli\u017cania p\u0142ytek RUBI TILE GAP CLOSER jest przeznaczony przede wszystkim do pracy z du\u017cymi p\u0142ytkami ceramicznymi i gresowymi. P\u0142ytki wielkoformatowe s\u0105 szczeg\u00f3lnie trudne w dopasowaniu po ich po\u0142o\u017ceniu. Si\u0142a podw\u00f3jnego klejenia generuje du\u017cy op\u00f3r i glazurnik jest zmuszony do wzmo\u017conego wysi\u0142ku i ryzykuje mo\u017cliwo\u015bci\u0105 uszkodzenia materia\u0142u.<\/p>\n","protected":false},"featured_media":21837,"comment_status":"open","ping_status":"closed","template":"","meta":{"_acf_changed":false,"inline_featured_image":false},"product_cat":[2292],"product_tag":[1878,1952,1953],"class_list":{"0":"post-21220","1":"product","2":"type-product","3":"status-publish","4":"has-post-thumbnail","6":"product_cat-przyssawki-i-systemy-do-obrobki-wielkich-formatow","7":"product_tag-rubi","8":"product_tag-tile-gap-closer","9":"product_tag-urzadzenie-do-zblizania-plytek","11":"first","12":"outofstock","13":"shipping-taxable","14":"purchasable","15":"product-type-simple"},"acf":[],"_links":{"self":[{"href":"https:\/\/e-adams.pl\/de\/wp-json\/wp\/v2\/product\/21220","targetHints":{"allow":["GET"]}}],"collection":[{"href":"https:\/\/e-adams.pl\/de\/wp-json\/wp\/v2\/product"}],"about":[{"href":"https:\/\/e-adams.pl\/de\/wp-json\/wp\/v2\/types\/product"}],"replies":[{"embeddable":true,"href":"https:\/\/e-adams.pl\/de\/wp-json\/wp\/v2\/comments?post=21220"}],"wp:featuredmedia":[{"embeddable":true,"href":"https:\/\/e-adams.pl\/de\/wp-json\/wp\/v2\/media\/21837"}],"wp:attachment":[{"href":"https:\/\/e-adams.pl\/de\/wp-json\/wp\/v2\/media?parent=21220"}],"wp:term":[{"taxonomy":"product_cat","embeddable":true,"href":"https:\/\/e-adams.pl\/de\/wp-json\/wp\/v2\/product_cat?post=21220"},{"taxonomy":"product_tag","embeddable":true,"href":"https:\/\/e-adams.pl\/de\/wp-json\/wp\/v2\/product_tag?post=21220"}],"curies":[{"name":"wp","href":"https:\/\/api.w.org\/{rel}","templated":true}]}}