{"id":21221,"date":"2023-09-12T12:14:19","date_gmt":"2023-09-12T10:14:19","guid":{"rendered":"https:\/\/e-adams.pl\/produkt\/rubi-torba-do-odkurzacza-as-30-pro-230v-50964\/"},"modified":"2024-02-15T11:49:47","modified_gmt":"2024-02-15T10:49:47","slug":"worek-do-odkurzacza-rubi-as-30-pro","status":"publish","type":"product","link":"https:\/\/e-adams.pl\/de\/produkt\/worek-do-odkurzacza-rubi-as-30-pro\/","title":{"rendered":"Worek do odkurzacza RUBI AS-30 PRO"},"content":{"rendered":"<h3>OPIS:<\/h3>\n<p>Worek do odkurzacza RUBI AS-30 PRO to papierowa torba do zbierania py\u0142u do stosowania w odkurzaczu AS-30 PRO. Biodegradowalna zapewni \u015bwietn\u0105 filtracj\u0119 i przechwyci nawet mikroskopijne cz\u0105steczki kurzu, py\u0142k\u00f3w, roztoczy itp.<\/p>\n<h3>DANE TECHNICZNE:<\/h3>\n<ul>\n<li><b>Ref. &#8211;<\/b>\u00a0<span class=\"mpn\">50964<\/span><\/li>\n<li><b>EAN-13 &#8211;<\/b>\u00a0<span class=\"ean\">8413797509649<\/span><\/li>\n<li><b>Ilo\u015b\u0107 sztuk w pude\u0142ku &#8211;<\/b>\u00a01<\/li>\n<\/ul>\n","protected":false},"excerpt":{"rendered":"<p>Worek do odkurzacza RUBI AS-30 PRO to papierowa torba do zbierania py\u0142u do stosowania w odkurzaczu AS-30 PRO. Biodegradowalna zapewni \u015bwietn\u0105 filtracj\u0119 i przechwyci nawet mikroskopijne cz\u0105steczki kurzu, py\u0142k\u00f3w, roztoczy itp.<\/p>\n","protected":false},"featured_media":22242,"comment_status":"open","ping_status":"closed","template":"","meta":{"_acf_changed":false,"inline_featured_image":false},"product_cat":[101],"product_tag":[2159,1878,2158],"class_list":{"0":"post-21221","1":"product","2":"type-product","3":"status-publish","4":"has-post-thumbnail","6":"product_cat-bramy-okna-ogrodzenia","7":"product_tag-as-30-pro","8":"product_tag-rubi","9":"product_tag-worek-do-odkurzacza","11":"first","12":"instock","13":"shipping-taxable","14":"purchasable","15":"product-type-simple"},"acf":[],"_links":{"self":[{"href":"https:\/\/e-adams.pl\/de\/wp-json\/wp\/v2\/product\/21221","targetHints":{"allow":["GET"]}}],"collection":[{"href":"https:\/\/e-adams.pl\/de\/wp-json\/wp\/v2\/product"}],"about":[{"href":"https:\/\/e-adams.pl\/de\/wp-json\/wp\/v2\/types\/product"}],"replies":[{"embeddable":true,"href":"https:\/\/e-adams.pl\/de\/wp-json\/wp\/v2\/comments?post=21221"}],"wp:featuredmedia":[{"embeddable":true,"href":"https:\/\/e-adams.pl\/de\/wp-json\/wp\/v2\/media\/22242"}],"wp:attachment":[{"href":"https:\/\/e-adams.pl\/de\/wp-json\/wp\/v2\/media?parent=21221"}],"wp:term":[{"taxonomy":"product_cat","embeddable":true,"href":"https:\/\/e-adams.pl\/de\/wp-json\/wp\/v2\/product_cat?post=21221"},{"taxonomy":"product_tag","embeddable":true,"href":"https:\/\/e-adams.pl\/de\/wp-json\/wp\/v2\/product_tag?post=21221"}],"curies":[{"name":"wp","href":"https:\/\/api.w.org\/{rel}","templated":true}]}}