{"id":21230,"date":"2023-09-12T12:14:25","date_gmt":"2023-09-12T10:14:25","guid":{"rendered":"https:\/\/e-adams.pl\/produkt\/rubi-wiertlo-drygres-35mm-m14\/"},"modified":"2024-02-15T11:49:34","modified_gmt":"2024-02-15T10:49:34","slug":"wiertlo-korona-rubi-drygres-35mm","status":"publish","type":"product","link":"https:\/\/e-adams.pl\/de\/produkt\/wiertlo-korona-rubi-drygres-35mm\/","title":{"rendered":"Wiert\u0142o korona RUBI DRYGRES 35mm"},"content":{"rendered":"<h3>OPIS:<\/h3>\n<p>W ostatnich latach, wiert\u0142a diamentowe takie jak RUBI DRYGRES sta\u0142y si\u0119 nieodzownym narz\u0119dziem praktycznie ka\u017cdego profesjonalnego glazurnika. Upowszechnienie na rynku wyj\u0105tkowo twardych materia\u0142\u00f3w, np. gresu porcelanowego, przyczyni\u0142o si\u0119 do zwr\u00f3cenia wi\u0119kszej uwagi na koronki i wiert\u0142a. R\u00f3\u017cnorodno\u015b\u0107 materia\u0142\u00f3w ceramicznych oraz oczekiwania dotycz\u0105ce wysokiej jako\u015bci wyko\u0144czenia powoduj\u0105, \u017ce wiert\u0142a i koronki diamentowe <a href=\"https:\/\/e-adams.pl\/oferta\/rubi\/\">RUBI<\/a> s\u0105 tak dobrze i pozytywnie przyjmowane przez p\u0142ytkarzy. RUBI posiada w ofercie kompletn\u0105 gam\u0119 wierte\u0142 do wiercenia na sucho i na mokro i ka\u017cdy rodzaj jest niezaprzeczalnie bardzo dobrym wyborem.<\/p>\n<p>&nbsp;<\/p>\n<h2>W\u0142a\u015bciwo\u015bci:<\/h2>\n<p>Diament w wiert\u0142ach Rubi DRYGRES nak\u0142adany jest technologi\u0105 lutowania pr\u00f3\u017cniowego, co zwi\u0119ksza ich odporno\u015b\u0107 na wysokie temperatury oraz tarcie.<\/p>\n<p>Wiert\u0142a 6-12 mm sprawdzaj\u0105 si\u0119 doskonale podczas monta\u017cu akcesori\u00f3w i element\u00f3w dekoracyjnych.. Pozosta\u0142e koronki DRYGRES 20-75 mm pozwalaj\u0105 na profesjonalne przygotowanie otwor\u00f3w pod instalacje wodne, odp\u0142ywy, puszki elektryczne, a dzi\u0119ki gwintowi M14, mog\u0105 by\u0107 u\u017cywane bezpo\u015brednio na szlifierce, lub dzi\u0119ki \u0142\u0105cznikowi na wiertarce bez udaru.<\/p>\n<p>\u015arednia trwa\u0142o\u015b\u0107 dla wierte\u0142 o \u015brednicy 6-12 mm to 25 otwor\u00f3w oraz 60 otwor\u00f3w dla wierte\u0142 o \u015brednicy 20-75 mm. Zale\u017cy ona od rodzaju materia\u0142u i jego grubo\u015bci, oraz w\u0142a\u015bciwego ch\u0142odzenia i u\u017cytkowania.<\/p>\n<p>Wiert\u0142a o rozmiarach 6-12 mm posiadaj\u0105 w \u015brodku wosk, kt\u00f3ry topi si\u0119 podczas wiercenia u\u0142atwiaj\u0105c ch\u0142odzenie i odprowadzanie cz\u0105stek wierconego materia\u0142u ( mo\u017cna dalej u\u017cytkowa\u0107 mimo wyczerpaniu wosku. Ich ca\u0142kowite zu\u017cycie oznajmia tylko ca\u0142kowita utrata diament\u00f3w).<br \/>\nBoczny otw\u00f3r w koronkach DRYGRES 20-75 mm pozwala na lepsze ch\u0142odzenie narz\u0119dzia.<\/p>\n<p>Maksymalna szybko\u015b\u0107 robocza wiert\u0142a wynosi od 14000 obr\/min.<br \/>\nDla zapewnienia w\u0142a\u015bciwego wyko\u0144czenia otworu oraz trwa\u0142o\u015bci wiert\u0142a nie nale\u017cy przekracza\u0107 podanych wielko\u015bci obrotowych.<\/p>\n<h3>Dane techniczne:<\/h3>\n<ul>\n<li>Rodzaj uchwytu: M14<\/li>\n<li>Praca z udarem: nie<\/li>\n<li>Praca na mokro: nie<\/li>\n<li>\u015arednica \u00f8: 35 mm<\/li>\n<li>Rodzaj opakowania: pojedyncze<\/li>\n<li>Ilo\u015b\u0107 w opakowaniu: 1<\/li>\n<\/ul>\n<h2>Przeznaczenie:<\/h2>\n<ul>\n<li>Wiercenie otwor\u00f3w w: Gres \/ P\u0142ytki ceramiczne<\/li>\n<\/ul>\n","protected":false},"excerpt":{"rendered":"<p>Wiert\u0142o Korona RUBI drygres doskonale nadaje si\u0119 do wiercenia otwor\u00f3w w bardzo twardych p\u0142ytkach i praca na sucho, a zastosowane podczas produkcji technologie sprawiaj\u0105 ze wiert\u0142a diamentowe posiadaj\u0105 znacznie wyd\u0142u\u017caj\u0105 \u017cywotno\u015b\u0107.<\/p>\n","protected":false},"featured_media":21638,"comment_status":"open","ping_status":"closed","template":"","meta":{"_acf_changed":false,"inline_featured_image":false},"product_cat":[1910],"product_tag":[1903,1878,1887,1888],"class_list":{"0":"post-21230","1":"product","2":"type-product","3":"status-publish","4":"has-post-thumbnail","6":"product_cat-wiertla","7":"product_tag-drygres","8":"product_tag-rubi","9":"product_tag-wiercenie-na-sucho","10":"product_tag-wietlo","12":"first","13":"instock","14":"shipping-taxable","15":"purchasable","16":"product-type-simple"},"acf":[],"_links":{"self":[{"href":"https:\/\/e-adams.pl\/de\/wp-json\/wp\/v2\/product\/21230","targetHints":{"allow":["GET"]}}],"collection":[{"href":"https:\/\/e-adams.pl\/de\/wp-json\/wp\/v2\/product"}],"about":[{"href":"https:\/\/e-adams.pl\/de\/wp-json\/wp\/v2\/types\/product"}],"replies":[{"embeddable":true,"href":"https:\/\/e-adams.pl\/de\/wp-json\/wp\/v2\/comments?post=21230"}],"wp:featuredmedia":[{"embeddable":true,"href":"https:\/\/e-adams.pl\/de\/wp-json\/wp\/v2\/media\/21638"}],"wp:attachment":[{"href":"https:\/\/e-adams.pl\/de\/wp-json\/wp\/v2\/media?parent=21230"}],"wp:term":[{"taxonomy":"product_cat","embeddable":true,"href":"https:\/\/e-adams.pl\/de\/wp-json\/wp\/v2\/product_cat?post=21230"},{"taxonomy":"product_tag","embeddable":true,"href":"https:\/\/e-adams.pl\/de\/wp-json\/wp\/v2\/product_tag?post=21230"}],"curies":[{"name":"wp","href":"https:\/\/api.w.org\/{rel}","templated":true}]}}