{"id":21236,"date":"2023-09-12T12:14:30","date_gmt":"2023-09-12T10:14:30","guid":{"rendered":"https:\/\/e-adams.pl\/produkt\/rubi-wiertlo-drygres-4drill-14mm\/"},"modified":"2024-02-15T11:49:35","modified_gmt":"2024-02-15T10:49:35","slug":"wiertlo-rubi-drygres-4drill-14mm","status":"publish","type":"product","link":"https:\/\/e-adams.pl\/de\/produkt\/wiertlo-rubi-drygres-4drill-14mm\/","title":{"rendered":"Wiert\u0142o RUBI DRYGRES 4DRILL 14mm"},"content":{"rendered":"<h3>Opis:<\/h3>\n<p>Wiert\u0142o diamentowe do p\u0142ytek ceramicznych<a href=\"https:\/\/e-adams.pl\/oferta\/rubi\/\"> Rubi<\/a> serii DRYGRES 4DRILL<\/p>\n<p>We wszystkich wiert\u0142a\u00a0 4DRILL\u00a0 wyst\u0119puje wk\u0142ad woskowy. Wosk roztapia si\u0119 podczas pracy wiert\u0142em i wspomaga jego ch\u0142odzenie oraz u\u0142atwia usuwanie fragment\u00f3w wierconego materia\u0142u. Gdy wosk si\u0119 ca\u0142kowicie wytopi mo\u017cna nadal u\u017cywa\u0107 wiert\u0142a, a\u017c do ca\u0142kowitego braku diamentu.<\/p>\n<p>Przeznaczone\u00a0do wiercenia na sucho\u00a0wiertarko-wkr\u0119tark\u0105 lub wiertark\u0105\u00a0\u00a0NA SUCHO\u00a0bez udaru\u00a0do czystych okr\u0105g\u0142ych otwor\u00f3w w p\u0142ytkach ceramicznych, gresowych, porcelanowych, marmurze, granicie, kamieniu i szkle.<\/p>\n<p>Nasyp diamentowy jest nanoszony metod\u0105 napawania pr\u00f3\u017cniowego, kt\u00f3ra zwi\u0119ksza odporno\u015b\u0107 na temperatur\u0119 i tarcie wyd\u0142u\u017caj\u0105c \u017cywotno\u015b\u0107 wierte\u0142.<\/p>\n","protected":false},"excerpt":{"rendered":"<p>Wiert\u0142o diamentowe do p\u0142ytek ceramicznych Rubi DRYGRES 4DRILL\u00a0 przeznaczone do wiercenia na sucho wiertarko-wkr\u0119tark\u0105 lub wiertark\u0105\u00a0\u00a0NA SUCHO bez udaru do czystych okr\u0105g\u0142ych otwor\u00f3w w p\u0142ytkach ceramicznych, gresowych, porcelanowych, marmurze, granicie, kamieniu i szkle.<\/p>\n","protected":false},"featured_media":21971,"comment_status":"open","ping_status":"closed","template":"","meta":{"_acf_changed":false,"inline_featured_image":false},"product_cat":[1910],"product_tag":[1878,1904,1991],"class_list":{"0":"post-21236","1":"product","2":"type-product","3":"status-publish","4":"has-post-thumbnail","6":"product_cat-wiertla","7":"product_tag-rubi","8":"product_tag-rubi-drygres","9":"product_tag-wiertlo-diamentowe","11":"first","12":"instock","13":"shipping-taxable","14":"purchasable","15":"product-type-simple"},"acf":[],"_links":{"self":[{"href":"https:\/\/e-adams.pl\/de\/wp-json\/wp\/v2\/product\/21236","targetHints":{"allow":["GET"]}}],"collection":[{"href":"https:\/\/e-adams.pl\/de\/wp-json\/wp\/v2\/product"}],"about":[{"href":"https:\/\/e-adams.pl\/de\/wp-json\/wp\/v2\/types\/product"}],"replies":[{"embeddable":true,"href":"https:\/\/e-adams.pl\/de\/wp-json\/wp\/v2\/comments?post=21236"}],"wp:featuredmedia":[{"embeddable":true,"href":"https:\/\/e-adams.pl\/de\/wp-json\/wp\/v2\/media\/21971"}],"wp:attachment":[{"href":"https:\/\/e-adams.pl\/de\/wp-json\/wp\/v2\/media?parent=21236"}],"wp:term":[{"taxonomy":"product_cat","embeddable":true,"href":"https:\/\/e-adams.pl\/de\/wp-json\/wp\/v2\/product_cat?post=21236"},{"taxonomy":"product_tag","embeddable":true,"href":"https:\/\/e-adams.pl\/de\/wp-json\/wp\/v2\/product_tag?post=21236"}],"curies":[{"name":"wp","href":"https:\/\/api.w.org\/{rel}","templated":true}]}}